{"id":70739,"date":"2016-02-24T09:57:52","date_gmt":"2016-02-24T08:57:52","guid":{"rendered":"https:\/\/www.clients.horus-informatique71.fr\/advocnar_backup\/?page_id=70739"},"modified":"2016-05-20T10:59:01","modified_gmt":"2016-05-20T09:59:01","slug":"revendications","status":"publish","type":"page","link":"https:\/\/www.clients.horus-informatique71.fr\/advocnar_backup\/association-advocnar\/revendications\/","title":{"rendered":"Revendications"},"content":{"rendered":"<p>&nbsp;<\/p>\n<p>L&rsquo;objectif de l&rsquo;ADVOCNAR est la r\u00e9duction significative des nuisances a\u00e9riennes pour les populations survol\u00e9es par le trafic de Roissy CDG et du Bourget.<\/p>\n<p>Cet objectif de r\u00e9duction des nuisances se d\u00e9cline en 4 revendications pour lesquelles il existe des solutions<\/p>\n<ul>\n<li>Suppression des vols de nuit \u00e0 Roissy CDG et au Bourget et instauration d&rsquo;un couvre-feu de huit heures cons\u00e9cutives. C\u2019est un droit pour chaque citoyen de disposer d\u2019une p\u00e9riode calme de repos.<\/li>\n<li>Plafonnement strict des mouvements de l\u2019a\u00e9roport CDG et du Bourget, et plus g\u00e9n\u00e9ralement du trafic en Ile de France, \u00e0 un niveau permettant de r\u00e9duire significativement les nuisances. Ce plafonnement existe d\u00e9j\u00e0 \u00e0 Orly.<\/li>\n<li>MIse en place rapide de proc\u00e9dures d\u2019approche de moindre nuisance : rel\u00e8vement de l&rsquo;altitude de survol et application de la descente continue.<\/li>\n<li>Renforcement des pouvoirs de l\u2019ACNUSA, m\u00e9diateur unique entre op\u00e9rateurs publics et priv\u00e9s et repr\u00e9sentants des populations concern\u00e9es. Cet organisme devra prendre en compte tous les aspects du probl\u00e8me des nuisances a\u00e9riennes bruit, pollution atmosph\u00e9rique, respect des r\u00e8gles de navigation, d\u2019urbanisme. Enfin il devra avoir des pouvoirs \u00e9tendus de contr\u00f4le et de sanctions.<\/li>\n<\/ul>\n<p><strong>Rejoignez l&rsquo;ADVOCNAR dans l&rsquo;action, adh\u00e9rez.<\/strong><\/p>\n","protected":false},"excerpt":{"rendered":"<p>&nbsp; L&rsquo;objectif de l&rsquo;ADVOCNAR est la r\u00e9duction significative des nuisances a\u00e9riennes pour les populations survol\u00e9es par le trafic de Roissy CDG et du Bourget. Cet objectif de r\u00e9duction des nuisances se d\u00e9cline en 4 revendications pour lesquelles il existe des solutions Suppression des vols de nuit \u00e0 Roissy CDG et au Bourget et instauration d&rsquo;un [&hellip;]<\/p>\n","protected":false},"author":18,"featured_media":0,"parent":70737,"menu_order":0,"comment_status":"closed","ping_status":"closed","template":"","meta":{"footnotes":""},"yoast_head":"<!-- This site is optimized with the Yoast SEO plugin v22.0 - https:\/\/yoast.com\/wordpress\/plugins\/seo\/ -->\n<title>Revendications - Advocnar<\/title>\n<meta name=\"robots\" content=\"index, follow, max-snippet:-1, max-image-preview:large, max-video-preview:-1\" \/>\n<link rel=\"canonical\" href=\"https:\/\/www.clients.horus-informatique71.fr\/advocnar_backup\/association-advocnar\/revendications\/\" \/>\n<meta property=\"og:locale\" content=\"fr_FR\" \/>\n<meta property=\"og:type\" content=\"article\" \/>\n<meta property=\"og:title\" content=\"Revendications - Advocnar\" \/>\n<meta property=\"og:description\" content=\"&nbsp; L&rsquo;objectif de l&rsquo;ADVOCNAR est la r\u00e9duction significative des nuisances a\u00e9riennes pour les populations survol\u00e9es par le trafic de Roissy CDG et du Bourget. Cet objectif de r\u00e9duction des nuisances se d\u00e9cline en 4 revendications pour lesquelles il existe des solutions Suppression des vols de nuit \u00e0 Roissy CDG et au Bourget et instauration d&rsquo;un [&hellip;]\" \/>\n<meta property=\"og:url\" content=\"https:\/\/www.clients.horus-informatique71.fr\/advocnar_backup\/association-advocnar\/revendications\/\" \/>\n<meta property=\"og:site_name\" content=\"Advocnar\" \/>\n<meta property=\"article:modified_time\" content=\"2016-05-20T09:59:01+00:00\" \/>\n<meta name=\"twitter:card\" content=\"summary_large_image\" \/>\n<meta name=\"twitter:label1\" content=\"Dur\u00e9e de lecture estim\u00e9e\" \/>\n\t<meta name=\"twitter:data1\" content=\"1 minute\" \/>\n<script type=\"application\/ld+json\" class=\"yoast-schema-graph\">{\"@context\":\"https:\/\/schema.org\",\"@graph\":[{\"@type\":\"WebPage\",\"@id\":\"https:\/\/www.clients.horus-informatique71.fr\/advocnar_backup\/association-advocnar\/revendications\/\",\"url\":\"https:\/\/www.clients.horus-informatique71.fr\/advocnar_backup\/association-advocnar\/revendications\/\",\"name\":\"Revendications - Advocnar\",\"isPartOf\":{\"@id\":\"https:\/\/www.clients.horus-informatique71.fr\/advocnar_backup\/#website\"},\"datePublished\":\"2016-02-24T08:57:52+00:00\",\"dateModified\":\"2016-05-20T09:59:01+00:00\",\"breadcrumb\":{\"@id\":\"https:\/\/www.clients.horus-informatique71.fr\/advocnar_backup\/association-advocnar\/revendications\/#breadcrumb\"},\"inLanguage\":\"fr-FR\",\"potentialAction\":[{\"@type\":\"ReadAction\",\"target\":[\"https:\/\/www.clients.horus-informatique71.fr\/advocnar_backup\/association-advocnar\/revendications\/\"]}]},{\"@type\":\"BreadcrumbList\",\"@id\":\"https:\/\/www.clients.horus-informatique71.fr\/advocnar_backup\/association-advocnar\/revendications\/#breadcrumb\",\"itemListElement\":[{\"@type\":\"ListItem\",\"position\":1,\"name\":\"Accueil\",\"item\":\"https:\/\/www.clients.horus-informatique71.fr\/advocnar_backup\/\"},{\"@type\":\"ListItem\",\"position\":2,\"name\":\"L&rsquo;association\",\"item\":\"https:\/\/www.clients.horus-informatique71.fr\/advocnar_backup\/association-advocnar\/\"},{\"@type\":\"ListItem\",\"position\":3,\"name\":\"Revendications\"}]},{\"@type\":\"WebSite\",\"@id\":\"https:\/\/www.clients.horus-informatique71.fr\/advocnar_backup\/#website\",\"url\":\"https:\/\/www.clients.horus-informatique71.fr\/advocnar_backup\/\",\"name\":\"Advocnar\",\"description\":\"Association de D\u00e9fense Contre les Nuisances A\u00e9riennes\",\"potentialAction\":[{\"@type\":\"SearchAction\",\"target\":{\"@type\":\"EntryPoint\",\"urlTemplate\":\"https:\/\/www.clients.horus-informatique71.fr\/advocnar_backup\/?s={search_term_string}\"},\"query-input\":\"required name=search_term_string\"}],\"inLanguage\":\"fr-FR\"}]}<\/script>\n<!-- \/ Yoast SEO plugin. -->","yoast_head_json":{"title":"Revendications - Advocnar","robots":{"index":"index","follow":"follow","max-snippet":"max-snippet:-1","max-image-preview":"max-image-preview:large","max-video-preview":"max-video-preview:-1"},"canonical":"https:\/\/www.clients.horus-informatique71.fr\/advocnar_backup\/association-advocnar\/revendications\/","og_locale":"fr_FR","og_type":"article","og_title":"Revendications - Advocnar","og_description":"&nbsp; L&rsquo;objectif de l&rsquo;ADVOCNAR est la r\u00e9duction significative des nuisances a\u00e9riennes pour les populations survol\u00e9es par le trafic de Roissy CDG et du Bourget. Cet objectif de r\u00e9duction des nuisances se d\u00e9cline en 4 revendications pour lesquelles il existe des solutions Suppression des vols de nuit \u00e0 Roissy CDG et au Bourget et instauration d&rsquo;un [&hellip;]","og_url":"https:\/\/www.clients.horus-informatique71.fr\/advocnar_backup\/association-advocnar\/revendications\/","og_site_name":"Advocnar","article_modified_time":"2016-05-20T09:59:01+00:00","twitter_card":"summary_large_image","twitter_misc":{"Dur\u00e9e de lecture estim\u00e9e":"1 minute"},"schema":{"@context":"https:\/\/schema.org","@graph":[{"@type":"WebPage","@id":"https:\/\/www.clients.horus-informatique71.fr\/advocnar_backup\/association-advocnar\/revendications\/","url":"https:\/\/www.clients.horus-informatique71.fr\/advocnar_backup\/association-advocnar\/revendications\/","name":"Revendications - Advocnar","isPartOf":{"@id":"https:\/\/www.clients.horus-informatique71.fr\/advocnar_backup\/#website"},"datePublished":"2016-02-24T08:57:52+00:00","dateModified":"2016-05-20T09:59:01+00:00","breadcrumb":{"@id":"https:\/\/www.clients.horus-informatique71.fr\/advocnar_backup\/association-advocnar\/revendications\/#breadcrumb"},"inLanguage":"fr-FR","potentialAction":[{"@type":"ReadAction","target":["https:\/\/www.clients.horus-informatique71.fr\/advocnar_backup\/association-advocnar\/revendications\/"]}]},{"@type":"BreadcrumbList","@id":"https:\/\/www.clients.horus-informatique71.fr\/advocnar_backup\/association-advocnar\/revendications\/#breadcrumb","itemListElement":[{"@type":"ListItem","position":1,"name":"Accueil","item":"https:\/\/www.clients.horus-informatique71.fr\/advocnar_backup\/"},{"@type":"ListItem","position":2,"name":"L&rsquo;association","item":"https:\/\/www.clients.horus-informatique71.fr\/advocnar_backup\/association-advocnar\/"},{"@type":"ListItem","position":3,"name":"Revendications"}]},{"@type":"WebSite","@id":"https:\/\/www.clients.horus-informatique71.fr\/advocnar_backup\/#website","url":"https:\/\/www.clients.horus-informatique71.fr\/advocnar_backup\/","name":"Advocnar","description":"Association de D\u00e9fense Contre les Nuisances A\u00e9riennes","potentialAction":[{"@type":"SearchAction","target":{"@type":"EntryPoint","urlTemplate":"https:\/\/www.clients.horus-informatique71.fr\/advocnar_backup\/?s={search_term_string}"},"query-input":"required name=search_term_string"}],"inLanguage":"fr-FR"}]}},"_links":{"self":[{"href":"https:\/\/www.clients.horus-informatique71.fr\/advocnar_backup\/wp-json\/wp\/v2\/pages\/70739"}],"collection":[{"href":"https:\/\/www.clients.horus-informatique71.fr\/advocnar_backup\/wp-json\/wp\/v2\/pages"}],"about":[{"href":"https:\/\/www.clients.horus-informatique71.fr\/advocnar_backup\/wp-json\/wp\/v2\/types\/page"}],"author":[{"embeddable":true,"href":"https:\/\/www.clients.horus-informatique71.fr\/advocnar_backup\/wp-json\/wp\/v2\/users\/18"}],"replies":[{"embeddable":true,"href":"https:\/\/www.clients.horus-informatique71.fr\/advocnar_backup\/wp-json\/wp\/v2\/comments?post=70739"}],"version-history":[{"count":3,"href":"https:\/\/www.clients.horus-informatique71.fr\/advocnar_backup\/wp-json\/wp\/v2\/pages\/70739\/revisions"}],"predecessor-version":[{"id":70923,"href":"https:\/\/www.clients.horus-informatique71.fr\/advocnar_backup\/wp-json\/wp\/v2\/pages\/70739\/revisions\/70923"}],"up":[{"embeddable":true,"href":"https:\/\/www.clients.horus-informatique71.fr\/advocnar_backup\/wp-json\/wp\/v2\/pages\/70737"}],"wp:attachment":[{"href":"https:\/\/www.clients.horus-informatique71.fr\/advocnar_backup\/wp-json\/wp\/v2\/media?parent=70739"}],"curies":[{"name":"wp","href":"https:\/\/api.w.org\/{rel}","templated":true}]}}