{"id":70741,"date":"2016-02-24T09:58:20","date_gmt":"2016-02-24T08:58:20","guid":{"rendered":"https:\/\/www.clients.horus-informatique71.fr\/advocnar_backup\/?page_id=70741"},"modified":"2016-05-20T11:06:25","modified_gmt":"2016-05-20T10:06:25","slug":"associations-partenaires","status":"publish","type":"page","link":"https:\/\/www.clients.horus-informatique71.fr\/advocnar_backup\/association-advocnar\/associations-partenaires\/","title":{"rendered":"Associations partenaires"},"content":{"rendered":"<h3>Pour la d\u00e9fense des riverains :<\/h3>\n<p>\u2022<a href=\"http:\/\/adera-association.com\/\">ADERA<\/a> (60 Beauvais)<br \/>\n\u2022<a href=\"http:\/\/acnab.org\/\">ACNAB <\/a>(78 Bonnelle)<br \/>\n\u2022A.D.C.A.H. (91 St Cheron)<br \/>\n\u2022<a href=\"http:\/\/www.adev77.org\/\">ADEV<\/a> (77 Dammartin en Go\u00eble)<br \/>\n\u2022<a href=\"http:\/\/arec95.free.fr\/\">AREC<\/a> (95 Montsoult)<br \/>\n\u2022<a href=\"http:\/\/www.cirena.net\/\">CIRENA<\/a> (78 Conflans ste Honorine)<br \/>\n\u2022<a href=\"http:\/\/dirap.org\/\">DIRAP<\/a> (95 Ableiges)<br \/>\n\u2022<a href=\"http:\/\/www.forumcna.fr\/\">FORUM CNA-UASF<\/a><br \/>\n\u2022<a href=\"http:\/\/www.ufcna.eu\/spip\/\">UFCNA<\/a> (95 Saint-Prix)<br \/>\n\u2022<a href=\"http:\/\/www.uecna.eu\/\">UECNA<\/a><\/p>\n<h3>Pour la d\u00e9fense de l\u2019environnement :<\/h3>\n<p>\u2022D\u00e9partement 95 : SOS Soisy Environnement &#8211; <a href=\"http:\/\/www.sosmontmorency.org\/\">SOS Vall\u00e9e de Montmorency<\/a> &#8211; Sauvegarde de Montmorency et de ses abords &#8211; AVV Amis Vieux Village de Saint Prix &#8211; Massabielle \u00e0 Saint Prix &#8211; ASQA \u00e0 Eaubonne &#8211; Association Syndicale d\u2019Ermont les Rondeaux<br \/>\n\u2022D\u00e9partement 75 : IDFE (Ile-de-France Environnement)<br \/>\n\u2022D\u00e9partement 77 : Vivre \u00e0 Thieux<br \/>\n\u2022D\u00e9partement 78 : Qualit\u00e9 de vie de La Borde \u00e0 Montesson &#8211; Sauvegarde et mise en valeur du Parc de Maisons Lafitte<br \/>\n\u2022D\u00e9partement 92 : Adiran \u00e0 Nanterre &#8211; ADNA 92<br \/>\n\u2022D\u00e9partement 44 : Bien vivre \u00e0 Vigneux<br \/>\nPour la d\u00e9fense de la sant\u00e9 :<\/p>\n<p>\u2022CSNA : Collectif Sant\u00e9 Nuisances A\u00e9riennes<\/p>\n<h3>\nLa Convergence Associative :<\/h3>\n<p>ACNAB, ACRENA, ADAV, ADCAH, ADERA, ADEV, ADIRAN, ADNA92, ADSP, ADSVP, AERONAUTIQUE ET ENVIRONNEMENT, ALSE, AEVS, ALTERNATIVE CITOYENNE POUR BEAUCHAMP, ANA91, AVV, AREC, ASQA, ASSOCIATION POUR LA DEFENSE DE L\u2019ENVIRONNEMENT DE ST LEU LA FORET, ASSOCIATION SAUVEGARDE ET PROTECTION DU SITE NATUREL DE ST LEU, ASSOCIATION SYNDICALE CITE D\u2019ERMONT LES RONDEAUX, AVNA, ASSOCIATION BIEN VIVRE \u00c0 SAINT-LEU, BIEN VIVRE A VIGNEUX, BIEN VIVRE AU THILLAY, CABED78, CIRENA, COMITE DE DEFENSE ET DE L\u2019ENVIRONNEMENT DE CHAMPLAIN, CSNA, DIRAP, ECOLOGIE SANS FRONTIERE, ECOUEN ENVIRONNEMENT, ELAN SAVIGNY ENVIRONNEMENT, ENVIRONNEMENT92, ENVIRONNEMENT93, ESSONNE NATURE ENVIRONNEMENT, EVA, FCPE, FORUM CNA UASF, GDDIHC, GAM-MCY, ILE DE FRANCE ENVIRONNEMENT, LES AMIS DE LA FORET D\u2019ECOUEN, LES AMIS DE LA TERRE, LES ARCHERS DE SAINT-PRIX, MASSABIELLE, MEAUX ENVIRONNEMENT, MNLE 77, MNLE 93, NARN, NATURE ENVIRONNEMENT 77, NATURELLEMENT NANTERRE, OXYGENE DE LA CITE RETROUVE SOISY SOUS MONTMORENCY, OYE 349, PARUS\u2019S, QUALITE DE VIE DE LA BORDE, ROSO, RUEIL D\u2019ABORD, RUEIL FUTUR, SAUVEGARDE DE MONTMORENCY ET DE SES ABORDS, SAUVEGARDE ET MISE EN VALEUR DU PARC DE MAISONS-LAFITTE, SOS SOISY ENVIRONNEMENT, SOS VALLEE DE MONTMORENCY, TRANSPARENCE, UFCNA, VAL D\u2019OISE ENVIRONNEMENT, VILLE ET AEROPORT, VILLEPINTE ET ENVIRONNEMENT, VIVRE A THIEUX.<\/p>\n<p>&nbsp;<\/p>\n","protected":false},"excerpt":{"rendered":"<p>Pour la d\u00e9fense des riverains : \u2022ADERA (60 Beauvais) \u2022ACNAB (78 Bonnelle) \u2022A.D.C.A.H. (91 St Cheron) \u2022ADEV (77 Dammartin en Go\u00eble) \u2022AREC (95 Montsoult) \u2022CIRENA (78 Conflans ste Honorine) \u2022DIRAP (95 Ableiges) \u2022FORUM CNA-UASF \u2022UFCNA (95 Saint-Prix) \u2022UECNA Pour la d\u00e9fense de l\u2019environnement : \u2022D\u00e9partement 95 : SOS Soisy Environnement &#8211; SOS Vall\u00e9e de Montmorency [&hellip;]<\/p>\n","protected":false},"author":18,"featured_media":0,"parent":70737,"menu_order":0,"comment_status":"closed","ping_status":"closed","template":"","meta":{"footnotes":""},"yoast_head":"<!-- This site is optimized with the Yoast SEO plugin v22.0 - https:\/\/yoast.com\/wordpress\/plugins\/seo\/ -->\n<title>Associations partenaires - Advocnar<\/title>\n<meta name=\"robots\" content=\"index, follow, max-snippet:-1, max-image-preview:large, max-video-preview:-1\" \/>\n<link rel=\"canonical\" href=\"https:\/\/www.clients.horus-informatique71.fr\/advocnar_backup\/association-advocnar\/associations-partenaires\/\" \/>\n<meta property=\"og:locale\" content=\"fr_FR\" \/>\n<meta property=\"og:type\" content=\"article\" \/>\n<meta property=\"og:title\" content=\"Associations partenaires - Advocnar\" \/>\n<meta property=\"og:description\" content=\"Pour la d\u00e9fense des riverains : \u2022ADERA (60 Beauvais) \u2022ACNAB (78 Bonnelle) \u2022A.D.C.A.H. (91 St Cheron) \u2022ADEV (77 Dammartin en Go\u00eble) \u2022AREC (95 Montsoult) \u2022CIRENA (78 Conflans ste Honorine) \u2022DIRAP (95 Ableiges) \u2022FORUM CNA-UASF \u2022UFCNA (95 Saint-Prix) \u2022UECNA Pour la d\u00e9fense de l\u2019environnement : \u2022D\u00e9partement 95 : SOS Soisy Environnement &#8211; SOS Vall\u00e9e de Montmorency [&hellip;]\" \/>\n<meta property=\"og:url\" content=\"https:\/\/www.clients.horus-informatique71.fr\/advocnar_backup\/association-advocnar\/associations-partenaires\/\" \/>\n<meta property=\"og:site_name\" content=\"Advocnar\" \/>\n<meta property=\"article:modified_time\" content=\"2016-05-20T10:06:25+00:00\" \/>\n<meta name=\"twitter:card\" content=\"summary_large_image\" \/>\n<meta name=\"twitter:label1\" content=\"Dur\u00e9e de lecture estim\u00e9e\" \/>\n\t<meta name=\"twitter:data1\" content=\"2 minutes\" \/>\n<script type=\"application\/ld+json\" class=\"yoast-schema-graph\">{\"@context\":\"https:\/\/schema.org\",\"@graph\":[{\"@type\":\"WebPage\",\"@id\":\"https:\/\/www.clients.horus-informatique71.fr\/advocnar_backup\/association-advocnar\/associations-partenaires\/\",\"url\":\"https:\/\/www.clients.horus-informatique71.fr\/advocnar_backup\/association-advocnar\/associations-partenaires\/\",\"name\":\"Associations partenaires - Advocnar\",\"isPartOf\":{\"@id\":\"https:\/\/www.clients.horus-informatique71.fr\/advocnar_backup\/#website\"},\"datePublished\":\"2016-02-24T08:58:20+00:00\",\"dateModified\":\"2016-05-20T10:06:25+00:00\",\"breadcrumb\":{\"@id\":\"https:\/\/www.clients.horus-informatique71.fr\/advocnar_backup\/association-advocnar\/associations-partenaires\/#breadcrumb\"},\"inLanguage\":\"fr-FR\",\"potentialAction\":[{\"@type\":\"ReadAction\",\"target\":[\"https:\/\/www.clients.horus-informatique71.fr\/advocnar_backup\/association-advocnar\/associations-partenaires\/\"]}]},{\"@type\":\"BreadcrumbList\",\"@id\":\"https:\/\/www.clients.horus-informatique71.fr\/advocnar_backup\/association-advocnar\/associations-partenaires\/#breadcrumb\",\"itemListElement\":[{\"@type\":\"ListItem\",\"position\":1,\"name\":\"Accueil\",\"item\":\"https:\/\/www.clients.horus-informatique71.fr\/advocnar_backup\/\"},{\"@type\":\"ListItem\",\"position\":2,\"name\":\"L&rsquo;association\",\"item\":\"https:\/\/www.clients.horus-informatique71.fr\/advocnar_backup\/association-advocnar\/\"},{\"@type\":\"ListItem\",\"position\":3,\"name\":\"Associations partenaires\"}]},{\"@type\":\"WebSite\",\"@id\":\"https:\/\/www.clients.horus-informatique71.fr\/advocnar_backup\/#website\",\"url\":\"https:\/\/www.clients.horus-informatique71.fr\/advocnar_backup\/\",\"name\":\"Advocnar\",\"description\":\"Association de D\u00e9fense Contre les Nuisances A\u00e9riennes\",\"potentialAction\":[{\"@type\":\"SearchAction\",\"target\":{\"@type\":\"EntryPoint\",\"urlTemplate\":\"https:\/\/www.clients.horus-informatique71.fr\/advocnar_backup\/?s={search_term_string}\"},\"query-input\":\"required name=search_term_string\"}],\"inLanguage\":\"fr-FR\"}]}<\/script>\n<!-- \/ Yoast SEO plugin. -->","yoast_head_json":{"title":"Associations partenaires - Advocnar","robots":{"index":"index","follow":"follow","max-snippet":"max-snippet:-1","max-image-preview":"max-image-preview:large","max-video-preview":"max-video-preview:-1"},"canonical":"https:\/\/www.clients.horus-informatique71.fr\/advocnar_backup\/association-advocnar\/associations-partenaires\/","og_locale":"fr_FR","og_type":"article","og_title":"Associations partenaires - Advocnar","og_description":"Pour la d\u00e9fense des riverains : \u2022ADERA (60 Beauvais) \u2022ACNAB (78 Bonnelle) \u2022A.D.C.A.H. (91 St Cheron) \u2022ADEV (77 Dammartin en Go\u00eble) \u2022AREC (95 Montsoult) \u2022CIRENA (78 Conflans ste Honorine) \u2022DIRAP (95 Ableiges) \u2022FORUM CNA-UASF \u2022UFCNA (95 Saint-Prix) \u2022UECNA Pour la d\u00e9fense de l\u2019environnement : \u2022D\u00e9partement 95 : SOS Soisy Environnement &#8211; SOS Vall\u00e9e de Montmorency [&hellip;]","og_url":"https:\/\/www.clients.horus-informatique71.fr\/advocnar_backup\/association-advocnar\/associations-partenaires\/","og_site_name":"Advocnar","article_modified_time":"2016-05-20T10:06:25+00:00","twitter_card":"summary_large_image","twitter_misc":{"Dur\u00e9e de lecture estim\u00e9e":"2 minutes"},"schema":{"@context":"https:\/\/schema.org","@graph":[{"@type":"WebPage","@id":"https:\/\/www.clients.horus-informatique71.fr\/advocnar_backup\/association-advocnar\/associations-partenaires\/","url":"https:\/\/www.clients.horus-informatique71.fr\/advocnar_backup\/association-advocnar\/associations-partenaires\/","name":"Associations partenaires - Advocnar","isPartOf":{"@id":"https:\/\/www.clients.horus-informatique71.fr\/advocnar_backup\/#website"},"datePublished":"2016-02-24T08:58:20+00:00","dateModified":"2016-05-20T10:06:25+00:00","breadcrumb":{"@id":"https:\/\/www.clients.horus-informatique71.fr\/advocnar_backup\/association-advocnar\/associations-partenaires\/#breadcrumb"},"inLanguage":"fr-FR","potentialAction":[{"@type":"ReadAction","target":["https:\/\/www.clients.horus-informatique71.fr\/advocnar_backup\/association-advocnar\/associations-partenaires\/"]}]},{"@type":"BreadcrumbList","@id":"https:\/\/www.clients.horus-informatique71.fr\/advocnar_backup\/association-advocnar\/associations-partenaires\/#breadcrumb","itemListElement":[{"@type":"ListItem","position":1,"name":"Accueil","item":"https:\/\/www.clients.horus-informatique71.fr\/advocnar_backup\/"},{"@type":"ListItem","position":2,"name":"L&rsquo;association","item":"https:\/\/www.clients.horus-informatique71.fr\/advocnar_backup\/association-advocnar\/"},{"@type":"ListItem","position":3,"name":"Associations partenaires"}]},{"@type":"WebSite","@id":"https:\/\/www.clients.horus-informatique71.fr\/advocnar_backup\/#website","url":"https:\/\/www.clients.horus-informatique71.fr\/advocnar_backup\/","name":"Advocnar","description":"Association de D\u00e9fense Contre les Nuisances A\u00e9riennes","potentialAction":[{"@type":"SearchAction","target":{"@type":"EntryPoint","urlTemplate":"https:\/\/www.clients.horus-informatique71.fr\/advocnar_backup\/?s={search_term_string}"},"query-input":"required name=search_term_string"}],"inLanguage":"fr-FR"}]}},"_links":{"self":[{"href":"https:\/\/www.clients.horus-informatique71.fr\/advocnar_backup\/wp-json\/wp\/v2\/pages\/70741"}],"collection":[{"href":"https:\/\/www.clients.horus-informatique71.fr\/advocnar_backup\/wp-json\/wp\/v2\/pages"}],"about":[{"href":"https:\/\/www.clients.horus-informatique71.fr\/advocnar_backup\/wp-json\/wp\/v2\/types\/page"}],"author":[{"embeddable":true,"href":"https:\/\/www.clients.horus-informatique71.fr\/advocnar_backup\/wp-json\/wp\/v2\/users\/18"}],"replies":[{"embeddable":true,"href":"https:\/\/www.clients.horus-informatique71.fr\/advocnar_backup\/wp-json\/wp\/v2\/comments?post=70741"}],"version-history":[{"count":1,"href":"https:\/\/www.clients.horus-informatique71.fr\/advocnar_backup\/wp-json\/wp\/v2\/pages\/70741\/revisions"}],"predecessor-version":[{"id":70742,"href":"https:\/\/www.clients.horus-informatique71.fr\/advocnar_backup\/wp-json\/wp\/v2\/pages\/70741\/revisions\/70742"}],"up":[{"embeddable":true,"href":"https:\/\/www.clients.horus-informatique71.fr\/advocnar_backup\/wp-json\/wp\/v2\/pages\/70737"}],"wp:attachment":[{"href":"https:\/\/www.clients.horus-informatique71.fr\/advocnar_backup\/wp-json\/wp\/v2\/media?parent=70741"}],"curies":[{"name":"wp","href":"https:\/\/api.w.org\/{rel}","templated":true}]}}