{"id":70745,"date":"2016-02-24T09:59:02","date_gmt":"2016-02-24T08:59:02","guid":{"rendered":"https:\/\/www.clients.horus-informatique71.fr\/advocnar_backup\/?page_id=70745"},"modified":"2016-11-23T21:01:29","modified_gmt":"2016-11-23T20:01:29","slug":"actions","status":"publish","type":"page","link":"https:\/\/www.clients.horus-informatique71.fr\/advocnar_backup\/actions\/","title":{"rendered":"Actions"},"content":{"rendered":"<p>&nbsp;<\/p>\n<p>L&rsquo;ADVOCNAR agit, d&rsquo;une part, en informant ses adh\u00e9rents et les populations concern\u00e9es par les nuisances a\u00e9riennes et, d&rsquo;autre part, en faisant pression par tous les moyens disponibles sur les pouvoirs publics afin que la probl\u00e9matique des nuisances a\u00e9riennes soit prise en compte comme il se doit.<\/p>\n<p>L&rsquo;ADVOCNAR a organis\u00e9, par le pass\u00e9, de nombreuses manifestations avec les \u00e9lus. Malgr\u00e9 les milliers de personnes qui y ont particip\u00e9, la repr\u00e9sentation a \u00e9t\u00e9 insuffisante pour v\u00e9ritablement acc\u00e9l\u00e9rer le processus. L&rsquo;ADVOCNAR a donc d\u00e9cid\u00e9 d&rsquo;orienter ses efforts sur l&rsquo;action juridique et des actions m\u00e9diatiques ou \u00e9v\u00e9nementielles sans jamais cesser, bien s\u00fbr, de faire pression par tous les moyens pour r\u00e9duire les nuisances a\u00e9riennes.<\/p>\n<p>L&rsquo;ADVOCNAR participe a de nombreux groupes de pilotages, commissions auxquels il faut ajouter les contacts permanents avec les pouvoirs publics et les diff\u00e9rentes instances.<\/p>\n<p>Pour en savoir plus, vous pouvez consulter les dossiers juridiques, m\u00e9diatiques, actions de fond ainsi que les publications de l&rsquo;ADVOCNAR.<\/p>\n<p>&nbsp;<\/p>\n","protected":false},"excerpt":{"rendered":"<p>&nbsp; L&rsquo;ADVOCNAR agit, d&rsquo;une part, en informant ses adh\u00e9rents et les populations concern\u00e9es par les nuisances a\u00e9riennes et, d&rsquo;autre part, en faisant pression par tous les moyens disponibles sur les pouvoirs publics afin que la probl\u00e9matique des nuisances a\u00e9riennes soit prise en compte comme il se doit. L&rsquo;ADVOCNAR a organis\u00e9, par le pass\u00e9, de nombreuses [&hellip;]<\/p>\n","protected":false},"author":18,"featured_media":0,"parent":0,"menu_order":0,"comment_status":"closed","ping_status":"closed","template":"","meta":{"footnotes":""},"yoast_head":"<!-- This site is optimized with the Yoast SEO plugin v22.0 - https:\/\/yoast.com\/wordpress\/plugins\/seo\/ -->\n<title>Actions - Advocnar<\/title>\n<meta name=\"robots\" content=\"index, follow, max-snippet:-1, max-image-preview:large, max-video-preview:-1\" \/>\n<link rel=\"canonical\" href=\"https:\/\/www.clients.horus-informatique71.fr\/advocnar_backup\/actions\/\" \/>\n<meta property=\"og:locale\" content=\"fr_FR\" \/>\n<meta property=\"og:type\" content=\"article\" \/>\n<meta property=\"og:title\" content=\"Actions - Advocnar\" \/>\n<meta property=\"og:description\" content=\"&nbsp; L&rsquo;ADVOCNAR agit, d&rsquo;une part, en informant ses adh\u00e9rents et les populations concern\u00e9es par les nuisances a\u00e9riennes et, d&rsquo;autre part, en faisant pression par tous les moyens disponibles sur les pouvoirs publics afin que la probl\u00e9matique des nuisances a\u00e9riennes soit prise en compte comme il se doit. L&rsquo;ADVOCNAR a organis\u00e9, par le pass\u00e9, de nombreuses [&hellip;]\" \/>\n<meta property=\"og:url\" content=\"https:\/\/www.clients.horus-informatique71.fr\/advocnar_backup\/actions\/\" \/>\n<meta property=\"og:site_name\" content=\"Advocnar\" \/>\n<meta property=\"article:modified_time\" content=\"2016-11-23T20:01:29+00:00\" \/>\n<meta name=\"twitter:card\" content=\"summary_large_image\" \/>\n<meta name=\"twitter:label1\" content=\"Dur\u00e9e de lecture estim\u00e9e\" \/>\n\t<meta name=\"twitter:data1\" content=\"1 minute\" \/>\n<script type=\"application\/ld+json\" class=\"yoast-schema-graph\">{\"@context\":\"https:\/\/schema.org\",\"@graph\":[{\"@type\":\"WebPage\",\"@id\":\"https:\/\/www.clients.horus-informatique71.fr\/advocnar_backup\/actions\/\",\"url\":\"https:\/\/www.clients.horus-informatique71.fr\/advocnar_backup\/actions\/\",\"name\":\"Actions - Advocnar\",\"isPartOf\":{\"@id\":\"https:\/\/www.clients.horus-informatique71.fr\/advocnar_backup\/#website\"},\"datePublished\":\"2016-02-24T08:59:02+00:00\",\"dateModified\":\"2016-11-23T20:01:29+00:00\",\"breadcrumb\":{\"@id\":\"https:\/\/www.clients.horus-informatique71.fr\/advocnar_backup\/actions\/#breadcrumb\"},\"inLanguage\":\"fr-FR\",\"potentialAction\":[{\"@type\":\"ReadAction\",\"target\":[\"https:\/\/www.clients.horus-informatique71.fr\/advocnar_backup\/actions\/\"]}]},{\"@type\":\"BreadcrumbList\",\"@id\":\"https:\/\/www.clients.horus-informatique71.fr\/advocnar_backup\/actions\/#breadcrumb\",\"itemListElement\":[{\"@type\":\"ListItem\",\"position\":1,\"name\":\"Accueil\",\"item\":\"https:\/\/www.clients.horus-informatique71.fr\/advocnar_backup\/\"},{\"@type\":\"ListItem\",\"position\":2,\"name\":\"Actions\"}]},{\"@type\":\"WebSite\",\"@id\":\"https:\/\/www.clients.horus-informatique71.fr\/advocnar_backup\/#website\",\"url\":\"https:\/\/www.clients.horus-informatique71.fr\/advocnar_backup\/\",\"name\":\"Advocnar\",\"description\":\"Association de D\u00e9fense Contre les Nuisances A\u00e9riennes\",\"potentialAction\":[{\"@type\":\"SearchAction\",\"target\":{\"@type\":\"EntryPoint\",\"urlTemplate\":\"https:\/\/www.clients.horus-informatique71.fr\/advocnar_backup\/?s={search_term_string}\"},\"query-input\":\"required name=search_term_string\"}],\"inLanguage\":\"fr-FR\"}]}<\/script>\n<!-- \/ Yoast SEO plugin. -->","yoast_head_json":{"title":"Actions - Advocnar","robots":{"index":"index","follow":"follow","max-snippet":"max-snippet:-1","max-image-preview":"max-image-preview:large","max-video-preview":"max-video-preview:-1"},"canonical":"https:\/\/www.clients.horus-informatique71.fr\/advocnar_backup\/actions\/","og_locale":"fr_FR","og_type":"article","og_title":"Actions - Advocnar","og_description":"&nbsp; L&rsquo;ADVOCNAR agit, d&rsquo;une part, en informant ses adh\u00e9rents et les populations concern\u00e9es par les nuisances a\u00e9riennes et, d&rsquo;autre part, en faisant pression par tous les moyens disponibles sur les pouvoirs publics afin que la probl\u00e9matique des nuisances a\u00e9riennes soit prise en compte comme il se doit. L&rsquo;ADVOCNAR a organis\u00e9, par le pass\u00e9, de nombreuses [&hellip;]","og_url":"https:\/\/www.clients.horus-informatique71.fr\/advocnar_backup\/actions\/","og_site_name":"Advocnar","article_modified_time":"2016-11-23T20:01:29+00:00","twitter_card":"summary_large_image","twitter_misc":{"Dur\u00e9e de lecture estim\u00e9e":"1 minute"},"schema":{"@context":"https:\/\/schema.org","@graph":[{"@type":"WebPage","@id":"https:\/\/www.clients.horus-informatique71.fr\/advocnar_backup\/actions\/","url":"https:\/\/www.clients.horus-informatique71.fr\/advocnar_backup\/actions\/","name":"Actions - Advocnar","isPartOf":{"@id":"https:\/\/www.clients.horus-informatique71.fr\/advocnar_backup\/#website"},"datePublished":"2016-02-24T08:59:02+00:00","dateModified":"2016-11-23T20:01:29+00:00","breadcrumb":{"@id":"https:\/\/www.clients.horus-informatique71.fr\/advocnar_backup\/actions\/#breadcrumb"},"inLanguage":"fr-FR","potentialAction":[{"@type":"ReadAction","target":["https:\/\/www.clients.horus-informatique71.fr\/advocnar_backup\/actions\/"]}]},{"@type":"BreadcrumbList","@id":"https:\/\/www.clients.horus-informatique71.fr\/advocnar_backup\/actions\/#breadcrumb","itemListElement":[{"@type":"ListItem","position":1,"name":"Accueil","item":"https:\/\/www.clients.horus-informatique71.fr\/advocnar_backup\/"},{"@type":"ListItem","position":2,"name":"Actions"}]},{"@type":"WebSite","@id":"https:\/\/www.clients.horus-informatique71.fr\/advocnar_backup\/#website","url":"https:\/\/www.clients.horus-informatique71.fr\/advocnar_backup\/","name":"Advocnar","description":"Association de D\u00e9fense Contre les Nuisances A\u00e9riennes","potentialAction":[{"@type":"SearchAction","target":{"@type":"EntryPoint","urlTemplate":"https:\/\/www.clients.horus-informatique71.fr\/advocnar_backup\/?s={search_term_string}"},"query-input":"required name=search_term_string"}],"inLanguage":"fr-FR"}]}},"_links":{"self":[{"href":"https:\/\/www.clients.horus-informatique71.fr\/advocnar_backup\/wp-json\/wp\/v2\/pages\/70745"}],"collection":[{"href":"https:\/\/www.clients.horus-informatique71.fr\/advocnar_backup\/wp-json\/wp\/v2\/pages"}],"about":[{"href":"https:\/\/www.clients.horus-informatique71.fr\/advocnar_backup\/wp-json\/wp\/v2\/types\/page"}],"author":[{"embeddable":true,"href":"https:\/\/www.clients.horus-informatique71.fr\/advocnar_backup\/wp-json\/wp\/v2\/users\/18"}],"replies":[{"embeddable":true,"href":"https:\/\/www.clients.horus-informatique71.fr\/advocnar_backup\/wp-json\/wp\/v2\/comments?post=70745"}],"version-history":[{"count":3,"href":"https:\/\/www.clients.horus-informatique71.fr\/advocnar_backup\/wp-json\/wp\/v2\/pages\/70745\/revisions"}],"predecessor-version":[{"id":70897,"href":"https:\/\/www.clients.horus-informatique71.fr\/advocnar_backup\/wp-json\/wp\/v2\/pages\/70745\/revisions\/70897"}],"wp:attachment":[{"href":"https:\/\/www.clients.horus-informatique71.fr\/advocnar_backup\/wp-json\/wp\/v2\/media?parent=70745"}],"curies":[{"name":"wp","href":"https:\/\/api.w.org\/{rel}","templated":true}]}}