{"id":70747,"date":"2016-02-24T09:59:24","date_gmt":"2016-02-24T08:59:24","guid":{"rendered":"https:\/\/www.clients.horus-informatique71.fr\/advocnar_backup\/?page_id=70747"},"modified":"2016-12-12T09:31:48","modified_gmt":"2016-12-12T08:31:48","slug":"actions-juridiques","status":"publish","type":"page","link":"https:\/\/www.clients.horus-informatique71.fr\/advocnar_backup\/actions\/actions-juridiques\/","title":{"rendered":"Actions juridiques"},"content":{"rendered":"<p>A ce jour, l\u2019Etat fran\u00e7ais n&rsquo;a pas rempli \u00a0son r\u00f4le de protection des riverains de l\u2019a\u00e9roport de Roissy. L\u2019inaction de l\u2019Etat porte directement atteinte \u00e0 trois libert\u00e9s fondamentales \u00e0 valeur constitutionnelle : le principe de pr\u00e9caution, le droit \u00e0 la sant\u00e9, le droit \u00e0 un environnement sain .<\/p>\n<p>C\u2019est pourquoi l\u2019ADVOCNAR, repr\u00e9sent\u00e9e par le cabinet d\u2019avocats Savin-Martinet sp\u00e9cialis\u00e9 en droit de l\u2019environnement, intente diff\u00e9rentes proc\u00e9dures juridiques contre l\u2019Etat fran\u00e7ais.<\/p>\n<h2>La demande de couvre-feu la nuit :<\/h2>\n<p>La strat\u00e9gie arr\u00eat\u00e9e en Assembl\u00e9e G\u00e9n\u00e9rale le 5 octobre 2005 se d\u00e9roule en trois temps\u00a0:<\/p>\n<p>le 13 d\u00e9cembre 2005, l\u2019ADVOCNAR adresse une demande gracieuse au Ministre des transports pour obtenir un couvre-feu la nuit,<br \/>\nle 11 septembre 2006, saisine du Conseil d\u2019Etat ,<br \/>\nle\u00a018 avril 2008, l\u2019ADVOCNAR saisit la Cour Europ\u00e9enne des Droits de l\u2019Homme et demande la condamnation de l\u2019Etat fran\u00e7ais pour violation de l\u2019article 8 de la Convention Europ\u00e9enne de sauvegarde des Droits de l\u2019Homme.<\/p>\n<p>En savoir plus<\/p>\n<h2>Le recours contre le PEB :<\/h2>\n<p>Suite \u00e0 l\u2019arr\u00eat\u00e9 inter pr\u00e9fectoral du 3 avril 2007 approuvant le projet de r\u00e9vision du PEB de Roissy, l\u2019ADVOCNAR et la Mairie de Gonesse saisissent ensemble le Conseil d\u2019Etat d\u2019une demande d\u2019annulation du PEB<\/p>\n<p>&nbsp;<\/p>\n<h2>Contre les vols de nuit, faites-vous entendre par Bruxelles :<\/h2>\n<p>Vous aussi, vous pouvez agir \u00e0 titre individuel : voici une action juridique et administrative simple et sans frais . Celle-ci\u00a0est propos\u00e9e par le cabinet Savin-Martinet qui s\u2019occupe de nos actions juridiques .<br \/>\nL&rsquo;objectif est d&rsquo;appuyer par des d\u00e9marches individuelles nombreuses la demande de couvre-feu la nuit sur l\u2019a\u00e9roport de Roissy Charles de Gaulle d\u00e9pos\u00e9e \u00e0 la Cour Europ\u00e9enne des Droits de l\u2019Homme par l\u2019Association .<\/p>\n<p>&nbsp;<\/p>\n<p>&nbsp;<\/p>\n","protected":false},"excerpt":{"rendered":"<p>A ce jour, l\u2019Etat fran\u00e7ais n&rsquo;a pas rempli \u00a0son r\u00f4le de protection des riverains de l\u2019a\u00e9roport de Roissy. L\u2019inaction de l\u2019Etat porte directement atteinte \u00e0 trois libert\u00e9s fondamentales \u00e0 valeur constitutionnelle : le principe de pr\u00e9caution, le droit \u00e0 la sant\u00e9, le droit \u00e0 un environnement sain . C\u2019est pourquoi l\u2019ADVOCNAR, repr\u00e9sent\u00e9e par le cabinet [&hellip;]<\/p>\n","protected":false},"author":18,"featured_media":0,"parent":70745,"menu_order":0,"comment_status":"closed","ping_status":"closed","template":"","meta":{"footnotes":""},"yoast_head":"<!-- This site is optimized with the Yoast SEO plugin v22.0 - https:\/\/yoast.com\/wordpress\/plugins\/seo\/ -->\n<title>Actions juridiques - Advocnar<\/title>\n<meta name=\"robots\" content=\"index, follow, max-snippet:-1, max-image-preview:large, max-video-preview:-1\" \/>\n<link rel=\"canonical\" href=\"https:\/\/www.clients.horus-informatique71.fr\/advocnar_backup\/actions\/actions-juridiques\/\" \/>\n<meta property=\"og:locale\" content=\"fr_FR\" \/>\n<meta property=\"og:type\" content=\"article\" \/>\n<meta property=\"og:title\" content=\"Actions juridiques - Advocnar\" \/>\n<meta property=\"og:description\" content=\"A ce jour, l\u2019Etat fran\u00e7ais n&rsquo;a pas rempli \u00a0son r\u00f4le de protection des riverains de l\u2019a\u00e9roport de Roissy. L\u2019inaction de l\u2019Etat porte directement atteinte \u00e0 trois libert\u00e9s fondamentales \u00e0 valeur constitutionnelle : le principe de pr\u00e9caution, le droit \u00e0 la sant\u00e9, le droit \u00e0 un environnement sain . C\u2019est pourquoi l\u2019ADVOCNAR, repr\u00e9sent\u00e9e par le cabinet [&hellip;]\" \/>\n<meta property=\"og:url\" content=\"https:\/\/www.clients.horus-informatique71.fr\/advocnar_backup\/actions\/actions-juridiques\/\" \/>\n<meta property=\"og:site_name\" content=\"Advocnar\" \/>\n<meta property=\"article:modified_time\" content=\"2016-12-12T08:31:48+00:00\" \/>\n<meta name=\"twitter:card\" content=\"summary_large_image\" \/>\n<meta name=\"twitter:label1\" content=\"Dur\u00e9e de lecture estim\u00e9e\" \/>\n\t<meta name=\"twitter:data1\" content=\"2 minutes\" \/>\n<script type=\"application\/ld+json\" class=\"yoast-schema-graph\">{\"@context\":\"https:\/\/schema.org\",\"@graph\":[{\"@type\":\"WebPage\",\"@id\":\"https:\/\/www.clients.horus-informatique71.fr\/advocnar_backup\/actions\/actions-juridiques\/\",\"url\":\"https:\/\/www.clients.horus-informatique71.fr\/advocnar_backup\/actions\/actions-juridiques\/\",\"name\":\"Actions juridiques - Advocnar\",\"isPartOf\":{\"@id\":\"https:\/\/www.clients.horus-informatique71.fr\/advocnar_backup\/#website\"},\"datePublished\":\"2016-02-24T08:59:24+00:00\",\"dateModified\":\"2016-12-12T08:31:48+00:00\",\"breadcrumb\":{\"@id\":\"https:\/\/www.clients.horus-informatique71.fr\/advocnar_backup\/actions\/actions-juridiques\/#breadcrumb\"},\"inLanguage\":\"fr-FR\",\"potentialAction\":[{\"@type\":\"ReadAction\",\"target\":[\"https:\/\/www.clients.horus-informatique71.fr\/advocnar_backup\/actions\/actions-juridiques\/\"]}]},{\"@type\":\"BreadcrumbList\",\"@id\":\"https:\/\/www.clients.horus-informatique71.fr\/advocnar_backup\/actions\/actions-juridiques\/#breadcrumb\",\"itemListElement\":[{\"@type\":\"ListItem\",\"position\":1,\"name\":\"Accueil\",\"item\":\"https:\/\/www.clients.horus-informatique71.fr\/advocnar_backup\/\"},{\"@type\":\"ListItem\",\"position\":2,\"name\":\"Actions\",\"item\":\"https:\/\/www.clients.horus-informatique71.fr\/advocnar_backup\/actions\/\"},{\"@type\":\"ListItem\",\"position\":3,\"name\":\"Actions juridiques\"}]},{\"@type\":\"WebSite\",\"@id\":\"https:\/\/www.clients.horus-informatique71.fr\/advocnar_backup\/#website\",\"url\":\"https:\/\/www.clients.horus-informatique71.fr\/advocnar_backup\/\",\"name\":\"Advocnar\",\"description\":\"Association de D\u00e9fense Contre les Nuisances A\u00e9riennes\",\"potentialAction\":[{\"@type\":\"SearchAction\",\"target\":{\"@type\":\"EntryPoint\",\"urlTemplate\":\"https:\/\/www.clients.horus-informatique71.fr\/advocnar_backup\/?s={search_term_string}\"},\"query-input\":\"required name=search_term_string\"}],\"inLanguage\":\"fr-FR\"}]}<\/script>\n<!-- \/ Yoast SEO plugin. -->","yoast_head_json":{"title":"Actions juridiques - Advocnar","robots":{"index":"index","follow":"follow","max-snippet":"max-snippet:-1","max-image-preview":"max-image-preview:large","max-video-preview":"max-video-preview:-1"},"canonical":"https:\/\/www.clients.horus-informatique71.fr\/advocnar_backup\/actions\/actions-juridiques\/","og_locale":"fr_FR","og_type":"article","og_title":"Actions juridiques - Advocnar","og_description":"A ce jour, l\u2019Etat fran\u00e7ais n&rsquo;a pas rempli \u00a0son r\u00f4le de protection des riverains de l\u2019a\u00e9roport de Roissy. L\u2019inaction de l\u2019Etat porte directement atteinte \u00e0 trois libert\u00e9s fondamentales \u00e0 valeur constitutionnelle : le principe de pr\u00e9caution, le droit \u00e0 la sant\u00e9, le droit \u00e0 un environnement sain . C\u2019est pourquoi l\u2019ADVOCNAR, repr\u00e9sent\u00e9e par le cabinet [&hellip;]","og_url":"https:\/\/www.clients.horus-informatique71.fr\/advocnar_backup\/actions\/actions-juridiques\/","og_site_name":"Advocnar","article_modified_time":"2016-12-12T08:31:48+00:00","twitter_card":"summary_large_image","twitter_misc":{"Dur\u00e9e de lecture estim\u00e9e":"2 minutes"},"schema":{"@context":"https:\/\/schema.org","@graph":[{"@type":"WebPage","@id":"https:\/\/www.clients.horus-informatique71.fr\/advocnar_backup\/actions\/actions-juridiques\/","url":"https:\/\/www.clients.horus-informatique71.fr\/advocnar_backup\/actions\/actions-juridiques\/","name":"Actions juridiques - Advocnar","isPartOf":{"@id":"https:\/\/www.clients.horus-informatique71.fr\/advocnar_backup\/#website"},"datePublished":"2016-02-24T08:59:24+00:00","dateModified":"2016-12-12T08:31:48+00:00","breadcrumb":{"@id":"https:\/\/www.clients.horus-informatique71.fr\/advocnar_backup\/actions\/actions-juridiques\/#breadcrumb"},"inLanguage":"fr-FR","potentialAction":[{"@type":"ReadAction","target":["https:\/\/www.clients.horus-informatique71.fr\/advocnar_backup\/actions\/actions-juridiques\/"]}]},{"@type":"BreadcrumbList","@id":"https:\/\/www.clients.horus-informatique71.fr\/advocnar_backup\/actions\/actions-juridiques\/#breadcrumb","itemListElement":[{"@type":"ListItem","position":1,"name":"Accueil","item":"https:\/\/www.clients.horus-informatique71.fr\/advocnar_backup\/"},{"@type":"ListItem","position":2,"name":"Actions","item":"https:\/\/www.clients.horus-informatique71.fr\/advocnar_backup\/actions\/"},{"@type":"ListItem","position":3,"name":"Actions juridiques"}]},{"@type":"WebSite","@id":"https:\/\/www.clients.horus-informatique71.fr\/advocnar_backup\/#website","url":"https:\/\/www.clients.horus-informatique71.fr\/advocnar_backup\/","name":"Advocnar","description":"Association de D\u00e9fense Contre les Nuisances A\u00e9riennes","potentialAction":[{"@type":"SearchAction","target":{"@type":"EntryPoint","urlTemplate":"https:\/\/www.clients.horus-informatique71.fr\/advocnar_backup\/?s={search_term_string}"},"query-input":"required name=search_term_string"}],"inLanguage":"fr-FR"}]}},"_links":{"self":[{"href":"https:\/\/www.clients.horus-informatique71.fr\/advocnar_backup\/wp-json\/wp\/v2\/pages\/70747"}],"collection":[{"href":"https:\/\/www.clients.horus-informatique71.fr\/advocnar_backup\/wp-json\/wp\/v2\/pages"}],"about":[{"href":"https:\/\/www.clients.horus-informatique71.fr\/advocnar_backup\/wp-json\/wp\/v2\/types\/page"}],"author":[{"embeddable":true,"href":"https:\/\/www.clients.horus-informatique71.fr\/advocnar_backup\/wp-json\/wp\/v2\/users\/18"}],"replies":[{"embeddable":true,"href":"https:\/\/www.clients.horus-informatique71.fr\/advocnar_backup\/wp-json\/wp\/v2\/comments?post=70747"}],"version-history":[{"count":4,"href":"https:\/\/www.clients.horus-informatique71.fr\/advocnar_backup\/wp-json\/wp\/v2\/pages\/70747\/revisions"}],"predecessor-version":[{"id":73475,"href":"https:\/\/www.clients.horus-informatique71.fr\/advocnar_backup\/wp-json\/wp\/v2\/pages\/70747\/revisions\/73475"}],"up":[{"embeddable":true,"href":"https:\/\/www.clients.horus-informatique71.fr\/advocnar_backup\/wp-json\/wp\/v2\/pages\/70745"}],"wp:attachment":[{"href":"https:\/\/www.clients.horus-informatique71.fr\/advocnar_backup\/wp-json\/wp\/v2\/media?parent=70747"}],"curies":[{"name":"wp","href":"https:\/\/api.w.org\/{rel}","templated":true}]}}