{"id":70751,"date":"2016-02-24T10:01:35","date_gmt":"2016-02-24T09:01:35","guid":{"rendered":"https:\/\/www.clients.horus-informatique71.fr\/advocnar_backup\/?page_id=70751"},"modified":"2016-06-06T15:27:56","modified_gmt":"2016-06-06T14:27:56","slug":"relevement-ils","status":"publish","type":"page","link":"https:\/\/www.clients.horus-informatique71.fr\/advocnar_backup\/actions\/relevement-ils\/","title":{"rendered":"Rel\u00e8vement ILS"},"content":{"rendered":"<h2>Rel\u00e8vement ILS<\/h2>\n<p>Le rel\u00e8vement de 300 m de l&rsquo;altitude de survol en palier avant la descente finale, guid\u00e9e aux instruments (ILS) jusqu&rsquo;au toucher piste a \u00e9t\u00e9 annonc\u00e9 fin 2007 par Nathalie Kosciusko-Morizet et Dominique Bussereau dans le cadre de la mise en oeuvre des engagements du Grenelle de l&rsquo;Environnement concernant le trafic a\u00e9rien.<\/p>\n<p>L&rsquo;application de cette mesure qui concerne les a\u00e9roports d&rsquo;Orly, le Bourget et Roissy Charles-de-Gaulle, a \u00e9t\u00e9 scind\u00e9e en 3 phases, s&rsquo;\u00e9talant de 2008 \u00e0 2011.<\/p>\n<p>La troisi\u00e8me phase concerne essentiellement Roissy CDG.<\/p>\n<p>16.11.2011<\/p>\n<p style=\"text-align: center;\"><a href=\"https:\/\/www.clients.horus-informatique71.fr\/advocnar_backup\/wp-content\/uploads\/2016\/05\/Arrete_du_15_novembre_2011_version_initiale.pdf\" target=\"_blank\">ARR\u00caT\u00c9 du 15 novembre 2011<\/a><br \/>\n<a href=\"https:\/\/www.clients.horus-informatique71.fr\/advocnar_backup\/wp-content\/uploads\/2016\/05\/Arrete_du_15_novembre_2011_version_initiale.pdf\" target=\"_blank\">portant modification du dispositif de la circulation a\u00e9rienne en r\u00e9gion parisienne<\/a><\/p>\n<hr \/>\n<p style=\"text-align: left;\">15.06.2011<\/p>\n<p style=\"text-align: center;\"><a href=\"https:\/\/www.clients.horus-informatique71.fr\/advocnar_backup\/wp-content\/uploads\/2016\/06\/ACNUSA-avis_relevements_ils_cdg_ory.pdf\" target=\"_blank\">AVIS DE L&rsquo;ACNUSA<\/a><\/p>\n<hr \/>\n<p style=\"text-align: left;\">30.05.2011<\/p>\n<p style=\"text-align: center;\">RAPPORT DE LA COMMISSION D&rsquo;ENQU\u00caTE<\/p>\n<p style=\"text-align: center;\">\n","protected":false},"excerpt":{"rendered":"<p>Rel\u00e8vement ILS Le rel\u00e8vement de 300 m de l&rsquo;altitude de survol en palier avant la descente finale, guid\u00e9e aux instruments (ILS) jusqu&rsquo;au toucher piste a \u00e9t\u00e9 annonc\u00e9 fin 2007 par Nathalie Kosciusko-Morizet et Dominique Bussereau dans le cadre de la mise en oeuvre des engagements du Grenelle de l&rsquo;Environnement concernant le trafic a\u00e9rien. L&rsquo;application de [&hellip;]<\/p>\n","protected":false},"author":18,"featured_media":0,"parent":70745,"menu_order":0,"comment_status":"closed","ping_status":"closed","template":"","meta":{"footnotes":""},"yoast_head":"<!-- This site is optimized with the Yoast SEO plugin v22.0 - https:\/\/yoast.com\/wordpress\/plugins\/seo\/ -->\n<title>Rel\u00e8vement ILS - Advocnar<\/title>\n<meta name=\"robots\" content=\"index, follow, max-snippet:-1, max-image-preview:large, max-video-preview:-1\" \/>\n<link rel=\"canonical\" href=\"https:\/\/www.clients.horus-informatique71.fr\/advocnar_backup\/actions\/relevement-ils\/\" \/>\n<meta property=\"og:locale\" content=\"fr_FR\" \/>\n<meta property=\"og:type\" content=\"article\" \/>\n<meta property=\"og:title\" content=\"Rel\u00e8vement ILS - Advocnar\" \/>\n<meta property=\"og:description\" content=\"Rel\u00e8vement ILS Le rel\u00e8vement de 300 m de l&rsquo;altitude de survol en palier avant la descente finale, guid\u00e9e aux instruments (ILS) jusqu&rsquo;au toucher piste a \u00e9t\u00e9 annonc\u00e9 fin 2007 par Nathalie Kosciusko-Morizet et Dominique Bussereau dans le cadre de la mise en oeuvre des engagements du Grenelle de l&rsquo;Environnement concernant le trafic a\u00e9rien. L&rsquo;application de [&hellip;]\" \/>\n<meta property=\"og:url\" content=\"https:\/\/www.clients.horus-informatique71.fr\/advocnar_backup\/actions\/relevement-ils\/\" \/>\n<meta property=\"og:site_name\" content=\"Advocnar\" \/>\n<meta property=\"article:modified_time\" content=\"2016-06-06T14:27:56+00:00\" \/>\n<meta name=\"twitter:card\" content=\"summary_large_image\" \/>\n<meta name=\"twitter:label1\" content=\"Dur\u00e9e de lecture estim\u00e9e\" \/>\n\t<meta name=\"twitter:data1\" content=\"1 minute\" \/>\n<script type=\"application\/ld+json\" class=\"yoast-schema-graph\">{\"@context\":\"https:\/\/schema.org\",\"@graph\":[{\"@type\":\"WebPage\",\"@id\":\"https:\/\/www.clients.horus-informatique71.fr\/advocnar_backup\/actions\/relevement-ils\/\",\"url\":\"https:\/\/www.clients.horus-informatique71.fr\/advocnar_backup\/actions\/relevement-ils\/\",\"name\":\"Rel\u00e8vement ILS - Advocnar\",\"isPartOf\":{\"@id\":\"https:\/\/www.clients.horus-informatique71.fr\/advocnar_backup\/#website\"},\"datePublished\":\"2016-02-24T09:01:35+00:00\",\"dateModified\":\"2016-06-06T14:27:56+00:00\",\"breadcrumb\":{\"@id\":\"https:\/\/www.clients.horus-informatique71.fr\/advocnar_backup\/actions\/relevement-ils\/#breadcrumb\"},\"inLanguage\":\"fr-FR\",\"potentialAction\":[{\"@type\":\"ReadAction\",\"target\":[\"https:\/\/www.clients.horus-informatique71.fr\/advocnar_backup\/actions\/relevement-ils\/\"]}]},{\"@type\":\"BreadcrumbList\",\"@id\":\"https:\/\/www.clients.horus-informatique71.fr\/advocnar_backup\/actions\/relevement-ils\/#breadcrumb\",\"itemListElement\":[{\"@type\":\"ListItem\",\"position\":1,\"name\":\"Accueil\",\"item\":\"https:\/\/www.clients.horus-informatique71.fr\/advocnar_backup\/\"},{\"@type\":\"ListItem\",\"position\":2,\"name\":\"Actions\",\"item\":\"https:\/\/www.clients.horus-informatique71.fr\/advocnar_backup\/actions\/\"},{\"@type\":\"ListItem\",\"position\":3,\"name\":\"Rel\u00e8vement ILS\"}]},{\"@type\":\"WebSite\",\"@id\":\"https:\/\/www.clients.horus-informatique71.fr\/advocnar_backup\/#website\",\"url\":\"https:\/\/www.clients.horus-informatique71.fr\/advocnar_backup\/\",\"name\":\"Advocnar\",\"description\":\"Association de D\u00e9fense Contre les Nuisances A\u00e9riennes\",\"potentialAction\":[{\"@type\":\"SearchAction\",\"target\":{\"@type\":\"EntryPoint\",\"urlTemplate\":\"https:\/\/www.clients.horus-informatique71.fr\/advocnar_backup\/?s={search_term_string}\"},\"query-input\":\"required name=search_term_string\"}],\"inLanguage\":\"fr-FR\"}]}<\/script>\n<!-- \/ Yoast SEO plugin. -->","yoast_head_json":{"title":"Rel\u00e8vement ILS - Advocnar","robots":{"index":"index","follow":"follow","max-snippet":"max-snippet:-1","max-image-preview":"max-image-preview:large","max-video-preview":"max-video-preview:-1"},"canonical":"https:\/\/www.clients.horus-informatique71.fr\/advocnar_backup\/actions\/relevement-ils\/","og_locale":"fr_FR","og_type":"article","og_title":"Rel\u00e8vement ILS - Advocnar","og_description":"Rel\u00e8vement ILS Le rel\u00e8vement de 300 m de l&rsquo;altitude de survol en palier avant la descente finale, guid\u00e9e aux instruments (ILS) jusqu&rsquo;au toucher piste a \u00e9t\u00e9 annonc\u00e9 fin 2007 par Nathalie Kosciusko-Morizet et Dominique Bussereau dans le cadre de la mise en oeuvre des engagements du Grenelle de l&rsquo;Environnement concernant le trafic a\u00e9rien. L&rsquo;application de [&hellip;]","og_url":"https:\/\/www.clients.horus-informatique71.fr\/advocnar_backup\/actions\/relevement-ils\/","og_site_name":"Advocnar","article_modified_time":"2016-06-06T14:27:56+00:00","twitter_card":"summary_large_image","twitter_misc":{"Dur\u00e9e de lecture estim\u00e9e":"1 minute"},"schema":{"@context":"https:\/\/schema.org","@graph":[{"@type":"WebPage","@id":"https:\/\/www.clients.horus-informatique71.fr\/advocnar_backup\/actions\/relevement-ils\/","url":"https:\/\/www.clients.horus-informatique71.fr\/advocnar_backup\/actions\/relevement-ils\/","name":"Rel\u00e8vement ILS - Advocnar","isPartOf":{"@id":"https:\/\/www.clients.horus-informatique71.fr\/advocnar_backup\/#website"},"datePublished":"2016-02-24T09:01:35+00:00","dateModified":"2016-06-06T14:27:56+00:00","breadcrumb":{"@id":"https:\/\/www.clients.horus-informatique71.fr\/advocnar_backup\/actions\/relevement-ils\/#breadcrumb"},"inLanguage":"fr-FR","potentialAction":[{"@type":"ReadAction","target":["https:\/\/www.clients.horus-informatique71.fr\/advocnar_backup\/actions\/relevement-ils\/"]}]},{"@type":"BreadcrumbList","@id":"https:\/\/www.clients.horus-informatique71.fr\/advocnar_backup\/actions\/relevement-ils\/#breadcrumb","itemListElement":[{"@type":"ListItem","position":1,"name":"Accueil","item":"https:\/\/www.clients.horus-informatique71.fr\/advocnar_backup\/"},{"@type":"ListItem","position":2,"name":"Actions","item":"https:\/\/www.clients.horus-informatique71.fr\/advocnar_backup\/actions\/"},{"@type":"ListItem","position":3,"name":"Rel\u00e8vement ILS"}]},{"@type":"WebSite","@id":"https:\/\/www.clients.horus-informatique71.fr\/advocnar_backup\/#website","url":"https:\/\/www.clients.horus-informatique71.fr\/advocnar_backup\/","name":"Advocnar","description":"Association de D\u00e9fense Contre les Nuisances A\u00e9riennes","potentialAction":[{"@type":"SearchAction","target":{"@type":"EntryPoint","urlTemplate":"https:\/\/www.clients.horus-informatique71.fr\/advocnar_backup\/?s={search_term_string}"},"query-input":"required name=search_term_string"}],"inLanguage":"fr-FR"}]}},"_links":{"self":[{"href":"https:\/\/www.clients.horus-informatique71.fr\/advocnar_backup\/wp-json\/wp\/v2\/pages\/70751"}],"collection":[{"href":"https:\/\/www.clients.horus-informatique71.fr\/advocnar_backup\/wp-json\/wp\/v2\/pages"}],"about":[{"href":"https:\/\/www.clients.horus-informatique71.fr\/advocnar_backup\/wp-json\/wp\/v2\/types\/page"}],"author":[{"embeddable":true,"href":"https:\/\/www.clients.horus-informatique71.fr\/advocnar_backup\/wp-json\/wp\/v2\/users\/18"}],"replies":[{"embeddable":true,"href":"https:\/\/www.clients.horus-informatique71.fr\/advocnar_backup\/wp-json\/wp\/v2\/comments?post=70751"}],"version-history":[{"count":7,"href":"https:\/\/www.clients.horus-informatique71.fr\/advocnar_backup\/wp-json\/wp\/v2\/pages\/70751\/revisions"}],"predecessor-version":[{"id":72654,"href":"https:\/\/www.clients.horus-informatique71.fr\/advocnar_backup\/wp-json\/wp\/v2\/pages\/70751\/revisions\/72654"}],"up":[{"embeddable":true,"href":"https:\/\/www.clients.horus-informatique71.fr\/advocnar_backup\/wp-json\/wp\/v2\/pages\/70745"}],"wp:attachment":[{"href":"https:\/\/www.clients.horus-informatique71.fr\/advocnar_backup\/wp-json\/wp\/v2\/media?parent=70751"}],"curies":[{"name":"wp","href":"https:\/\/api.w.org\/{rel}","templated":true}]}}