{"id":70761,"date":"2016-02-24T10:12:30","date_gmt":"2016-02-24T09:12:30","guid":{"rendered":"https:\/\/www.clients.horus-informatique71.fr\/advocnar_backup\/?page_id=70761"},"modified":"2021-04-05T09:54:01","modified_gmt":"2021-04-05T07:54:01","slug":"stations-de-mesure","status":"publish","type":"page","link":"https:\/\/www.clients.horus-informatique71.fr\/advocnar_backup\/le-bruit\/stations-de-mesure\/","title":{"rendered":"Stations de mesure"},"content":{"rendered":"<p>Aujourd&rsquo;hui, l&rsquo;ADVOCNAR d\u00e9tient\u00a0trois stations de mesure du bruit des avions:<\/p>\n<ul>\n<li>A Saint-Prix, sous le trafic du doublet nord<\/li>\n<li>A Ermont,\u00a0sous le trafic du doublet sud<\/li>\n<li>A Deuil-la-Barre, sous le trafic du doublet sud<\/li>\n<\/ul>\n<p>Avant d&rsquo;acc\u00e9der aux mesures de bruit, nous vous conseillons de consulter \u00a0le <a href=\"https:\/\/www.clients.horus-informatique71.fr\/advocnar_backup\/wp-content\/uploads\/2016\/03\/Station-de-mesure-mode-demploi.pdf\" target=\"_blank\" rel=\"noopener\">mode d&#8217;emploi<\/a><\/p>\n<p>Ensuite, cliquez sur \u00ab\u00a0EANS\u00a0\u00bb et choisissez votre station de mesure dans le menu:<\/p>\n<p><a href=\"http:\/\/www.eans.net\/Mess.php?R=650&amp;S&amp;L=F\" target=\"_blank\" rel=\"noopener\"><img loading=\"lazy\" decoding=\"async\" width=\"160\" height=\"69\" class=\"alignnone size-full wp-image-71082 aligncenter\" src=\"https:\/\/www.clients.horus-informatique71.fr\/advocnar_backup\/wp-content\/uploads\/2016\/03\/LogoEANS.gif\" alt=\"LogoEANS\" \/><\/a><\/p>\n<hr \/>\n<h2 style=\"text-align: center;\">Suivez le trafic a\u00e9rien en direct<\/h2>\n<ul>\n<li>Cliquez sur \u00ab\u00a0EANS\u00a0\u00bb,<\/li>\n<li>Dans le menu, choisissez \u00ab\u00a0trajectoire live\u00a0\u00bb: la carte s&rsquo;ouvre,<\/li>\n<li><span style=\"line-height: 1.5;\">En haut de la carte, dans le menu \u00ab\u00a0s\u00e9lectionnez une\u00a0r\u00e9gion\u00a0\u00bb, choisissez Paris sud\/Orly pour vous placer sur la r\u00e9gion parisienne,<\/span><\/li>\n<li>Cliquez sur l&rsquo;avion qui vous int\u00e9resse pour tout savoir sur ce vol.<\/li>\n<\/ul>\n<hr \/>\n<p><img loading=\"lazy\" decoding=\"async\" class=\"alignnone wp-image-71095 aligncenter\" src=\"https:\/\/www.clients.horus-informatique71.fr\/advocnar_backup\/wp-content\/uploads\/2016\/03\/Mesures-de-bruit-300x112.png\" alt=\"Mesures de bruit\" width=\"1225\" height=\"457\" srcset=\"https:\/\/www.clients.horus-informatique71.fr\/advocnar_backup\/wp-content\/uploads\/2016\/03\/Mesures-de-bruit-300x112.png 300w, https:\/\/www.clients.horus-informatique71.fr\/advocnar_backup\/wp-content\/uploads\/2016\/03\/Mesures-de-bruit-1024x381.png 1024w\" sizes=\"(max-width: 1225px) 100vw, 1225px\" \/><\/p>\n<p>Dans le cadre du d\u00e9cret du 20 juillet 2005, A\u00e9roports de Paris a pour mission d&rsquo;assurer la r\u00e9alisation des mesures de bruit et de pollution atmosph\u00e9rique .Notre association consid\u00e8re cependant qu\u2019aucune information objective n\u2019est donn\u00e9e quant au\u00a0respect des plans d\u2019exposition au bruit et plans de g\u00eane sonore existants et conteste par ailleurs leurs dispositions (non prise en compte de la plateforme du Bourget, permis de nuisance accord\u00e9 sans prise en compte des risques en relation aux populations survol\u00e9es,\u2026).<\/p>\n<p>De ce fait, sans chercher \u00e0 reproduire les syst\u00e8mes de mesures mis en place par les a\u00e9roports, ADVOCNAR pr\u00e9voit d\u2019installer des stations de mesure fixes\u00a0avec l\u2019approbation et l\u2019aide des municipalit\u00e9s concern\u00e9es.<\/p>\n<p>En permettant une mesure ind\u00e9pendante de la g\u00e8ne sonore l\u00e0 o\u00f9 elle est constat\u00e9e, en donnant les \u00e9l\u00e9ments d\u2019appr\u00e9ciation de la coh\u00e9rence du PEB et du PGS et de leurs \u00e9volutions dans la dur\u00e9e, ADVOCNAR vise \u00e0 r\u00e9pondre aux attentes de ses adh\u00e9rents et partenaires pour une information la plus\u00a0compl\u00e8te sur les nuisances\u00a0a\u00e9riennes subies localement .<\/p>\n","protected":false},"excerpt":{"rendered":"<p>Aujourd&rsquo;hui, l&rsquo;ADVOCNAR d\u00e9tient\u00a0trois stations de mesure du bruit des avions: A Saint-Prix, sous le trafic du doublet nord A Ermont,\u00a0sous le trafic du doublet sud A Deuil-la-Barre, sous le trafic du doublet sud Avant d&rsquo;acc\u00e9der aux mesures de bruit, nous vous conseillons de consulter \u00a0le mode d&#8217;emploi Ensuite, cliquez sur \u00ab\u00a0EANS\u00a0\u00bb et choisissez votre station [&hellip;]<\/p>\n","protected":false},"author":18,"featured_media":0,"parent":71588,"menu_order":0,"comment_status":"closed","ping_status":"closed","template":"","meta":{"footnotes":""},"yoast_head":"<!-- This site is optimized with the Yoast SEO plugin v22.0 - https:\/\/yoast.com\/wordpress\/plugins\/seo\/ -->\n<title>Stations de mesure - Advocnar<\/title>\n<meta name=\"robots\" content=\"index, follow, max-snippet:-1, max-image-preview:large, max-video-preview:-1\" \/>\n<link rel=\"canonical\" href=\"https:\/\/www.clients.horus-informatique71.fr\/advocnar_backup\/le-bruit\/stations-de-mesure\/\" \/>\n<meta property=\"og:locale\" content=\"fr_FR\" \/>\n<meta property=\"og:type\" content=\"article\" \/>\n<meta property=\"og:title\" content=\"Stations de mesure - Advocnar\" \/>\n<meta property=\"og:description\" content=\"Aujourd&rsquo;hui, l&rsquo;ADVOCNAR d\u00e9tient\u00a0trois stations de mesure du bruit des avions: A Saint-Prix, sous le trafic du doublet nord A Ermont,\u00a0sous le trafic du doublet sud A Deuil-la-Barre, sous le trafic du doublet sud Avant d&rsquo;acc\u00e9der aux mesures de bruit, nous vous conseillons de consulter \u00a0le mode d&#8217;emploi Ensuite, cliquez sur \u00ab\u00a0EANS\u00a0\u00bb et choisissez votre station [&hellip;]\" \/>\n<meta property=\"og:url\" content=\"https:\/\/www.clients.horus-informatique71.fr\/advocnar_backup\/le-bruit\/stations-de-mesure\/\" \/>\n<meta property=\"og:site_name\" content=\"Advocnar\" \/>\n<meta property=\"article:modified_time\" content=\"2021-04-05T07:54:01+00:00\" \/>\n<meta property=\"og:image\" content=\"https:\/\/www.advocnar.frwp-content\/uploads\/2016\/03\/LogoEANS.gif\" \/>\n<meta name=\"twitter:card\" content=\"summary_large_image\" \/>\n<meta name=\"twitter:label1\" content=\"Dur\u00e9e de lecture estim\u00e9e\" \/>\n\t<meta name=\"twitter:data1\" content=\"2 minutes\" \/>\n<script type=\"application\/ld+json\" class=\"yoast-schema-graph\">{\"@context\":\"https:\/\/schema.org\",\"@graph\":[{\"@type\":\"WebPage\",\"@id\":\"https:\/\/www.clients.horus-informatique71.fr\/advocnar_backup\/le-bruit\/stations-de-mesure\/\",\"url\":\"https:\/\/www.clients.horus-informatique71.fr\/advocnar_backup\/le-bruit\/stations-de-mesure\/\",\"name\":\"Stations de mesure - Advocnar\",\"isPartOf\":{\"@id\":\"https:\/\/www.clients.horus-informatique71.fr\/advocnar_backup\/#website\"},\"datePublished\":\"2016-02-24T09:12:30+00:00\",\"dateModified\":\"2021-04-05T07:54:01+00:00\",\"breadcrumb\":{\"@id\":\"https:\/\/www.clients.horus-informatique71.fr\/advocnar_backup\/le-bruit\/stations-de-mesure\/#breadcrumb\"},\"inLanguage\":\"fr-FR\",\"potentialAction\":[{\"@type\":\"ReadAction\",\"target\":[\"https:\/\/www.clients.horus-informatique71.fr\/advocnar_backup\/le-bruit\/stations-de-mesure\/\"]}]},{\"@type\":\"BreadcrumbList\",\"@id\":\"https:\/\/www.clients.horus-informatique71.fr\/advocnar_backup\/le-bruit\/stations-de-mesure\/#breadcrumb\",\"itemListElement\":[{\"@type\":\"ListItem\",\"position\":1,\"name\":\"Accueil\",\"item\":\"https:\/\/www.clients.horus-informatique71.fr\/advocnar_backup\/\"},{\"@type\":\"ListItem\",\"position\":2,\"name\":\"Le bruit\",\"item\":\"https:\/\/www.clients.horus-informatique71.fr\/advocnar_backup\/le-bruit\/\"},{\"@type\":\"ListItem\",\"position\":3,\"name\":\"Stations de mesure\"}]},{\"@type\":\"WebSite\",\"@id\":\"https:\/\/www.clients.horus-informatique71.fr\/advocnar_backup\/#website\",\"url\":\"https:\/\/www.clients.horus-informatique71.fr\/advocnar_backup\/\",\"name\":\"Advocnar\",\"description\":\"Association de D\u00e9fense Contre les Nuisances A\u00e9riennes\",\"potentialAction\":[{\"@type\":\"SearchAction\",\"target\":{\"@type\":\"EntryPoint\",\"urlTemplate\":\"https:\/\/www.clients.horus-informatique71.fr\/advocnar_backup\/?s={search_term_string}\"},\"query-input\":\"required name=search_term_string\"}],\"inLanguage\":\"fr-FR\"}]}<\/script>\n<!-- \/ Yoast SEO plugin. -->","yoast_head_json":{"title":"Stations de mesure - Advocnar","robots":{"index":"index","follow":"follow","max-snippet":"max-snippet:-1","max-image-preview":"max-image-preview:large","max-video-preview":"max-video-preview:-1"},"canonical":"https:\/\/www.clients.horus-informatique71.fr\/advocnar_backup\/le-bruit\/stations-de-mesure\/","og_locale":"fr_FR","og_type":"article","og_title":"Stations de mesure - Advocnar","og_description":"Aujourd&rsquo;hui, l&rsquo;ADVOCNAR d\u00e9tient\u00a0trois stations de mesure du bruit des avions: A Saint-Prix, sous le trafic du doublet nord A Ermont,\u00a0sous le trafic du doublet sud A Deuil-la-Barre, sous le trafic du doublet sud Avant d&rsquo;acc\u00e9der aux mesures de bruit, nous vous conseillons de consulter \u00a0le mode d&#8217;emploi Ensuite, cliquez sur \u00ab\u00a0EANS\u00a0\u00bb et choisissez votre station [&hellip;]","og_url":"https:\/\/www.clients.horus-informatique71.fr\/advocnar_backup\/le-bruit\/stations-de-mesure\/","og_site_name":"Advocnar","article_modified_time":"2021-04-05T07:54:01+00:00","og_image":[{"url":"https:\/\/www.advocnar.frwp-content\/uploads\/2016\/03\/LogoEANS.gif"}],"twitter_card":"summary_large_image","twitter_misc":{"Dur\u00e9e de lecture estim\u00e9e":"2 minutes"},"schema":{"@context":"https:\/\/schema.org","@graph":[{"@type":"WebPage","@id":"https:\/\/www.clients.horus-informatique71.fr\/advocnar_backup\/le-bruit\/stations-de-mesure\/","url":"https:\/\/www.clients.horus-informatique71.fr\/advocnar_backup\/le-bruit\/stations-de-mesure\/","name":"Stations de mesure - Advocnar","isPartOf":{"@id":"https:\/\/www.clients.horus-informatique71.fr\/advocnar_backup\/#website"},"datePublished":"2016-02-24T09:12:30+00:00","dateModified":"2021-04-05T07:54:01+00:00","breadcrumb":{"@id":"https:\/\/www.clients.horus-informatique71.fr\/advocnar_backup\/le-bruit\/stations-de-mesure\/#breadcrumb"},"inLanguage":"fr-FR","potentialAction":[{"@type":"ReadAction","target":["https:\/\/www.clients.horus-informatique71.fr\/advocnar_backup\/le-bruit\/stations-de-mesure\/"]}]},{"@type":"BreadcrumbList","@id":"https:\/\/www.clients.horus-informatique71.fr\/advocnar_backup\/le-bruit\/stations-de-mesure\/#breadcrumb","itemListElement":[{"@type":"ListItem","position":1,"name":"Accueil","item":"https:\/\/www.clients.horus-informatique71.fr\/advocnar_backup\/"},{"@type":"ListItem","position":2,"name":"Le bruit","item":"https:\/\/www.clients.horus-informatique71.fr\/advocnar_backup\/le-bruit\/"},{"@type":"ListItem","position":3,"name":"Stations de mesure"}]},{"@type":"WebSite","@id":"https:\/\/www.clients.horus-informatique71.fr\/advocnar_backup\/#website","url":"https:\/\/www.clients.horus-informatique71.fr\/advocnar_backup\/","name":"Advocnar","description":"Association de D\u00e9fense Contre les Nuisances A\u00e9riennes","potentialAction":[{"@type":"SearchAction","target":{"@type":"EntryPoint","urlTemplate":"https:\/\/www.clients.horus-informatique71.fr\/advocnar_backup\/?s={search_term_string}"},"query-input":"required name=search_term_string"}],"inLanguage":"fr-FR"}]}},"_links":{"self":[{"href":"https:\/\/www.clients.horus-informatique71.fr\/advocnar_backup\/wp-json\/wp\/v2\/pages\/70761"}],"collection":[{"href":"https:\/\/www.clients.horus-informatique71.fr\/advocnar_backup\/wp-json\/wp\/v2\/pages"}],"about":[{"href":"https:\/\/www.clients.horus-informatique71.fr\/advocnar_backup\/wp-json\/wp\/v2\/types\/page"}],"author":[{"embeddable":true,"href":"https:\/\/www.clients.horus-informatique71.fr\/advocnar_backup\/wp-json\/wp\/v2\/users\/18"}],"replies":[{"embeddable":true,"href":"https:\/\/www.clients.horus-informatique71.fr\/advocnar_backup\/wp-json\/wp\/v2\/comments?post=70761"}],"version-history":[{"count":3,"href":"https:\/\/www.clients.horus-informatique71.fr\/advocnar_backup\/wp-json\/wp\/v2\/pages\/70761\/revisions"}],"predecessor-version":[{"id":76795,"href":"https:\/\/www.clients.horus-informatique71.fr\/advocnar_backup\/wp-json\/wp\/v2\/pages\/70761\/revisions\/76795"}],"up":[{"embeddable":true,"href":"https:\/\/www.clients.horus-informatique71.fr\/advocnar_backup\/wp-json\/wp\/v2\/pages\/71588"}],"wp:attachment":[{"href":"https:\/\/www.clients.horus-informatique71.fr\/advocnar_backup\/wp-json\/wp\/v2\/media?parent=70761"}],"curies":[{"name":"wp","href":"https:\/\/api.w.org\/{rel}","templated":true}]}}