{"id":70763,"date":"2016-02-24T10:13:01","date_gmt":"2016-02-24T09:13:01","guid":{"rendered":"https:\/\/www.clients.horus-informatique71.fr\/advocnar_backup\/?page_id=70763"},"modified":"2022-10-18T13:57:19","modified_gmt":"2022-10-18T11:57:19","slug":"publications","status":"publish","type":"page","link":"https:\/\/www.clients.horus-informatique71.fr\/advocnar_backup\/publications\/","title":{"rendered":"Publications"},"content":{"rendered":"<p>[vc_row type=\u00a0\u00bbcontainer\u00a0\u00bb padding_top=\u00a0\u00bb\u00a0\u00bb padding_bottom=\u00a0\u00bb\u00a0\u00bb][vc_column][vc_column_text]<\/p>\n<h3 style=\"text-align: center;\">Dossier sp\u00e9cial nuisances a\u00e9riennes<\/h3>\n<p>[\/vc_column_text][vc_row_inner][vc_column_inner width=\u00a0\u00bb1\/3&Prime;][vc_single_image image=\u00a0\u00bb71411&Prime; img_size=\u00a0\u00bbfull\u00a0\u00bb][\/vc_column_inner][vc_column_inner width=\u00a0\u00bb2\/3&Prime;][vc_column_text]<\/p>\n<p>R\u00e9dacteurs: Patric Kruissel, Jacqueline Bonhomme, Alain P\u00e9ri, Fran\u00e7oise Brochot, Catherine Bouvier, Jos\u00e9 Jimenez, Jo\u00ebl Ravenel (ADVOCNAR) et Marie-H\u00e9l\u00e8ne Ollivier-Lestre (journaliste)<br \/>\n\u2013 septembre 2010.<\/p>\n<p><a href=\"https:\/\/www.clients.horus-informatique71.fr\/advocnar_backup\/wp-content\/uploads\/2016\/04\/Dossier_nuisances_aeriennes-2010.pdf\" target=\"_blank\" rel=\"noopener noreferrer\">Ce dossier<\/a> fait \u00e9tat des r\u00e9sultats d\u00e9j\u00e0 obtenus par notre association avec l\u2019appui des \u00e9lus et d\u2019autres associations, ainsi que des avanc\u00e9es que nous n\u00e9gocions, notamment dans le cadre de la charte du d\u00e9veloppement durable de Roissy CDG.<\/p>\n<p>Il vous permettra de mieux comprendre nos revendications, les solutions que nous d\u00e9fendons et r\u00e9pondra \u00e0 toutes les questions que vous pouvez vous poser.<\/p>\n<p>[\/vc_column_text][\/vc_column_inner][\/vc_row_inner][vc_separator color=\u00a0\u00bb#8e8e8e\u00a0\u00bb border_width=\u00a0\u00bb7&Prime; type=\u00a0\u00bbnormal\u00a0\u00bb thickness=\u00a0\u00bb1&Prime; up=\u00a0\u00bb\u00a0\u00bb down=\u00a0\u00bb\u00a0\u00bb][\/vc_column][\/vc_row][vc_row type=\u00a0\u00bbcontainer\u00a0\u00bb padding_top=\u00a0\u00bb\u00a0\u00bb padding_bottom=\u00a0\u00bb\u00a0\u00bb][vc_column][vc_column_text]<\/p>\n<h3 align=\"center\">Les bulletins et lettres\u00a0de l&rsquo;ADVOCNAR<\/h3>\n<p>[\/vc_column_text][vc_row_inner][vc_column_inner width=\u00a0\u00bb1\/3&Prime;][vc_single_image image=\u00a0\u00bb78275&Prime; img_size=\u00a0\u00bbfull\u00a0\u00bb][\/vc_column_inner][vc_column_inner width=\u00a0\u00bb2\/3&Prime;][vc_column_text]<\/p>\n<h4>Lettre ADVOCNAR <a href=\"https:\/\/www.clients.horus-informatique71.fr\/advocnar_backup\/wp-content\/uploads\/2022\/10\/Lettre-Info-ADVOCNAR-n\u00b017-BD.pdf\">n\u00b017<\/a><\/h4>\n<p>Septembre 2022<\/p>\n<div id=\"ffenetremailtomailModal\" style=\"z-index: 1;\">\n<div id=\"ffenetremailtopopupModalMail\">\n<div id=\"ffenetremailtotoModalClose\"><\/div>\n<p>&nbsp;<\/p>\n<\/div>\n<\/div>\n<div><\/div>\n<p>[\/vc_column_text][\/vc_column_inner][\/vc_row_inner][\/vc_column][\/vc_row][vc_row type=\u00a0\u00bbcontainer\u00a0\u00bb padding_top=\u00a0\u00bb\u00a0\u00bb padding_bottom=\u00a0\u00bb\u00a0\u00bb][vc_column width=\u00a0\u00bb1\/2&Prime;][vc_column_text]ADVOCNAR info <a href=\"https:\/\/www.clients.horus-informatique71.fr\/advocnar_backup\/wp-content\/uploads\/2016\/05\/bulletin25.pdf\" target=\"_blank\" rel=\"noopener noreferrer\">n\u00b025<\/a> (11-2007)<\/p>\n<p>ADVOCNAR info <a href=\"https:\/\/www.clients.horus-informatique71.fr\/advocnar_backup\/wp-content\/uploads\/2016\/05\/bulletin24.pdf\" target=\"_blank\" rel=\"noopener noreferrer\">n\u00b024<\/a> (09-2006)<\/p>\n<p>ADVOCNAR info <a href=\"https:\/\/www.clients.horus-informatique71.fr\/advocnar_backup\/wp-content\/uploads\/2016\/05\/bulletin23.pdf\" target=\"_blank\" rel=\"noopener noreferrer\">n\u00b023<\/a> (02-2006)<\/p>\n<p>ADVOCNAR info <a href=\"https:\/\/www.clients.horus-informatique71.fr\/advocnar_backup\/wp-content\/uploads\/2016\/05\/bulletin22.pdf\" target=\"_blank\" rel=\"noopener noreferrer\">n\u00b022<\/a> (02-2005)<\/p>\n<p>ADVOCNAR info<a href=\"https:\/\/www.clients.horus-informatique71.fr\/advocnar_backup\/wp-content\/uploads\/2016\/05\/bulletin21.pdf\" target=\"_blank\" rel=\"noopener noreferrer\"> n\u00b021<\/a> (09-2004)<\/p>\n<p>ADVOCNAR info <a href=\"https:\/\/www.clients.horus-informatique71.fr\/advocnar_backup\/wp-content\/uploads\/2016\/05\/bulletin20.pdf\" target=\"_blank\" rel=\"noopener noreferrer\">n\u00b020<\/a> (03-2004)<\/p>\n<p>ADVOCNAR info <a href=\"https:\/\/www.clients.horus-informatique71.fr\/advocnar_backup\/wp-content\/uploads\/2016\/05\/bulletin19.pdf\" target=\"_blank\" rel=\"noopener noreferrer\">n\u00b019<\/a> (10-2003)<\/p>\n<p>ADVOCNAR info <a href=\"https:\/\/www.clients.horus-informatique71.fr\/advocnar_backup\/wp-content\/uploads\/2016\/05\/bulletin18.pdf\" target=\"_blank\" rel=\"noopener noreferrer\">n\u00b018<\/a> (05-2003)<\/p>\n<p>ADVOCNAR info <a href=\"https:\/\/www.clients.horus-informatique71.fr\/advocnar_backup\/wp-content\/uploads\/2016\/05\/bulletin17.pdf\" target=\"_blank\" rel=\"noopener noreferrer\">n\u00b017<\/a> (02-2003)<\/p>\n<p>ADVOCNAR info <a href=\"https:\/\/www.clients.horus-informatique71.fr\/advocnar_backup\/wp-content\/uploads\/2016\/05\/bulletin16.pdf\" target=\"_blank\" rel=\"noopener noreferrer\">n\u00b016<\/a> (09-2002)<\/p>\n<p>ADVOCNAR info <a href=\"https:\/\/www.clients.horus-informatique71.fr\/advocnar_backup\/wp-content\/uploads\/2016\/05\/bulletin_15.pdf\" target=\"_blank\" rel=\"noopener noreferrer\">n\u00b015<\/a> (05-2002)<\/p>\n<p>ADVOCNAR info <a href=\"https:\/\/www.clients.horus-informatique71.fr\/advocnar_backup\/wp-content\/uploads\/2016\/05\/bulletin_14.pdf\" target=\"_blank\" rel=\"noopener noreferrer\">n\u00b014<\/a> (01-2002)<\/p>\n<p>ADVOCNAR info <a href=\"https:\/\/www.clients.horus-informatique71.fr\/advocnar_backup\/wp-content\/uploads\/2016\/05\/bulletin_13.pdf\" target=\"_blank\" rel=\"noopener noreferrer\">n\u00b013<\/a> (09-2001)<\/p>\n<p>ADVOCNAR info <a href=\"https:\/\/www.clients.horus-informatique71.fr\/advocnar_backup\/wp-content\/uploads\/2016\/05\/bulletin_12.pdf\" target=\"_blank\" rel=\"noopener noreferrer\">n\u00b012<\/a> (04-2001)<\/p>\n<p>ADVOCNAR info <a href=\"https:\/\/www.clients.horus-informatique71.fr\/advocnar_backup\/wp-content\/uploads\/2016\/05\/bulletin_11.pdf\" target=\"_blank\" rel=\"noopener noreferrer\">n\u00b011<\/a> (09-2000)<\/p>\n<p>ADVOCNAR info <a href=\"https:\/\/www.clients.horus-informatique71.fr\/advocnar_backup\/wp-content\/uploads\/2016\/05\/bulletin_10.pdf\" target=\"_blank\" rel=\"noopener noreferrer\">n\u00b010<\/a> (07-2000)<\/p>\n<p>ADVOCNAR info <a href=\"https:\/\/www.clients.horus-informatique71.fr\/advocnar_backup\/wp-content\/uploads\/2016\/05\/bulletin_9.pdf\" target=\"_blank\" rel=\"noopener noreferrer\">n\u00b09<\/a> (01-2000)<\/p>\n<p>ADVOCNAR info <a href=\"https:\/\/www.clients.horus-informatique71.fr\/advocnar_backup\/wp-content\/uploads\/2016\/05\/bulletin_8.pdf\" target=\"_blank\" rel=\"noopener noreferrer\">n\u00b08<\/a> (10-1999)<\/p>\n<p>ADVOCNAR info <a href=\"https:\/\/www.clients.horus-informatique71.fr\/advocnar_backup\/wp-content\/uploads\/2016\/05\/bulletin_7.pdf\" target=\"_blank\" rel=\"noopener noreferrer\">n\u00b07<\/a> (12-1998)<\/p>\n<p>ADVOCNAR info <a href=\"https:\/\/www.clients.horus-informatique71.fr\/advocnar_backup\/wp-content\/uploads\/2016\/05\/bulletin_6.pdf\" target=\"_blank\" rel=\"noopener noreferrer\">n\u00b06<\/a> (12-1997)<\/p>\n<p>ADVOCNAR info <a href=\"https:\/\/www.clients.horus-informatique71.fr\/advocnar_backup\/wp-content\/uploads\/2016\/05\/bulletin_5.pdf\" target=\"_blank\" rel=\"noopener noreferrer\">n\u00b05<\/a> (07-1997)<\/p>\n<p>ADVOCNAR info <a href=\"https:\/\/www.clients.horus-informatique71.fr\/advocnar_backup\/wp-content\/uploads\/2016\/05\/bulletin_4.pdf\" target=\"_blank\" rel=\"noopener noreferrer\">n\u00b04<\/a> (01-1997)<\/p>\n<p>ADVOCNAR info <a href=\"https:\/\/www.clients.horus-informatique71.fr\/advocnar_backup\/wp-content\/uploads\/2016\/07\/ADVOCNAR-Lettre-Info-n-3.pdf\" target=\"_blank\" rel=\"noopener noreferrer\">n\u00b03<\/a> (05-1996)<\/p>\n<p>ADVOCNAR info <a href=\"https:\/\/www.clients.horus-informatique71.fr\/advocnar_backup\/wp-content\/uploads\/2016\/05\/bulletin_2.pdf\" target=\"_blank\" rel=\"noopener noreferrer\">n\u00b02 <\/a>(02-1996)<\/p>\n<p>ADVOCNAR info <a href=\"https:\/\/www.clients.horus-informatique71.fr\/advocnar_backup\/wp-content\/uploads\/2016\/05\/bulletin_1.pdf\" target=\"_blank\" rel=\"noopener noreferrer\">n\u00b01<\/a> (07-1995)[\/vc_column_text][\/vc_column][vc_column width=\u00a0\u00bb1\/2&Prime;][vc_column_text]Lettre ADVOCNAR <a href=\"https:\/\/www.clients.horus-informatique71.fr\/advocnar_backup\/wp-content\/uploads\/2021\/08\/Lettre-Info-ADVOCNAR-n\u00b016-BD.pdf\">n\u00b016<\/a> (09-2021)<\/p>\n<p>Lettre ADVOCNAR <a href=\"https:\/\/www.clients.horus-informatique71.fr\/advocnar_backup\/wp-content\/uploads\/2020\/08\/Lettre-Info-ADVOCNAR-n\u00b015.pdf\">n\u00b015<\/a> (09-2020)<\/p>\n<p>Lettre ADVOCNAR <a href=\"https:\/\/www.clients.horus-informatique71.fr\/advocnar_backup\/wp-content\/uploads\/2019\/09\/ADVOCNAR-Lettre-Info-n\u00b014-version-web.pdf\">n\u00b014<\/a> (09-2019)<\/p>\n<p>Lettre ADVOCNAR <a href=\"https:\/\/www.clients.horus-informatique71.fr\/advocnar_backup\/wp-content\/uploads\/2018\/09\/ADVOCNAR-Lettre-Info-n\u00b013-version-web.pdf\">n\u00b013<\/a> (09-2018)<\/p>\n<p>Lettre ADVOCNAR <a href=\"https:\/\/www.clients.horus-informatique71.fr\/advocnar_backup\/wp-content\/uploads\/2016\/09\/advocnar-lettre-info-n-12.pdf\" target=\"_blank\" rel=\"noopener noreferrer\">n\u00b012<\/a> (09-2016)<\/p>\n<p>Lettre ADVOCNAR <a href=\"https:\/\/www.clients.horus-informatique71.fr\/advocnar_backup\/wp-content\/uploads\/2016\/05\/advocnar-lettre-info-n-11.pdf\" target=\"_blank\" rel=\"noopener noreferrer\">n\u00b011<\/a>\u00a0 (06-2015)<\/p>\n<p>Lettre ADVOCNAR<a href=\"https:\/\/www.clients.horus-informatique71.fr\/advocnar_backup\/wp-content\/uploads\/2016\/07\/ADVOCNAR-Lettre-Info-n-10.pdf\" target=\"_blank\" rel=\"noopener noreferrer\"> n\u00b010<\/a> (01-2014)<\/p>\n<p>Lettre ADVOCNAR <a href=\"https:\/\/www.clients.horus-informatique71.fr\/advocnar_backup\/wp-content\/uploads\/2016\/07\/ADVOCNAR-Lettre-Info-n-9.pdf\" target=\"_blank\" rel=\"noopener noreferrer\">n\u00b09<\/a> (09-2013)<\/p>\n<p>Lettre ADVOCNAR <a href=\"https:\/\/www.clients.horus-informatique71.fr\/advocnar_backup\/wp-content\/uploads\/2016\/07\/ADVOCNAR-Lettre-Info-n-8.pdf\" target=\"_blank\" rel=\"noopener noreferrer\">n\u00b08<\/a> (01-2012)<\/p>\n<p>Lettre ADVOCNAR <a href=\"https:\/\/www.clients.horus-informatique71.fr\/advocnar_backup\/wp-content\/uploads\/2016\/07\/ADVOCNAR-Lettre-Info-n-7.pdf\" target=\"_blank\" rel=\"noopener noreferrer\">n\u00b07<\/a> (03-2011)<\/p>\n<p>Lettre ADVOCNAR <a href=\"https:\/\/www.clients.horus-informatique71.fr\/advocnar_backup\/wp-content\/uploads\/2016\/07\/ADVOCNAR-Lettre-Info-n-6.pdf\" target=\"_blank\" rel=\"noopener noreferrer\">n\u00b06<\/a> (03-2010)<\/p>\n<p>Lettre ADVOCNAR <a href=\"https:\/\/www.clients.horus-informatique71.fr\/advocnar_backup\/wp-content\/uploads\/2016\/07\/ADVOCNAR-Lettre-Info-n-5.pdf\" target=\"_blank\" rel=\"noopener noreferrer\">n\u00b05<\/a> (08-2009)<\/p>\n<p>Lettre ADVOCNAR <a href=\"https:\/\/www.clients.horus-informatique71.fr\/advocnar_backup\/wp-content\/uploads\/2016\/07\/ADVOCNAR-Lettre-Info-n-4.pdf\" target=\"_blank\" rel=\"noopener noreferrer\">n\u00b04<\/a> (03-2009)<\/p>\n<p>Lettre ADVOCNAR <a href=\"https:\/\/www.clients.horus-informatique71.fr\/advocnar_backup\/wp-content\/uploads\/2016\/07\/ADVOCNAR-Lettre-Info-n-3.pdf\" target=\"_blank\" rel=\"noopener noreferrer\">n\u00b03<\/a> (06-2008)<\/p>\n<p>Lettre ADVOCNAR <a href=\"https:\/\/www.clients.horus-informatique71.fr\/advocnar_backup\/wp-content\/uploads\/2016\/07\/ADVOCNAR-Lettre-Info-n-2.pdf\" target=\"_blank\" rel=\"noopener noreferrer\">n\u00b02<\/a> (04-2007)<\/p>\n<p>Lettre ADVOCNAR <a href=\"https:\/\/www.clients.horus-informatique71.fr\/advocnar_backup\/wp-content\/uploads\/2016\/07\/ADVOCNAR-Lettre-Info-n-1.pdf\" target=\"_blank\" rel=\"noopener noreferrer\">n\u00b01<\/a> (01-2007)<\/p>\n<div id=\"ffenetremailtomailModal\" style=\"z-index: 1;\">\n<div id=\"ffenetremailtopopupModalMail\">\n<div id=\"ffenetremailtotoModalClose\"><\/div>\n<p>&nbsp;<\/p>\n<\/div>\n<\/div>\n<div><\/div>\n<p>[\/vc_column_text][\/vc_column][\/vc_row][vc_row type=\u00a0\u00bbcontainer\u00a0\u00bb padding_top=\u00a0\u00bb\u00a0\u00bb padding_bottom=\u00a0\u00bb\u00a0\u00bb][vc_column][vc_separator color=\u00a0\u00bb#8e8e8e\u00a0\u00bb border_width=\u00a0\u00bb7&Prime; type=\u00a0\u00bbnormal\u00a0\u00bb thickness=\u00a0\u00bb1&Prime; up=\u00a0\u00bb\u00a0\u00bb down=\u00a0\u00bb\u00a0\u00bb][vc_column_text]<\/p>\n<h3 style=\"text-align: center;\">Le dossier de presse<\/h3>\n<p>Ce <a href=\"https:\/\/www.clients.horus-informatique71.fr\/advocnar_backup\/wp-content\/uploads\/2016\/07\/Dossier-Nuisances-Aeriennes-Nov-2007-V1.pdf\" target=\"_blank\" rel=\"noopener noreferrer\">dossier de presse<\/a> pr\u00e9sent\u00e9 au Grenelle de l&rsquo;Environnement a \u00e9t\u00e9 r\u00e9dig\u00e9 par l&rsquo;ADVOCNAR avec la contribution de CIRENA, les Amis de la Terre et du Collectif Sant\u00e9 Nuisances A\u00e9riennes . Il a \u00e9t\u00e9 mis \u00e0 jour le 20 novembre 2007 .[\/vc_column_text][\/vc_column][\/vc_row][vc_row type=\u00a0\u00bbcontainer\u00a0\u00bb padding_top=\u00a0\u00bb\u00a0\u00bb padding_bottom=\u00a0\u00bb\u00a0\u00bb][vc_column][vc_column_text]<\/p>\n<div id=\"ffenetremailtomailModal\" style=\"z-index: 3;\">\n<div id=\"ffenetremailtopopupModalMail\">\n<div id=\"ffenetremailtotoModalClose\"><\/div>\n<p>&nbsp;<\/p>\n<\/div>\n<\/div>\n<div><\/div>\n<p>[\/vc_column_text][\/vc_column][\/vc_row]<\/p>\n","protected":false},"excerpt":{"rendered":"<p>[vc_row type=\u00a0\u00bbcontainer\u00a0\u00bb padding_top=\u00a0\u00bb\u00a0\u00bb padding_bottom=\u00a0\u00bb\u00a0\u00bb][vc_column][vc_column_text] Dossier sp\u00e9cial nuisances a\u00e9riennes [\/vc_column_text][vc_row_inner][vc_column_inner width=\u00a0\u00bb1\/3&Prime;][vc_single_image image=\u00a0\u00bb71411&Prime; img_size=\u00a0\u00bbfull\u00a0\u00bb][\/vc_column_inner][vc_column_inner width=\u00a0\u00bb2\/3&Prime;][vc_column_text] R\u00e9dacteurs: Patric Kruissel, Jacqueline Bonhomme, Alain P\u00e9ri, Fran\u00e7oise Brochot, Catherine Bouvier, Jos\u00e9 Jimenez, Jo\u00ebl Ravenel (ADVOCNAR) et Marie-H\u00e9l\u00e8ne Ollivier-Lestre (journaliste) \u2013 septembre 2010. Ce dossier fait \u00e9tat des r\u00e9sultats d\u00e9j\u00e0 obtenus par notre association avec l\u2019appui des \u00e9lus et d\u2019autres associations, ainsi [&hellip;]<\/p>\n","protected":false},"author":18,"featured_media":0,"parent":0,"menu_order":0,"comment_status":"closed","ping_status":"closed","template":"","meta":{"footnotes":""},"yoast_head":"<!-- This site is optimized with the Yoast SEO plugin v22.0 - https:\/\/yoast.com\/wordpress\/plugins\/seo\/ -->\n<title>Publications - Advocnar<\/title>\n<meta name=\"robots\" content=\"index, follow, max-snippet:-1, max-image-preview:large, max-video-preview:-1\" \/>\n<link rel=\"canonical\" href=\"https:\/\/www.clients.horus-informatique71.fr\/advocnar_backup\/publications\/\" \/>\n<meta property=\"og:locale\" content=\"fr_FR\" \/>\n<meta property=\"og:type\" content=\"article\" \/>\n<meta property=\"og:title\" content=\"Publications - Advocnar\" \/>\n<meta property=\"og:description\" content=\"[vc_row type=\u00a0\u00bbcontainer\u00a0\u00bb padding_top=\u00a0\u00bb\u00a0\u00bb padding_bottom=\u00a0\u00bb\u00a0\u00bb][vc_column][vc_column_text] Dossier sp\u00e9cial nuisances a\u00e9riennes [\/vc_column_text][vc_row_inner][vc_column_inner width=\u00a0\u00bb1\/3&Prime;][vc_single_image image=\u00a0\u00bb71411&Prime; img_size=\u00a0\u00bbfull\u00a0\u00bb][\/vc_column_inner][vc_column_inner width=\u00a0\u00bb2\/3&Prime;][vc_column_text] R\u00e9dacteurs: Patric Kruissel, Jacqueline Bonhomme, Alain P\u00e9ri, Fran\u00e7oise Brochot, Catherine Bouvier, Jos\u00e9 Jimenez, Jo\u00ebl Ravenel (ADVOCNAR) et Marie-H\u00e9l\u00e8ne Ollivier-Lestre (journaliste) \u2013 septembre 2010. Ce dossier fait \u00e9tat des r\u00e9sultats d\u00e9j\u00e0 obtenus par notre association avec l\u2019appui des \u00e9lus et d\u2019autres associations, ainsi [&hellip;]\" \/>\n<meta property=\"og:url\" content=\"https:\/\/www.clients.horus-informatique71.fr\/advocnar_backup\/publications\/\" \/>\n<meta property=\"og:site_name\" content=\"Advocnar\" \/>\n<meta property=\"article:modified_time\" content=\"2022-10-18T11:57:19+00:00\" \/>\n<meta name=\"twitter:card\" content=\"summary_large_image\" \/>\n<meta name=\"twitter:label1\" content=\"Dur\u00e9e de lecture estim\u00e9e\" \/>\n\t<meta name=\"twitter:data1\" content=\"2 minutes\" \/>\n<script type=\"application\/ld+json\" class=\"yoast-schema-graph\">{\"@context\":\"https:\/\/schema.org\",\"@graph\":[{\"@type\":\"WebPage\",\"@id\":\"https:\/\/www.clients.horus-informatique71.fr\/advocnar_backup\/publications\/\",\"url\":\"https:\/\/www.clients.horus-informatique71.fr\/advocnar_backup\/publications\/\",\"name\":\"Publications - Advocnar\",\"isPartOf\":{\"@id\":\"https:\/\/www.clients.horus-informatique71.fr\/advocnar_backup\/#website\"},\"datePublished\":\"2016-02-24T09:13:01+00:00\",\"dateModified\":\"2022-10-18T11:57:19+00:00\",\"breadcrumb\":{\"@id\":\"https:\/\/www.clients.horus-informatique71.fr\/advocnar_backup\/publications\/#breadcrumb\"},\"inLanguage\":\"fr-FR\",\"potentialAction\":[{\"@type\":\"ReadAction\",\"target\":[\"https:\/\/www.clients.horus-informatique71.fr\/advocnar_backup\/publications\/\"]}]},{\"@type\":\"BreadcrumbList\",\"@id\":\"https:\/\/www.clients.horus-informatique71.fr\/advocnar_backup\/publications\/#breadcrumb\",\"itemListElement\":[{\"@type\":\"ListItem\",\"position\":1,\"name\":\"Accueil\",\"item\":\"https:\/\/www.clients.horus-informatique71.fr\/advocnar_backup\/\"},{\"@type\":\"ListItem\",\"position\":2,\"name\":\"Publications\"}]},{\"@type\":\"WebSite\",\"@id\":\"https:\/\/www.clients.horus-informatique71.fr\/advocnar_backup\/#website\",\"url\":\"https:\/\/www.clients.horus-informatique71.fr\/advocnar_backup\/\",\"name\":\"Advocnar\",\"description\":\"Association de D\u00e9fense Contre les Nuisances A\u00e9riennes\",\"potentialAction\":[{\"@type\":\"SearchAction\",\"target\":{\"@type\":\"EntryPoint\",\"urlTemplate\":\"https:\/\/www.clients.horus-informatique71.fr\/advocnar_backup\/?s={search_term_string}\"},\"query-input\":\"required name=search_term_string\"}],\"inLanguage\":\"fr-FR\"}]}<\/script>\n<!-- \/ Yoast SEO plugin. -->","yoast_head_json":{"title":"Publications - Advocnar","robots":{"index":"index","follow":"follow","max-snippet":"max-snippet:-1","max-image-preview":"max-image-preview:large","max-video-preview":"max-video-preview:-1"},"canonical":"https:\/\/www.clients.horus-informatique71.fr\/advocnar_backup\/publications\/","og_locale":"fr_FR","og_type":"article","og_title":"Publications - Advocnar","og_description":"[vc_row type=\u00a0\u00bbcontainer\u00a0\u00bb padding_top=\u00a0\u00bb\u00a0\u00bb padding_bottom=\u00a0\u00bb\u00a0\u00bb][vc_column][vc_column_text] Dossier sp\u00e9cial nuisances a\u00e9riennes [\/vc_column_text][vc_row_inner][vc_column_inner width=\u00a0\u00bb1\/3&Prime;][vc_single_image image=\u00a0\u00bb71411&Prime; img_size=\u00a0\u00bbfull\u00a0\u00bb][\/vc_column_inner][vc_column_inner width=\u00a0\u00bb2\/3&Prime;][vc_column_text] R\u00e9dacteurs: Patric Kruissel, Jacqueline Bonhomme, Alain P\u00e9ri, Fran\u00e7oise Brochot, Catherine Bouvier, Jos\u00e9 Jimenez, Jo\u00ebl Ravenel (ADVOCNAR) et Marie-H\u00e9l\u00e8ne Ollivier-Lestre (journaliste) \u2013 septembre 2010. Ce dossier fait \u00e9tat des r\u00e9sultats d\u00e9j\u00e0 obtenus par notre association avec l\u2019appui des \u00e9lus et d\u2019autres associations, ainsi [&hellip;]","og_url":"https:\/\/www.clients.horus-informatique71.fr\/advocnar_backup\/publications\/","og_site_name":"Advocnar","article_modified_time":"2022-10-18T11:57:19+00:00","twitter_card":"summary_large_image","twitter_misc":{"Dur\u00e9e de lecture estim\u00e9e":"2 minutes"},"schema":{"@context":"https:\/\/schema.org","@graph":[{"@type":"WebPage","@id":"https:\/\/www.clients.horus-informatique71.fr\/advocnar_backup\/publications\/","url":"https:\/\/www.clients.horus-informatique71.fr\/advocnar_backup\/publications\/","name":"Publications - Advocnar","isPartOf":{"@id":"https:\/\/www.clients.horus-informatique71.fr\/advocnar_backup\/#website"},"datePublished":"2016-02-24T09:13:01+00:00","dateModified":"2022-10-18T11:57:19+00:00","breadcrumb":{"@id":"https:\/\/www.clients.horus-informatique71.fr\/advocnar_backup\/publications\/#breadcrumb"},"inLanguage":"fr-FR","potentialAction":[{"@type":"ReadAction","target":["https:\/\/www.clients.horus-informatique71.fr\/advocnar_backup\/publications\/"]}]},{"@type":"BreadcrumbList","@id":"https:\/\/www.clients.horus-informatique71.fr\/advocnar_backup\/publications\/#breadcrumb","itemListElement":[{"@type":"ListItem","position":1,"name":"Accueil","item":"https:\/\/www.clients.horus-informatique71.fr\/advocnar_backup\/"},{"@type":"ListItem","position":2,"name":"Publications"}]},{"@type":"WebSite","@id":"https:\/\/www.clients.horus-informatique71.fr\/advocnar_backup\/#website","url":"https:\/\/www.clients.horus-informatique71.fr\/advocnar_backup\/","name":"Advocnar","description":"Association de D\u00e9fense Contre les Nuisances A\u00e9riennes","potentialAction":[{"@type":"SearchAction","target":{"@type":"EntryPoint","urlTemplate":"https:\/\/www.clients.horus-informatique71.fr\/advocnar_backup\/?s={search_term_string}"},"query-input":"required name=search_term_string"}],"inLanguage":"fr-FR"}]}},"_links":{"self":[{"href":"https:\/\/www.clients.horus-informatique71.fr\/advocnar_backup\/wp-json\/wp\/v2\/pages\/70763"}],"collection":[{"href":"https:\/\/www.clients.horus-informatique71.fr\/advocnar_backup\/wp-json\/wp\/v2\/pages"}],"about":[{"href":"https:\/\/www.clients.horus-informatique71.fr\/advocnar_backup\/wp-json\/wp\/v2\/types\/page"}],"author":[{"embeddable":true,"href":"https:\/\/www.clients.horus-informatique71.fr\/advocnar_backup\/wp-json\/wp\/v2\/users\/18"}],"replies":[{"embeddable":true,"href":"https:\/\/www.clients.horus-informatique71.fr\/advocnar_backup\/wp-json\/wp\/v2\/comments?post=70763"}],"version-history":[{"count":46,"href":"https:\/\/www.clients.horus-informatique71.fr\/advocnar_backup\/wp-json\/wp\/v2\/pages\/70763\/revisions"}],"predecessor-version":[{"id":78280,"href":"https:\/\/www.clients.horus-informatique71.fr\/advocnar_backup\/wp-json\/wp\/v2\/pages\/70763\/revisions\/78280"}],"wp:attachment":[{"href":"https:\/\/www.clients.horus-informatique71.fr\/advocnar_backup\/wp-json\/wp\/v2\/media?parent=70763"}],"curies":[{"name":"wp","href":"https:\/\/api.w.org\/{rel}","templated":true}]}}