{"id":70889,"date":"2016-03-08T16:21:18","date_gmt":"2016-03-08T15:21:18","guid":{"rendered":"https:\/\/www.clients.horus-informatique71.fr\/advocnar_backup\/?page_id=70889"},"modified":"2022-04-12T00:32:40","modified_gmt":"2022-04-11T22:32:40","slug":"adhesion","status":"publish","type":"page","link":"https:\/\/www.clients.horus-informatique71.fr\/advocnar_backup\/adhesion\/","title":{"rendered":"Adh\u00e9sion"},"content":{"rendered":"<p>[vc_row type=\u00a0\u00bbcontainer\u00a0\u00bb padding_top=\u00a0\u00bb\u00a0\u00bb padding_bottom=\u00a0\u00bb\u00a0\u00bb css=\u00a0\u00bb.vc_custom_1494856140215{margin-top: 45px !important;}\u00a0\u00bb][vc_column][vc_column_text]<strong>Vous \u00eates concern\u00e9s, vous vous sentez impliqu\u00e9s, vous voulez agir.<\/strong><\/p>\n<p><strong>Aidez-nous en adh\u00e9rant \u00e0 l&rsquo;ADVOCNAR.<\/strong><\/p>\n<p>Pour cela, vous pouvez :<\/p>\n<ul>\n<li>compl\u00e9ter et envoyer le <a href=\"https:\/\/www.clients.horus-informatique71.fr\/advocnar_backup\/wp-content\/uploads\/2019\/08\/BULLETIN-adhesion-bleu.pdf\">bulletin d&rsquo;adh\u00e9sion<\/a> accompagn\u00e9 de votre r\u00e8glement au si\u00e8ge social \u00e0 l&rsquo;adresse postale :<\/li>\n<\/ul>\n<p style=\"text-align: center;\"><strong>ADVOCNAR, BP 10002, 95390 SAINT-PRIX<\/strong><\/p>\n<ul>\n<li><u>a<\/u>ppeler la permanence \u00a0de l&rsquo;ADVOCNAR de 9h00 \u00e0 13h00 du lundi au vendredi au :<\/li>\n<\/ul>\n<p style=\"text-align: center;\"><strong>01 39 89 91 99<\/strong><\/p>\n<ul>\n<li>adh\u00e9rer ou renouveler votre adh\u00e9sion en ligne avec paiement s\u00e9curis\u00e9\u00a0(Mon\u00e9tico paiement Cr\u00e9dit Mutuel) :<\/li>\n<\/ul>\n<p>[\/vc_column_text][\/vc_column][\/vc_row][vc_row type=\u00a0\u00bbfull_page_width_inner_container\u00a0\u00bb padding_top=\u00a0\u00bb\u00a0\u00bb padding_bottom=\u00a0\u00bb\u00a0\u00bb css=\u00a0\u00bb.vc_custom_1494856170866{background-color: #f6f6f6 !important;}\u00a0\u00bb][vc_column][vc_column_text]    <div id=\"errors\"><\/div>\n\n    <form id=\"member-form\" action=\"https:\/\/p.monetico-services.com\/paiement.cgi\" method=\"post\">\n        <input type=\"hidden\" name=\"version\" id=\"version\" value=\"3.0\" \/>\n    \t<input type=\"hidden\" name=\"TPE\" id=\"TPE\" value=\"0378145\" \/>\n    \t<input type=\"hidden\" name=\"montant\" id=\"montant\" value=\"\" \/>\n    \t<input type=\"hidden\" name=\"reference\" id=\"reference\" value=\"69f1b9ac683a\" \/>\n        <input type=\"hidden\" name=\"date\" id=\"date\" value=\"29\/04\/2026:09:56:28\" \/>\n    \t<input type=\"hidden\" name=\"MAC\" id=\"MAC\" value=\"\" \/>\n    \t<input type=\"hidden\" name=\"url_retour\" id=\"url_retour\" value=\"https:\/\/www.advocnar.fr\/adhesion\/?message=fail\" \/>\n    \t<input type=\"hidden\" name=\"url_retour_ok\" id=\"url_retour_ok\" value=\"https:\/\/www.advocnar.fr\/adhesion\/?message=success\" \/>\n    \t<input type=\"hidden\" name=\"url_retour_err\" id=\"url_retour_err\" value=\"https:\/\/www.advocnar.fr\/adhesion\/?message=fail\" \/>\n    \t<input type=\"hidden\" name=\"lgue\" id=\"lgue\" value=\"FR\" \/>\n    \t<input type=\"hidden\" name=\"societe\" id=\"societe\" value=\"advocnar\" \/>\n    \t<input type=\"hidden\" name=\"texte-libre\" id=\"texte-libre\" value=\"\" \/>\n\n        <input type=\"hidden\" name=\"action\" value=\"subscribe\"\/>\n\n        <div class=\"row\">\n\t\t\t<div class=\"col-lg-12 col-md-12 col-sm-12 col-xs-12 headTitle\">\n\t\t\t\t<h3>Formulaire d'adh\u00e9sion<\/h3>\n\t\t\t<\/div>\n        \t<div class=\"col-lg-6 col-md-6 col-sm-6 col-xs-12\">\n\t\t\t\t<div class=\"row bg-gray\">\n\t\t\t\t\t<div class=\"col-lg-6 col-md-6 col-sm-6 col-xs-12\">\n\t\t\t\t\t\t<label for=\"newSubscription\" class=\"radio-inline\">\n\t\t\t  \t\t\t\t<input id=\"newSubscription\" type=\"radio\" name=\"subscription_type\" value=\"new\" checked=\"checked\"\/>\n\t\t\t  \t\t\t\tAdh\u00e9sion\n\t\t\t\t\t\t<\/label>\n\t\t\t\t\t<\/div>\n\t\t\t\t\t<div class=\"col-lg-6 col-md-6 col-sm-6 col-xs-12\">\n\t\t\t\t\t\t<label for=\"renewSubscription\" class=\"radio-inline\">\n\t\t\t  \t\t\t\t<input id=\"renewSubscription\" type=\"radio\" name=\"subscription_type\" value=\"renew\"\/>\n\t\t\t  \t\t\t\tRenouvellement\n\t\t\t\t\t\t<\/label>\n\t\t\t\t\t<\/div>\n\t\t\t\t<\/div>\n\t\t\t<\/div>\n\t\t<\/div>\n\t\t<div class=\"row\">\n\t\t\t<div class=\"col-lg-6 col-md-6 col-sm-6 col-xs-12\">\n\t\t        <div class=\"row\">\n\t\t\t\t\t<div class=\"col-lg-12 col-md-12 col-sm-12 col-xs-12 subscriberInfos\">\n\t\t\t\t\t\t <h3 class=\"title\">Je soutiens l'action (montant min. 20\u20ac)<\/h3>\n\t\t\t\t\t<\/div>\n\t\t\t\t<\/div>\n\t\t\t\t<div class=\"row\">\n\t\t\t\t\t<div class=\"col-lg-8 col-md-8 col-sm-8 col-xs-12\">\n\t\t\t\t\t\t<div class=\"row\">\n\t\t\t\t\t\t\t<div class=\"col-lg-4 col-md-4 col-sm-4 col-xs-12\">\n\t\t\t\t\t\t\t\t<label for=\"pledgeAmount\" class=\"radio-inline\">\n\t\t\t\t\t  \t\t\t\t<input type=\"radio\" name=\"pledgeAmount\" value=\"20\"\/>\n\t\t\t\t\t  \t\t\t\t20\u20ac\n\t\t\t\t\t\t\t\t<\/label>\n\t\t\t\t\t\t\t<\/div>\n\t\t\t\t\t\t\t<div class=\"col-lg-4 col-md-4 col-sm-4 col-xs-12\">\n\t\t\t\t\t\t\t\t<label for=\"pledgeAmount\" class=\"radio-inline\">\n\t\t\t\t\t  \t\t\t\t<input type=\"radio\" name=\"pledgeAmount\" value=\"30\"\/>\n\t\t\t\t\t  \t\t\t\t30\u20ac\n\t\t\t\t\t\t\t\t<\/label>\n\t\t\t\t\t\t\t<\/div>\n\t\t\t\t\t\t\t<div class=\"col-lg-4 col-md-4 col-sm-4 col-xs-12\">\n\t\t\t\t\t\t\t\t<label for=\"pledgeAmount\" class=\"radio-inline\">\n\t\t\t\t\t  \t\t\t\t<input type=\"radio\" name=\"pledgeAmount\" value=\"40\"\/>\n\t\t\t\t\t  \t\t\t\t40\u20ac\n\t\t\t\t\t\t\t\t<\/label>\n\t\t\t\t\t\t\t<\/div>\n\t\t\t\t\t\t<\/div>\n\t\t\t\t\t<\/div>\n\t\t\t\t\t<div class=\"col-lg-4 col-md-4 col-sm-4 col-xs-12\">\n\t\t\t\t\t\t<label for=\"pledgeAmount\" class=\"radio-inline\">\n\t                        <div class=\"input-group\">\n\t                        \t<input type=\"radio\" name=\"pledgeAmount\" class=\"pledgeAmount\" value=\"custom\"\/>\n\t                        \t<input type=\"number\" class=\"form-control\" name=\"customAmount\" min=\"20\"\/>\n\t\t\t\t\t\t\t  \t<span class=\"input-group-addon\">\u20ac<\/span>\n\t\t\t\t\t\t\t<\/div>\n\t\t\t\t\t\t<\/label>\n\t\t\t\t\t<\/div>\n\t\t\t\t<\/div>\n\t\t\t<\/div>\n\t\t<\/div>\n\t\t<div class=\"row\">\n\t\t    <div class=\"col-lg-6 col-md-6 col-sm-6 col-xs-12\">\n\t\t        <div class=\"row\">\n\t\t\t\t\t<div class=\"col-lg-12 col-md-12 col-sm-12 col-xs-12 subscriberInfos\">\n\t\t\t\t\t\t <h3 class=\"title\">Mes informations<\/h3>\n\t\t\t\t\t<\/div>\n\t\t\t\t<\/div>\n\t\t\t\t<div class=\"row bg-gray\">\n\t\t\t        <div class=\"col-lg-6 col-md-6 col-sm-6 col-xs-12\">\n\t\t\t\t        <div class=\"form-group newSub\">\n\t\t\t\t\t    \t<label for=\"gender_id\">Civilit\u00e9 *<\/label>\n\t\t\t\t\t    \t<select id=\"gender_id\" name=\"gender_id\" class=\"form-control\">\n\t\t\t\t            \t<option value=\"undefined\">S\u00e9lectionner une civilit\u00e9<\/option>\n\t\t\t\t            \t\t\t\t\t                    <option value=\"1\">Grp<\/option>\n\t\t\t\t                \t\t\t\t                    <option value=\"2\">M.<\/option>\n\t\t\t\t                \t\t\t\t                    <option value=\"3\">Mme<\/option>\n\t\t\t\t                \t\t\t\t                    <option value=\"5\">M. & Mme<\/option>\n\t\t\t\t                \t\t\t\t            <\/select>\n\t\t\t\t\t  \t<\/div>\n\t\t\t\t\t  \t<div class=\"form-group newSub\">\n\t\t\t\t\t    \t<label for=\"last_name\">Nom *<\/label>\n\t\t\t\t\t    \t<input name=\"last_name\" type=\"text\" id=\"last_name\" class=\"regular-text code form-control\">\n\t\t\t\t\t  \t<\/div>\n\t\t\t\t\t  \t<div class=\"form-group newSub\">\n\t\t\t\t\t    \t<label for=\"first_name\">Pr\u00e9nom *<\/label>\n\t\t\t\t\t    \t<input name=\"first_name\" type=\"text\" id=\"first_name\" class=\"regular-text code form-control\">\n\t\t\t\t\t  \t<\/div>\n\t\t\t\t\t  \t<div class=\"form-group newSub\">\n\t\t\t\t\t    \t<label for=\"phone\">T\u00e9l\u00e9phone<\/label>\n\t\t\t\t\t    \t<input name=\"phone\" type=\"text\" id=\"phone\" class=\"regular-text code form-control\">\n\t\t\t\t\t  \t<\/div>\n\t\t\t\t\t  \t<div class=\"form-group newSub\">\n\t\t\t\t\t    \t<label for=\"cellphone\">T\u00e9l. portable<\/label>\n\t\t\t\t\t    \t<input name=\"cellphone\" type=\"text\" id=\"cellphone\" class=\"regular-text code form-control\">\n\t\t\t\t\t  \t<\/div>\n\t\t\t\t\t  \t<div class=\"form-group\">\n\t\t\t\t\t    \t<label for=\"mail\">E-Mail *<\/label>\n\t\t\t\t\t    \t<input name=\"mail\" type=\"text\" id=\"mail\" class=\"regular-text code form-control\">\n\t\t\t\t\t  \t<\/div>\n                        <div class=\"form-group\">\n\t\t\t\t\t    \t<label for=\"mail\">Mot de passe *<\/label>\n\t\t\t\t\t    \t<input name=\"pass\" type=\"text\" id=\"pass\" class=\"regular-text code form-control\">\n                            <a href=\"javascript:void(0)\" style=\"display:none;\" id=\"rechercherRenew\">V\u00e9rifier mes informations<\/a><br \/>\n                            <a href=\"javascript:void(0)\" style=\"display:none;\" id=\"rechercherPass\">Cr\u00e9ation \/ oubli du mot de passe<\/a>\n\t\t\t\t\t  \t<\/div>\n\t\t\t\t\t<\/div>\n\t\t\t\t\t<div class=\"col-lg-6 col-md-6 col-sm-6 col-xs-12\">\n\t\t\t\t\t\t<div class=\"form-group newSub\">\n\t\t\t\t\t    \t<label for=\"address\">Adresse *<\/label>\n\t\t\t\t\t    \t<input name=\"address\" type=\"text\" id=\"address\" class=\"regular-text code form-control\">\n\t\t\t\t\t  \t<\/div>\n\t\t\t\t\t  \t<div class=\"form-group newSub\">\n\t\t\t\t\t    \t<label for=\"additional_address\">Compl\u00e9ment<\/label>\n\t\t\t\t\t    \t<input name=\"additional_address\" type=\"text\" id=\"additional_address\" class=\"regular-text code form-control\">\n\t\t\t\t\t  \t<\/div>\n\t\t\t\t\t  \t<div class=\"form-group newSub\">\n\t\t\t\t\t    \t<label for=\"zipcode\">Code postal *<\/label>\n\t\t\t\t\t    \t<input name=\"zipcode\" type=\"text\" id=\"zipcode\" class=\"regular-text code form-control\">\n\t\t\t\t\t  \t<\/div>\n\t\t\t\t\t  \t<div class=\"form-group newSub\">\n\t\t\t\t\t    \t<label for=\"city_id\">Ville *<\/label>\n\t\t\t\t\t    \t<select name=\"city_id\" id=\"city_id\" class=\"form-control\">\n\t\t\t\t                <option value=\"-1\">Selectionner une ville<\/option>\n\t\t\t\t            <\/select>\n\t\t\t\t\t  \t<\/div>\n\t\t\t\t\t<\/div>\n\t\t\t\t<\/div>\n\t\t\t<\/div>\n\t\t\t<div class=\"changePosition col-lg-offset-1 col-lg-5 col-md-offset-1 col-md-5 col-sm-offset-1 col-sm-5 col-xs-12\">\n\t\t\t\t<div class=\"row\">\n\t\t\t\t\t<div class=\"changePosition2 col-lg-12 col-md-12 col-sm-12 col-xs-12\">\n\t\t\t\t        <h4 class=\"title\">Je peux aider l'ADVOCNAR dans les domaines suivants<\/h4>\n\n\t\t\t\t        <div class=\"form-group\">\n\t\t\t\t        \t<label for=\"domains\">Domaines<\/label>\n\t\t\t\t\t\t\t<div class=\"row checkbox\">\n\t\t\t\t\t\t\t\t\t\t\t\t\t\t\t\t\t<div class=\"col-lg-6 col-md-6 col-sm-6 col-xs-12\">\n\t\t\t\t\t\t\t\t\t\t<input name=\"domains[]\" type=\"checkbox\" class=\"checkbox-inline\" value=\"1\">\n\t\t\t\t                    \t<label>A\u00e9ronautique<\/label>\n\t\t\t\t                    <\/div>\n\t\t\t\t                \t\t\t\t\t\t\t\t\t<div class=\"col-lg-6 col-md-6 col-sm-6 col-xs-12\">\n\t\t\t\t\t\t\t\t\t\t<input name=\"domains[]\" type=\"checkbox\" class=\"checkbox-inline\" value=\"2\">\n\t\t\t\t                    \t<label>Juridique<\/label>\n\t\t\t\t                    <\/div>\n\t\t\t\t                \t\t\t\t\t\t\t\t\t<div class=\"col-lg-6 col-md-6 col-sm-6 col-xs-12\">\n\t\t\t\t\t\t\t\t\t\t<input name=\"domains[]\" type=\"checkbox\" class=\"checkbox-inline\" value=\"3\">\n\t\t\t\t                    \t<label>Sant\u00e9<\/label>\n\t\t\t\t                    <\/div>\n\t\t\t\t                \t\t\t\t\t\t\t\t\t<div class=\"col-lg-6 col-md-6 col-sm-6 col-xs-12\">\n\t\t\t\t\t\t\t\t\t\t<input name=\"domains[]\" type=\"checkbox\" class=\"checkbox-inline\" value=\"4\">\n\t\t\t\t                    \t<label>Marketing<\/label>\n\t\t\t\t                    <\/div>\n\t\t\t\t                \t\t\t\t\t\t\t\t\t<div class=\"col-lg-6 col-md-6 col-sm-6 col-xs-12\">\n\t\t\t\t\t\t\t\t\t\t<input name=\"domains[]\" type=\"checkbox\" class=\"checkbox-inline\" value=\"5\">\n\t\t\t\t                    \t<label>M\u00e9dias<\/label>\n\t\t\t\t                    <\/div>\n\t\t\t\t                \t\t\t\t\t\t\t\t\t<div class=\"col-lg-6 col-md-6 col-sm-6 col-xs-12\">\n\t\t\t\t\t\t\t\t\t\t<input name=\"domains[]\" type=\"checkbox\" class=\"checkbox-inline\" value=\"6\">\n\t\t\t\t                    \t<label>Autres<\/label>\n\t\t\t\t                    <\/div>\n\t\t\t\t                \t\t\t\t\t\t\t\t\t<div class=\"col-lg-6 col-md-6 col-sm-6 col-xs-12\">\n\t\t\t\t\t\t\t\t\t\t<input name=\"domains[]\" type=\"checkbox\" class=\"checkbox-inline\" value=\"7\">\n\t\t\t\t                    \t<label>Distribution<\/label>\n\t\t\t\t                    <\/div>\n\t\t\t\t                \t\t\t\t\t\t\t\t\t<div class=\"col-lg-6 col-md-6 col-sm-6 col-xs-12\">\n\t\t\t\t\t\t\t\t\t\t<input name=\"domains[]\" type=\"checkbox\" class=\"checkbox-inline\" value=\"8\">\n\t\t\t\t                    \t<label>Comptabilit\u00e9<\/label>\n\t\t\t\t                    <\/div>\n\t\t\t\t                \t\t\t\t\t\t\t\t\t<div class=\"col-lg-6 col-md-6 col-sm-6 col-xs-12\">\n\t\t\t\t\t\t\t\t\t\t<input name=\"domains[]\" type=\"checkbox\" class=\"checkbox-inline\" value=\"9\">\n\t\t\t\t                    \t<label>Photo\/Vid\u00e9o<\/label>\n\t\t\t\t                    <\/div>\n\t\t\t\t                \t\t\t\t\t\t\t<\/div>\n\t\t\t\t  \t\t<\/div>\n\t\t\t\t\t<\/div>\n\t\t\t\t\t<div class=\"changePosition2 col-lg-12 col-md-12 col-sm-12 col-xs-12\">\n\t\t\t\t        <h4 class=\"title\">Je peux participer \u00e0 des actions ponctuelles<\/h4>\n\n\t\t\t\t        <div class=\"form-group\">\n\t\t\t\t        \t<label for=\"actions\">Actions<\/label>\n\t\t\t\t\t\t\t<div class=\"row checkbox\">\n\t\t\t\t\t\t\t\t\t\t\t\t\t\t\t\t\t<div class=\"col-lg-6 col-md-6 col-sm-6 col-xs-12\">\n\t\t\t\t\t\t\t\t\t\t <input name=\"actions[]\" type=\"checkbox\" value=\"1\">\n\t\t\t\t                    \t <label>Distribution de tracts<\/label>\n\t\t\t\t                    <\/div>\n\t\t\t\t                \t\t\t\t\t\t\t\t\t<div class=\"col-lg-6 col-md-6 col-sm-6 col-xs-12\">\n\t\t\t\t\t\t\t\t\t\t <input name=\"actions[]\" type=\"checkbox\" value=\"2\">\n\t\t\t\t                    \t <label>March\u00e9s et Forums<\/label>\n\t\t\t\t                    <\/div>\n\t\t\t\t                \t\t\t\t\t\t\t\t\t<div class=\"col-lg-6 col-md-6 col-sm-6 col-xs-12\">\n\t\t\t\t\t\t\t\t\t\t <input name=\"actions[]\" type=\"checkbox\" value=\"3\">\n\t\t\t\t                    \t <label>Manifestations<\/label>\n\t\t\t\t                    <\/div>\n\t\t\t\t                \t\t\t\t\t\t\t<\/div>\n\t\t\t\t  \t\t<\/div>\n\t\t\t\t\t<\/div>\n\t\t\t\t<\/div>\n\t\t\t\t<div class=\"row\">\n\t\t\t\t\t<div class=\"col-lg-6 col-md-6 col-sm-6 col-xs-12 captcha\">\n\t\t\t\t\t\t<div class=\"g-recaptcha\" data-sitekey=\"6LeZmQkUAAAAAH-UvQH8lPTZxhzrLySFc9QJJovL\"><\/div>\n\t\t\t\t\t<\/div>\n\t\t\t\t<\/div>\n                <div class=\"checkbox\">\n                    <label>\n                        <input id=\"validation_cgu\" type=\"checkbox\" name=\"validation_cgu\" value=\"cgu\" required \/>\n                        <label for=\"validation_cgu\">J'accepte les <a href=\"https:\/\/www.clients.horus-informatique71.fr\/advocnar_backup\/conditions-dutilisation\/\">conditions d'utilisation<\/a> par l'ADVOCNAR des renseignements fournis dans ce formulaire. * Champs obligatoires.<\/label>\n                    <\/label>\n                <\/div>\n\t\t\t\t<div class=\"row\">\n\t\t\t\t\t<div class=\"col-lg-6 col-md-6 col-sm-6 col-xs-12 submit-form\">\n\t\t\t\t\t     <input type=\"submit\" type=\"button\" class=\"btn btn-success\" value=\"R\u00e9gler le montant de mon adh\u00e9sion\"\/>\n\t\t\t\t\t<\/div>\n\t\t\t\t<\/div>\n\t\t\t<\/div>\n        <\/div>\n    <\/form>\n[\/vc_column_text][\/vc_column][\/vc_row][vc_row type=\u00a0\u00bbcontainer\u00a0\u00bb padding_top=\u00a0\u00bb\u00a0\u00bb padding_bottom=\u00a0\u00bb\u00a0\u00bb css=\u00a0\u00bb.vc_custom_1494856534164{margin-top: 35px !important;}\u00a0\u00bb][vc_column][vc_column_text]Vous disposez d&rsquo;un droit d&rsquo;acc\u00e8s, de rectification et de suppression des informations vous concernant (loi du 6 janvier 1978).<\/p>\n<p>L&rsquo;ADVOCNAR est une association agr\u00e9\u00e9e environnement. Vous b\u00e9n\u00e9ficiez donc d&rsquo;une d\u00e9duction fiscale de 66% (dans la limite de 6% de votre revenu imposable). Un re\u00e7u fiscal vous sera adress\u00e9 dans le courant du premier trimestre de l&rsquo;ann\u00e9e qui suit votre adh\u00e9sion.[\/vc_column_text][\/vc_column][\/vc_row]<\/p>\n","protected":false},"excerpt":{"rendered":"<p>[vc_row type=\u00a0\u00bbcontainer\u00a0\u00bb padding_top=\u00a0\u00bb\u00a0\u00bb padding_bottom=\u00a0\u00bb\u00a0\u00bb css=\u00a0\u00bb.vc_custom_1494856140215{margin-top: 45px !important;}\u00a0\u00bb][vc_column][vc_column_text]Vous \u00eates concern\u00e9s, vous vous sentez impliqu\u00e9s, vous voulez agir. Aidez-nous en adh\u00e9rant \u00e0 l&rsquo;ADVOCNAR. Pour cela, vous pouvez : compl\u00e9ter et envoyer le bulletin d&rsquo;adh\u00e9sion accompagn\u00e9 de votre r\u00e8glement au si\u00e8ge social \u00e0 l&rsquo;adresse postale : ADVOCNAR, BP 10002, 95390 SAINT-PRIX appeler la permanence \u00a0de l&rsquo;ADVOCNAR de 9h00 [&hellip;]<\/p>\n","protected":false},"author":18,"featured_media":0,"parent":0,"menu_order":0,"comment_status":"closed","ping_status":"closed","template":"page-full-width.php","meta":{"footnotes":""},"yoast_head":"<!-- This site is optimized with the Yoast SEO plugin v22.0 - https:\/\/yoast.com\/wordpress\/plugins\/seo\/ -->\n<title>Adh\u00e9sion - Advocnar<\/title>\n<meta name=\"robots\" content=\"index, follow, max-snippet:-1, max-image-preview:large, max-video-preview:-1\" \/>\n<link rel=\"canonical\" href=\"https:\/\/www.clients.horus-informatique71.fr\/advocnar_backup\/adhesion\/\" \/>\n<meta property=\"og:locale\" content=\"fr_FR\" \/>\n<meta property=\"og:type\" content=\"article\" \/>\n<meta property=\"og:title\" content=\"Adh\u00e9sion - Advocnar\" \/>\n<meta property=\"og:description\" content=\"[vc_row type=\u00a0\u00bbcontainer\u00a0\u00bb padding_top=\u00a0\u00bb\u00a0\u00bb padding_bottom=\u00a0\u00bb\u00a0\u00bb css=\u00a0\u00bb.vc_custom_1494856140215{margin-top: 45px !important;}\u00a0\u00bb][vc_column][vc_column_text]Vous \u00eates concern\u00e9s, vous vous sentez impliqu\u00e9s, vous voulez agir. Aidez-nous en adh\u00e9rant \u00e0 l&rsquo;ADVOCNAR. Pour cela, vous pouvez : compl\u00e9ter et envoyer le bulletin d&rsquo;adh\u00e9sion accompagn\u00e9 de votre r\u00e8glement au si\u00e8ge social \u00e0 l&rsquo;adresse postale : ADVOCNAR, BP 10002, 95390 SAINT-PRIX appeler la permanence \u00a0de l&rsquo;ADVOCNAR de 9h00 [&hellip;]\" \/>\n<meta property=\"og:url\" content=\"https:\/\/www.clients.horus-informatique71.fr\/advocnar_backup\/adhesion\/\" \/>\n<meta property=\"og:site_name\" content=\"Advocnar\" \/>\n<meta property=\"article:modified_time\" content=\"2022-04-11T22:32:40+00:00\" \/>\n<meta name=\"twitter:card\" content=\"summary_large_image\" \/>\n<meta name=\"twitter:label1\" content=\"Dur\u00e9e de lecture estim\u00e9e\" \/>\n\t<meta name=\"twitter:data1\" content=\"1 minute\" \/>\n<script type=\"application\/ld+json\" class=\"yoast-schema-graph\">{\"@context\":\"https:\/\/schema.org\",\"@graph\":[{\"@type\":\"WebPage\",\"@id\":\"https:\/\/www.clients.horus-informatique71.fr\/advocnar_backup\/adhesion\/\",\"url\":\"https:\/\/www.clients.horus-informatique71.fr\/advocnar_backup\/adhesion\/\",\"name\":\"Adh\u00e9sion - Advocnar\",\"isPartOf\":{\"@id\":\"https:\/\/www.clients.horus-informatique71.fr\/advocnar_backup\/#website\"},\"datePublished\":\"2016-03-08T15:21:18+00:00\",\"dateModified\":\"2022-04-11T22:32:40+00:00\",\"breadcrumb\":{\"@id\":\"https:\/\/www.clients.horus-informatique71.fr\/advocnar_backup\/adhesion\/#breadcrumb\"},\"inLanguage\":\"fr-FR\",\"potentialAction\":[{\"@type\":\"ReadAction\",\"target\":[\"https:\/\/www.clients.horus-informatique71.fr\/advocnar_backup\/adhesion\/\"]}]},{\"@type\":\"BreadcrumbList\",\"@id\":\"https:\/\/www.clients.horus-informatique71.fr\/advocnar_backup\/adhesion\/#breadcrumb\",\"itemListElement\":[{\"@type\":\"ListItem\",\"position\":1,\"name\":\"Accueil\",\"item\":\"https:\/\/www.clients.horus-informatique71.fr\/advocnar_backup\/\"},{\"@type\":\"ListItem\",\"position\":2,\"name\":\"Adh\u00e9sion\"}]},{\"@type\":\"WebSite\",\"@id\":\"https:\/\/www.clients.horus-informatique71.fr\/advocnar_backup\/#website\",\"url\":\"https:\/\/www.clients.horus-informatique71.fr\/advocnar_backup\/\",\"name\":\"Advocnar\",\"description\":\"Association de D\u00e9fense Contre les Nuisances A\u00e9riennes\",\"potentialAction\":[{\"@type\":\"SearchAction\",\"target\":{\"@type\":\"EntryPoint\",\"urlTemplate\":\"https:\/\/www.clients.horus-informatique71.fr\/advocnar_backup\/?s={search_term_string}\"},\"query-input\":\"required name=search_term_string\"}],\"inLanguage\":\"fr-FR\"}]}<\/script>\n<!-- \/ Yoast SEO plugin. -->","yoast_head_json":{"title":"Adh\u00e9sion - Advocnar","robots":{"index":"index","follow":"follow","max-snippet":"max-snippet:-1","max-image-preview":"max-image-preview:large","max-video-preview":"max-video-preview:-1"},"canonical":"https:\/\/www.clients.horus-informatique71.fr\/advocnar_backup\/adhesion\/","og_locale":"fr_FR","og_type":"article","og_title":"Adh\u00e9sion - Advocnar","og_description":"[vc_row type=\u00a0\u00bbcontainer\u00a0\u00bb padding_top=\u00a0\u00bb\u00a0\u00bb padding_bottom=\u00a0\u00bb\u00a0\u00bb css=\u00a0\u00bb.vc_custom_1494856140215{margin-top: 45px !important;}\u00a0\u00bb][vc_column][vc_column_text]Vous \u00eates concern\u00e9s, vous vous sentez impliqu\u00e9s, vous voulez agir. Aidez-nous en adh\u00e9rant \u00e0 l&rsquo;ADVOCNAR. Pour cela, vous pouvez : compl\u00e9ter et envoyer le bulletin d&rsquo;adh\u00e9sion accompagn\u00e9 de votre r\u00e8glement au si\u00e8ge social \u00e0 l&rsquo;adresse postale : ADVOCNAR, BP 10002, 95390 SAINT-PRIX appeler la permanence \u00a0de l&rsquo;ADVOCNAR de 9h00 [&hellip;]","og_url":"https:\/\/www.clients.horus-informatique71.fr\/advocnar_backup\/adhesion\/","og_site_name":"Advocnar","article_modified_time":"2022-04-11T22:32:40+00:00","twitter_card":"summary_large_image","twitter_misc":{"Dur\u00e9e de lecture estim\u00e9e":"1 minute"},"schema":{"@context":"https:\/\/schema.org","@graph":[{"@type":"WebPage","@id":"https:\/\/www.clients.horus-informatique71.fr\/advocnar_backup\/adhesion\/","url":"https:\/\/www.clients.horus-informatique71.fr\/advocnar_backup\/adhesion\/","name":"Adh\u00e9sion - Advocnar","isPartOf":{"@id":"https:\/\/www.clients.horus-informatique71.fr\/advocnar_backup\/#website"},"datePublished":"2016-03-08T15:21:18+00:00","dateModified":"2022-04-11T22:32:40+00:00","breadcrumb":{"@id":"https:\/\/www.clients.horus-informatique71.fr\/advocnar_backup\/adhesion\/#breadcrumb"},"inLanguage":"fr-FR","potentialAction":[{"@type":"ReadAction","target":["https:\/\/www.clients.horus-informatique71.fr\/advocnar_backup\/adhesion\/"]}]},{"@type":"BreadcrumbList","@id":"https:\/\/www.clients.horus-informatique71.fr\/advocnar_backup\/adhesion\/#breadcrumb","itemListElement":[{"@type":"ListItem","position":1,"name":"Accueil","item":"https:\/\/www.clients.horus-informatique71.fr\/advocnar_backup\/"},{"@type":"ListItem","position":2,"name":"Adh\u00e9sion"}]},{"@type":"WebSite","@id":"https:\/\/www.clients.horus-informatique71.fr\/advocnar_backup\/#website","url":"https:\/\/www.clients.horus-informatique71.fr\/advocnar_backup\/","name":"Advocnar","description":"Association de D\u00e9fense Contre les Nuisances A\u00e9riennes","potentialAction":[{"@type":"SearchAction","target":{"@type":"EntryPoint","urlTemplate":"https:\/\/www.clients.horus-informatique71.fr\/advocnar_backup\/?s={search_term_string}"},"query-input":"required name=search_term_string"}],"inLanguage":"fr-FR"}]}},"_links":{"self":[{"href":"https:\/\/www.clients.horus-informatique71.fr\/advocnar_backup\/wp-json\/wp\/v2\/pages\/70889"}],"collection":[{"href":"https:\/\/www.clients.horus-informatique71.fr\/advocnar_backup\/wp-json\/wp\/v2\/pages"}],"about":[{"href":"https:\/\/www.clients.horus-informatique71.fr\/advocnar_backup\/wp-json\/wp\/v2\/types\/page"}],"author":[{"embeddable":true,"href":"https:\/\/www.clients.horus-informatique71.fr\/advocnar_backup\/wp-json\/wp\/v2\/users\/18"}],"replies":[{"embeddable":true,"href":"https:\/\/www.clients.horus-informatique71.fr\/advocnar_backup\/wp-json\/wp\/v2\/comments?post=70889"}],"version-history":[{"count":16,"href":"https:\/\/www.clients.horus-informatique71.fr\/advocnar_backup\/wp-json\/wp\/v2\/pages\/70889\/revisions"}],"predecessor-version":[{"id":77991,"href":"https:\/\/www.clients.horus-informatique71.fr\/advocnar_backup\/wp-json\/wp\/v2\/pages\/70889\/revisions\/77991"}],"wp:attachment":[{"href":"https:\/\/www.clients.horus-informatique71.fr\/advocnar_backup\/wp-json\/wp\/v2\/media?parent=70889"}],"curies":[{"name":"wp","href":"https:\/\/api.w.org\/{rel}","templated":true}]}}