{"id":71566,"date":"2016-04-27T11:39:22","date_gmt":"2016-04-27T10:39:22","guid":{"rendered":"https:\/\/www.clients.horus-informatique71.fr\/advocnar_backup\/?page_id=71566"},"modified":"2016-12-11T12:01:29","modified_gmt":"2016-12-11T11:01:29","slug":"aviation-civile","status":"publish","type":"page","link":"https:\/\/www.clients.horus-informatique71.fr\/advocnar_backup\/aviation-civile\/","title":{"rendered":"Aviation Civile"},"content":{"rendered":"<p>&nbsp;<\/p>\n<div id=\"title\">\n<h2>Aviation Civile<\/h2>\n<p>Depuis 1890, ann\u00e9e au cours de laquelle le fran\u00e7ais Cl\u00e9ment ADER fut le premier \u00e0 faire d\u00e9coller un a\u00e9roplane, jusqu\u2019\u00e0 2005 qui vit les premiers vols de l\u2019A380 \u2013 le plus grand avion commercial au monde, l\u2019essor du transport a\u00e9rien a \u00e9t\u00e9 extraordinaire.<\/p>\n<p>L\u2019aviation civile est repr\u00e9sent\u00e9e au niveau mondial par l\u2019OACI (Organisation de l\u2019Aviation Civile Internationale) et au niveau europ\u00e9en par <a href=\"https:\/\/www.advocnar.frcadre-reglementaire\/international.\/\">Eurocontrol\u00a0<\/a><\/p>\n<p>L\u2019aviation civile est repr\u00e9sent\u00e9e au niveau national par la <a href=\"https:\/\/www.advocnar.frles-instances\/dgac-acnusa\/\">DGAC<\/a> (Direction G\u00e9n\u00e9rale de l\u2019Aviation Civile)<\/p>\n<p>Les compagnies a\u00e9riennes dont le nombre d\u00e9passe le millier ont connu elles aussi un d\u00e9veloppement spectaculaire\u00a0: si les ann\u00e9es 70 furent celles des charters, les ann\u00e9es 2000 furent celles des compagnies low-cost. Pour arriver \u00e0 \u00eatre bien pr\u00e9sentes sur tous les march\u00e9s, les compagnies ont d\u00e9velopp\u00e9 de v\u00e9ritables strat\u00e9gies de r\u00e9seaux et d\u2019alliance. La plupart recourent au syst\u00e8me du \u00ab\u00a0hub\u00a0(lien voir fichier hub)\u00bb (plaque tournante) afin de regrouper vers leur destination finale un maximum de passagers en provenance de villes diff\u00e9rentes.<\/p>\n<p>Malgr\u00e9 l\u2019impact sanitaire des nuisances a\u00e9riennes , les pouvoirs publics ont laiss\u00e9FEDEX et Air-France-KLM d\u00e9velopper leur hub sur la plate-forme de Roissy CdG.<\/p>\n<\/div>\n<div id=\"content\"><\/div>\n","protected":false},"excerpt":{"rendered":"<p>&nbsp; Aviation Civile Depuis 1890, ann\u00e9e au cours de laquelle le fran\u00e7ais Cl\u00e9ment ADER fut le premier \u00e0 faire d\u00e9coller un a\u00e9roplane, jusqu\u2019\u00e0 2005 qui vit les premiers vols de l\u2019A380 \u2013 le plus grand avion commercial au monde, l\u2019essor du transport a\u00e9rien a \u00e9t\u00e9 extraordinaire. L\u2019aviation civile est repr\u00e9sent\u00e9e au niveau mondial par l\u2019OACI [&hellip;]<\/p>\n","protected":false},"author":18,"featured_media":0,"parent":0,"menu_order":0,"comment_status":"closed","ping_status":"closed","template":"","meta":{"footnotes":""},"yoast_head":"<!-- This site is optimized with the Yoast SEO plugin v22.0 - https:\/\/yoast.com\/wordpress\/plugins\/seo\/ -->\n<title>Aviation Civile - Advocnar<\/title>\n<meta name=\"robots\" content=\"index, follow, max-snippet:-1, max-image-preview:large, max-video-preview:-1\" \/>\n<link rel=\"canonical\" href=\"https:\/\/www.clients.horus-informatique71.fr\/advocnar_backup\/aviation-civile\/\" \/>\n<meta property=\"og:locale\" content=\"fr_FR\" \/>\n<meta property=\"og:type\" content=\"article\" \/>\n<meta property=\"og:title\" content=\"Aviation Civile - Advocnar\" \/>\n<meta property=\"og:description\" content=\"&nbsp; Aviation Civile Depuis 1890, ann\u00e9e au cours de laquelle le fran\u00e7ais Cl\u00e9ment ADER fut le premier \u00e0 faire d\u00e9coller un a\u00e9roplane, jusqu\u2019\u00e0 2005 qui vit les premiers vols de l\u2019A380 \u2013 le plus grand avion commercial au monde, l\u2019essor du transport a\u00e9rien a \u00e9t\u00e9 extraordinaire. L\u2019aviation civile est repr\u00e9sent\u00e9e au niveau mondial par l\u2019OACI [&hellip;]\" \/>\n<meta property=\"og:url\" content=\"https:\/\/www.clients.horus-informatique71.fr\/advocnar_backup\/aviation-civile\/\" \/>\n<meta property=\"og:site_name\" content=\"Advocnar\" \/>\n<meta property=\"article:modified_time\" content=\"2016-12-11T11:01:29+00:00\" \/>\n<meta name=\"twitter:card\" content=\"summary_large_image\" \/>\n<meta name=\"twitter:label1\" content=\"Dur\u00e9e de lecture estim\u00e9e\" \/>\n\t<meta name=\"twitter:data1\" content=\"1 minute\" \/>\n<script type=\"application\/ld+json\" class=\"yoast-schema-graph\">{\"@context\":\"https:\/\/schema.org\",\"@graph\":[{\"@type\":\"WebPage\",\"@id\":\"https:\/\/www.clients.horus-informatique71.fr\/advocnar_backup\/aviation-civile\/\",\"url\":\"https:\/\/www.clients.horus-informatique71.fr\/advocnar_backup\/aviation-civile\/\",\"name\":\"Aviation Civile - Advocnar\",\"isPartOf\":{\"@id\":\"https:\/\/www.clients.horus-informatique71.fr\/advocnar_backup\/#website\"},\"datePublished\":\"2016-04-27T10:39:22+00:00\",\"dateModified\":\"2016-12-11T11:01:29+00:00\",\"breadcrumb\":{\"@id\":\"https:\/\/www.clients.horus-informatique71.fr\/advocnar_backup\/aviation-civile\/#breadcrumb\"},\"inLanguage\":\"fr-FR\",\"potentialAction\":[{\"@type\":\"ReadAction\",\"target\":[\"https:\/\/www.clients.horus-informatique71.fr\/advocnar_backup\/aviation-civile\/\"]}]},{\"@type\":\"BreadcrumbList\",\"@id\":\"https:\/\/www.clients.horus-informatique71.fr\/advocnar_backup\/aviation-civile\/#breadcrumb\",\"itemListElement\":[{\"@type\":\"ListItem\",\"position\":1,\"name\":\"Accueil\",\"item\":\"https:\/\/www.clients.horus-informatique71.fr\/advocnar_backup\/\"},{\"@type\":\"ListItem\",\"position\":2,\"name\":\"Aviation Civile\"}]},{\"@type\":\"WebSite\",\"@id\":\"https:\/\/www.clients.horus-informatique71.fr\/advocnar_backup\/#website\",\"url\":\"https:\/\/www.clients.horus-informatique71.fr\/advocnar_backup\/\",\"name\":\"Advocnar\",\"description\":\"Association de D\u00e9fense Contre les Nuisances A\u00e9riennes\",\"potentialAction\":[{\"@type\":\"SearchAction\",\"target\":{\"@type\":\"EntryPoint\",\"urlTemplate\":\"https:\/\/www.clients.horus-informatique71.fr\/advocnar_backup\/?s={search_term_string}\"},\"query-input\":\"required name=search_term_string\"}],\"inLanguage\":\"fr-FR\"}]}<\/script>\n<!-- \/ Yoast SEO plugin. -->","yoast_head_json":{"title":"Aviation Civile - Advocnar","robots":{"index":"index","follow":"follow","max-snippet":"max-snippet:-1","max-image-preview":"max-image-preview:large","max-video-preview":"max-video-preview:-1"},"canonical":"https:\/\/www.clients.horus-informatique71.fr\/advocnar_backup\/aviation-civile\/","og_locale":"fr_FR","og_type":"article","og_title":"Aviation Civile - Advocnar","og_description":"&nbsp; Aviation Civile Depuis 1890, ann\u00e9e au cours de laquelle le fran\u00e7ais Cl\u00e9ment ADER fut le premier \u00e0 faire d\u00e9coller un a\u00e9roplane, jusqu\u2019\u00e0 2005 qui vit les premiers vols de l\u2019A380 \u2013 le plus grand avion commercial au monde, l\u2019essor du transport a\u00e9rien a \u00e9t\u00e9 extraordinaire. L\u2019aviation civile est repr\u00e9sent\u00e9e au niveau mondial par l\u2019OACI [&hellip;]","og_url":"https:\/\/www.clients.horus-informatique71.fr\/advocnar_backup\/aviation-civile\/","og_site_name":"Advocnar","article_modified_time":"2016-12-11T11:01:29+00:00","twitter_card":"summary_large_image","twitter_misc":{"Dur\u00e9e de lecture estim\u00e9e":"1 minute"},"schema":{"@context":"https:\/\/schema.org","@graph":[{"@type":"WebPage","@id":"https:\/\/www.clients.horus-informatique71.fr\/advocnar_backup\/aviation-civile\/","url":"https:\/\/www.clients.horus-informatique71.fr\/advocnar_backup\/aviation-civile\/","name":"Aviation Civile - Advocnar","isPartOf":{"@id":"https:\/\/www.clients.horus-informatique71.fr\/advocnar_backup\/#website"},"datePublished":"2016-04-27T10:39:22+00:00","dateModified":"2016-12-11T11:01:29+00:00","breadcrumb":{"@id":"https:\/\/www.clients.horus-informatique71.fr\/advocnar_backup\/aviation-civile\/#breadcrumb"},"inLanguage":"fr-FR","potentialAction":[{"@type":"ReadAction","target":["https:\/\/www.clients.horus-informatique71.fr\/advocnar_backup\/aviation-civile\/"]}]},{"@type":"BreadcrumbList","@id":"https:\/\/www.clients.horus-informatique71.fr\/advocnar_backup\/aviation-civile\/#breadcrumb","itemListElement":[{"@type":"ListItem","position":1,"name":"Accueil","item":"https:\/\/www.clients.horus-informatique71.fr\/advocnar_backup\/"},{"@type":"ListItem","position":2,"name":"Aviation Civile"}]},{"@type":"WebSite","@id":"https:\/\/www.clients.horus-informatique71.fr\/advocnar_backup\/#website","url":"https:\/\/www.clients.horus-informatique71.fr\/advocnar_backup\/","name":"Advocnar","description":"Association de D\u00e9fense Contre les Nuisances A\u00e9riennes","potentialAction":[{"@type":"SearchAction","target":{"@type":"EntryPoint","urlTemplate":"https:\/\/www.clients.horus-informatique71.fr\/advocnar_backup\/?s={search_term_string}"},"query-input":"required name=search_term_string"}],"inLanguage":"fr-FR"}]}},"_links":{"self":[{"href":"https:\/\/www.clients.horus-informatique71.fr\/advocnar_backup\/wp-json\/wp\/v2\/pages\/71566"}],"collection":[{"href":"https:\/\/www.clients.horus-informatique71.fr\/advocnar_backup\/wp-json\/wp\/v2\/pages"}],"about":[{"href":"https:\/\/www.clients.horus-informatique71.fr\/advocnar_backup\/wp-json\/wp\/v2\/types\/page"}],"author":[{"embeddable":true,"href":"https:\/\/www.clients.horus-informatique71.fr\/advocnar_backup\/wp-json\/wp\/v2\/users\/18"}],"replies":[{"embeddable":true,"href":"https:\/\/www.clients.horus-informatique71.fr\/advocnar_backup\/wp-json\/wp\/v2\/comments?post=71566"}],"version-history":[{"count":3,"href":"https:\/\/www.clients.horus-informatique71.fr\/advocnar_backup\/wp-json\/wp\/v2\/pages\/71566\/revisions"}],"predecessor-version":[{"id":73457,"href":"https:\/\/www.clients.horus-informatique71.fr\/advocnar_backup\/wp-json\/wp\/v2\/pages\/71566\/revisions\/73457"}],"wp:attachment":[{"href":"https:\/\/www.clients.horus-informatique71.fr\/advocnar_backup\/wp-json\/wp\/v2\/media?parent=71566"}],"curies":[{"name":"wp","href":"https:\/\/api.w.org\/{rel}","templated":true}]}}