{"id":71570,"date":"2016-04-27T11:42:08","date_gmt":"2016-04-27T10:42:08","guid":{"rendered":"https:\/\/www.clients.horus-informatique71.fr\/advocnar_backup\/?page_id=71570"},"modified":"2021-04-16T14:54:19","modified_gmt":"2021-04-16T12:54:19","slug":"techniques-de-vol","status":"publish","type":"page","link":"https:\/\/www.clients.horus-informatique71.fr\/advocnar_backup\/aviation-civile\/techniques-de-vol\/","title":{"rendered":"Techniques de vol"},"content":{"rendered":"<h3>Techniques de vol<\/h3>\n<p>Il s\u2019agit ici de donner quelques \u00e9l\u00e9ments d\u2019information sur les trajectoires des avions lors des atterrissage ou d\u00e9collages.<\/p>\n<h5>Atterrissage contre le vent<\/h5>\n<p>Les autorit\u00e9s de l\u2019aviation civile internationale ont opt\u00e9 pour des d\u00e9collages et atterrissages contre le vent, ce qui signifie que les avions se d\u00e9placent dans une direction oppos\u00e9e \u00e0 celle du vent. Les vents dominants soufflant majoritairement (60 % du temps) d\u2019ouest en est dans la r\u00e9gion parisienne, il s\u2019ensuit que dans ces conditions les avions atterrissent en ayant survol\u00e9 les zones situ\u00e9es \u00e0 l\u2019est de l\u2019a\u00e9roport de Roissy-CDG, c\u2019est-\u00e0-dire le nord de la Seine-et-Marne. En revanche, en configuration face \u00e0 l\u2019est, lorsque le vent provient de l\u2019est, comme c\u2019est g\u00e9n\u00e9ralement le cas par p\u00e9riode beau temps, les avions atterrissent apr\u00e8s avoir survol\u00e9 le sud du Val d\u2019Oise, territoire tr\u00e8s urbanis\u00e9 situ\u00e9 \u00e0 l\u2019ouest de l\u2019a\u00e9roport, (essentiellement la vall\u00e9e de Montmorency et son voisinage).<\/p>\n<p>La population g\u00ean\u00e9e par le bruit est beaucoup plus importante que la population survol\u00e9e et la population subissant la pollution atmosph\u00e9rique est beaucoup plus importante que la population g\u00ean\u00e9e par le bruit.<\/p>\n<p><img loading=\"lazy\" decoding=\"async\" class=\"aligncenter wp-image-71980\" src=\"https:\/\/www.clients.horus-informatique71.fr\/advocnar_backup\/wp-content\/uploads\/2016\/04\/content-587_500_Sans-titre-300x256.jpg\" alt=\"descente en palier\" width=\"361\" height=\"308\" srcset=\"https:\/\/www.clients.horus-informatique71.fr\/advocnar_backup\/wp-content\/uploads\/2016\/04\/content-587_500_Sans-titre-300x256.jpg 300w, https:\/\/www.clients.horus-informatique71.fr\/advocnar_backup\/wp-content\/uploads\/2016\/04\/content-587_500_Sans-titre.jpg 587w\" sizes=\"(max-width: 361px) 100vw, 361px\" \/><\/p>\n<h5>Descente par paliers ou descente continue<\/h5>\n<p>L\u2019atterrissage comprend deux phases tr\u00e8s distinctes :<\/p>\n<p>\u2022\u00a0Zone de r\u00e9gulation radar. Pendant la premi\u00e8re phase, les contr\u00f4leurs a\u00e9riens organisent la trajectoire des avions. Ils ont pour mission de faire arriver les avions avec un espacement de 5 km lors de leur alignement face \u00e0 la piste. L\u2019intervalle de temps \u00e0 l\u2019atterrissage est d\u2019environ 1,5 minute afin de permette la lib\u00e9ration de la piste lorsqu\u2019un nouvel avion passe le seuil de piste. Ce travail est d\u00e9licat et compliqu\u00e9 car les contr\u00f4leurs doivent mixer des flux d\u2019avions d\u2019origines diff\u00e9rentes, ce qui les conduit \u00e0 donner des caps distincts aux avions pour aboutir \u00e0 cet espacement de 5 km. Les trajectoires dans cette zone de r\u00e9gulation radar sont donc tr\u00e8s dispers\u00e9es. En configuration de vent face \u00e0 l\u2019est, le contr\u00f4leur fait stabiliser l\u2019avion \u00e0 4\u00a0000 pieds, soit 1220 m (1 pied = 0,3048 m), pour le doublet nord et \u00e0 5\u00a0000 pieds, soit 1520 m, pour le doublet sud, et inversement en configuration de vent face \u00e0 l\u2019ouest.<\/p>\n<p>\u2022\u00a0Approche ILS\u00a0(Instrument Landing System), c\u2019est-\u00e0-dire aux instruments. Le syst\u00e8me d\u2019atterrissage aux instruments permet un guidage tr\u00e8s pr\u00e9cis des avions jusqu\u2019\u00e0 la piste, y compris par tr\u00e8s mauvaises conditions de visibilit\u00e9. Dans la deuxi\u00e8me phase de l\u2019atterrissage, \u00e0 proximit\u00e9 de l\u2019axe de l\u2019ILS, le contr\u00f4leur donne un dernier cap d\u2019interception de fa\u00e7on \u00e0 permettre au pilote d\u2019aligner son avion sur l\u2019axe ILS \u00e0 une distance approximative de 20 km de l\u2019a\u00e9roport. L\u2019avion va diminuer sa hauteur pour suivre le faisceau d\u2019approche de l\u2019ILS selon une pente de 3 degr\u00e9s et en s\u2019alignant sur l\u2019axe, le tout, gr\u00e2ce un cadran dont les aiguilles verticales et horizontales doivent \u00eatre bien centr\u00e9es pour que l\u2019avion soit positionn\u00e9 sur le faisceau d\u2019ondes radio de l\u2019ILS. En cas de brouillard, le pilote automatique est syst\u00e9matiquement utilis\u00e9. 91 % des vols dans le monde utilisent ce syst\u00e8me. 75 % des accidents \u00e0 l\u2019atterrissage ont eu lieu sans l\u2019approche de pr\u00e9cision et le nombre d\u2019accident est r\u00e9duit de 30 % avec cette approche.<br \/>\nLe rel\u00e8vement de 1000 pieds du palier (soit d\u2019environ 300 m), mis en place dans le cadre du Grenelle de l\u2019Environnement, a une incidence \u00a0mod\u00e9r\u00e9e pour les populations survol\u00e9es car son effet ne se fait sentir qu\u2019en amont d\u2019une quinzaine de km de l\u2019a\u00e9roport. Le niveau de bruit est donc inchang\u00e9 pour l\u2019immense majorit\u00e9 des communes du voisinage de l\u2019a\u00e9roport.<\/p>\n<p>Des modifications dans les techniques d\u2019approche pourraient \u00eatre envisag\u00e9es pour r\u00e9duire le bruit, comme <a href=\"https:\/\/www.clients.horus-informatique71.fr\/advocnar_backup\/wp-content\/uploads\/2016\/04\/D2_Pente_approche_ILS.pdf\">le rel\u00e8vement de l\u2019angle de 3 degr\u00e9s<\/a> ou selon des d\u00e9rogations par rapport \u00e0 la r\u00e8gle de l\u2019atterrissage contre le vent.<\/p>\n","protected":false},"excerpt":{"rendered":"<p>Techniques de vol Il s\u2019agit ici de donner quelques \u00e9l\u00e9ments d\u2019information sur les trajectoires des avions lors des atterrissage ou d\u00e9collages. Atterrissage contre le vent Les autorit\u00e9s de l\u2019aviation civile internationale ont opt\u00e9 pour des d\u00e9collages et atterrissages contre le vent, ce qui signifie que les avions se d\u00e9placent dans une direction oppos\u00e9e \u00e0 celle [&hellip;]<\/p>\n","protected":false},"author":18,"featured_media":0,"parent":71566,"menu_order":0,"comment_status":"closed","ping_status":"closed","template":"","meta":{"footnotes":""},"yoast_head":"<!-- This site is optimized with the Yoast SEO plugin v22.0 - https:\/\/yoast.com\/wordpress\/plugins\/seo\/ -->\n<title>Techniques de vol - Advocnar<\/title>\n<meta name=\"robots\" content=\"index, follow, max-snippet:-1, max-image-preview:large, max-video-preview:-1\" \/>\n<link rel=\"canonical\" href=\"https:\/\/www.clients.horus-informatique71.fr\/advocnar_backup\/aviation-civile\/techniques-de-vol\/\" \/>\n<meta property=\"og:locale\" content=\"fr_FR\" \/>\n<meta property=\"og:type\" content=\"article\" \/>\n<meta property=\"og:title\" content=\"Techniques de vol - Advocnar\" \/>\n<meta property=\"og:description\" content=\"Techniques de vol Il s\u2019agit ici de donner quelques \u00e9l\u00e9ments d\u2019information sur les trajectoires des avions lors des atterrissage ou d\u00e9collages. Atterrissage contre le vent Les autorit\u00e9s de l\u2019aviation civile internationale ont opt\u00e9 pour des d\u00e9collages et atterrissages contre le vent, ce qui signifie que les avions se d\u00e9placent dans une direction oppos\u00e9e \u00e0 celle [&hellip;]\" \/>\n<meta property=\"og:url\" content=\"https:\/\/www.clients.horus-informatique71.fr\/advocnar_backup\/aviation-civile\/techniques-de-vol\/\" \/>\n<meta property=\"og:site_name\" content=\"Advocnar\" \/>\n<meta property=\"article:modified_time\" content=\"2021-04-16T12:54:19+00:00\" \/>\n<meta property=\"og:image\" content=\"https:\/\/www.advocnar.frwp-content\/uploads\/2016\/04\/content-587_500_Sans-titre-300x256.jpg\" \/>\n<meta name=\"twitter:card\" content=\"summary_large_image\" \/>\n<meta name=\"twitter:label1\" content=\"Dur\u00e9e de lecture estim\u00e9e\" \/>\n\t<meta name=\"twitter:data1\" content=\"3 minutes\" \/>\n<script type=\"application\/ld+json\" class=\"yoast-schema-graph\">{\"@context\":\"https:\/\/schema.org\",\"@graph\":[{\"@type\":\"WebPage\",\"@id\":\"https:\/\/www.clients.horus-informatique71.fr\/advocnar_backup\/aviation-civile\/techniques-de-vol\/\",\"url\":\"https:\/\/www.clients.horus-informatique71.fr\/advocnar_backup\/aviation-civile\/techniques-de-vol\/\",\"name\":\"Techniques de vol - Advocnar\",\"isPartOf\":{\"@id\":\"https:\/\/www.clients.horus-informatique71.fr\/advocnar_backup\/#website\"},\"datePublished\":\"2016-04-27T10:42:08+00:00\",\"dateModified\":\"2021-04-16T12:54:19+00:00\",\"breadcrumb\":{\"@id\":\"https:\/\/www.clients.horus-informatique71.fr\/advocnar_backup\/aviation-civile\/techniques-de-vol\/#breadcrumb\"},\"inLanguage\":\"fr-FR\",\"potentialAction\":[{\"@type\":\"ReadAction\",\"target\":[\"https:\/\/www.clients.horus-informatique71.fr\/advocnar_backup\/aviation-civile\/techniques-de-vol\/\"]}]},{\"@type\":\"BreadcrumbList\",\"@id\":\"https:\/\/www.clients.horus-informatique71.fr\/advocnar_backup\/aviation-civile\/techniques-de-vol\/#breadcrumb\",\"itemListElement\":[{\"@type\":\"ListItem\",\"position\":1,\"name\":\"Accueil\",\"item\":\"https:\/\/www.clients.horus-informatique71.fr\/advocnar_backup\/\"},{\"@type\":\"ListItem\",\"position\":2,\"name\":\"Aviation Civile\",\"item\":\"https:\/\/www.clients.horus-informatique71.fr\/advocnar_backup\/aviation-civile\/\"},{\"@type\":\"ListItem\",\"position\":3,\"name\":\"Techniques de vol\"}]},{\"@type\":\"WebSite\",\"@id\":\"https:\/\/www.clients.horus-informatique71.fr\/advocnar_backup\/#website\",\"url\":\"https:\/\/www.clients.horus-informatique71.fr\/advocnar_backup\/\",\"name\":\"Advocnar\",\"description\":\"Association de D\u00e9fense Contre les Nuisances A\u00e9riennes\",\"potentialAction\":[{\"@type\":\"SearchAction\",\"target\":{\"@type\":\"EntryPoint\",\"urlTemplate\":\"https:\/\/www.clients.horus-informatique71.fr\/advocnar_backup\/?s={search_term_string}\"},\"query-input\":\"required name=search_term_string\"}],\"inLanguage\":\"fr-FR\"}]}<\/script>\n<!-- \/ Yoast SEO plugin. -->","yoast_head_json":{"title":"Techniques de vol - Advocnar","robots":{"index":"index","follow":"follow","max-snippet":"max-snippet:-1","max-image-preview":"max-image-preview:large","max-video-preview":"max-video-preview:-1"},"canonical":"https:\/\/www.clients.horus-informatique71.fr\/advocnar_backup\/aviation-civile\/techniques-de-vol\/","og_locale":"fr_FR","og_type":"article","og_title":"Techniques de vol - Advocnar","og_description":"Techniques de vol Il s\u2019agit ici de donner quelques \u00e9l\u00e9ments d\u2019information sur les trajectoires des avions lors des atterrissage ou d\u00e9collages. Atterrissage contre le vent Les autorit\u00e9s de l\u2019aviation civile internationale ont opt\u00e9 pour des d\u00e9collages et atterrissages contre le vent, ce qui signifie que les avions se d\u00e9placent dans une direction oppos\u00e9e \u00e0 celle [&hellip;]","og_url":"https:\/\/www.clients.horus-informatique71.fr\/advocnar_backup\/aviation-civile\/techniques-de-vol\/","og_site_name":"Advocnar","article_modified_time":"2021-04-16T12:54:19+00:00","og_image":[{"url":"https:\/\/www.advocnar.frwp-content\/uploads\/2016\/04\/content-587_500_Sans-titre-300x256.jpg"}],"twitter_card":"summary_large_image","twitter_misc":{"Dur\u00e9e de lecture estim\u00e9e":"3 minutes"},"schema":{"@context":"https:\/\/schema.org","@graph":[{"@type":"WebPage","@id":"https:\/\/www.clients.horus-informatique71.fr\/advocnar_backup\/aviation-civile\/techniques-de-vol\/","url":"https:\/\/www.clients.horus-informatique71.fr\/advocnar_backup\/aviation-civile\/techniques-de-vol\/","name":"Techniques de vol - Advocnar","isPartOf":{"@id":"https:\/\/www.clients.horus-informatique71.fr\/advocnar_backup\/#website"},"datePublished":"2016-04-27T10:42:08+00:00","dateModified":"2021-04-16T12:54:19+00:00","breadcrumb":{"@id":"https:\/\/www.clients.horus-informatique71.fr\/advocnar_backup\/aviation-civile\/techniques-de-vol\/#breadcrumb"},"inLanguage":"fr-FR","potentialAction":[{"@type":"ReadAction","target":["https:\/\/www.clients.horus-informatique71.fr\/advocnar_backup\/aviation-civile\/techniques-de-vol\/"]}]},{"@type":"BreadcrumbList","@id":"https:\/\/www.clients.horus-informatique71.fr\/advocnar_backup\/aviation-civile\/techniques-de-vol\/#breadcrumb","itemListElement":[{"@type":"ListItem","position":1,"name":"Accueil","item":"https:\/\/www.clients.horus-informatique71.fr\/advocnar_backup\/"},{"@type":"ListItem","position":2,"name":"Aviation Civile","item":"https:\/\/www.clients.horus-informatique71.fr\/advocnar_backup\/aviation-civile\/"},{"@type":"ListItem","position":3,"name":"Techniques de vol"}]},{"@type":"WebSite","@id":"https:\/\/www.clients.horus-informatique71.fr\/advocnar_backup\/#website","url":"https:\/\/www.clients.horus-informatique71.fr\/advocnar_backup\/","name":"Advocnar","description":"Association de D\u00e9fense Contre les Nuisances A\u00e9riennes","potentialAction":[{"@type":"SearchAction","target":{"@type":"EntryPoint","urlTemplate":"https:\/\/www.clients.horus-informatique71.fr\/advocnar_backup\/?s={search_term_string}"},"query-input":"required name=search_term_string"}],"inLanguage":"fr-FR"}]}},"_links":{"self":[{"href":"https:\/\/www.clients.horus-informatique71.fr\/advocnar_backup\/wp-json\/wp\/v2\/pages\/71570"}],"collection":[{"href":"https:\/\/www.clients.horus-informatique71.fr\/advocnar_backup\/wp-json\/wp\/v2\/pages"}],"about":[{"href":"https:\/\/www.clients.horus-informatique71.fr\/advocnar_backup\/wp-json\/wp\/v2\/types\/page"}],"author":[{"embeddable":true,"href":"https:\/\/www.clients.horus-informatique71.fr\/advocnar_backup\/wp-json\/wp\/v2\/users\/18"}],"replies":[{"embeddable":true,"href":"https:\/\/www.clients.horus-informatique71.fr\/advocnar_backup\/wp-json\/wp\/v2\/comments?post=71570"}],"version-history":[{"count":4,"href":"https:\/\/www.clients.horus-informatique71.fr\/advocnar_backup\/wp-json\/wp\/v2\/pages\/71570\/revisions"}],"predecessor-version":[{"id":76887,"href":"https:\/\/www.clients.horus-informatique71.fr\/advocnar_backup\/wp-json\/wp\/v2\/pages\/71570\/revisions\/76887"}],"up":[{"embeddable":true,"href":"https:\/\/www.clients.horus-informatique71.fr\/advocnar_backup\/wp-json\/wp\/v2\/pages\/71566"}],"wp:attachment":[{"href":"https:\/\/www.clients.horus-informatique71.fr\/advocnar_backup\/wp-json\/wp\/v2\/media?parent=71570"}],"curies":[{"name":"wp","href":"https:\/\/api.w.org\/{rel}","templated":true}]}}