{"id":71573,"date":"2016-04-27T11:46:33","date_gmt":"2016-04-27T10:46:33","guid":{"rendered":"https:\/\/www.clients.horus-informatique71.fr\/advocnar_backup\/?page_id=71573"},"modified":"2023-06-25T18:02:54","modified_gmt":"2023-06-25T16:02:54","slug":"flux-de-trajectoires","status":"publish","type":"page","link":"https:\/\/www.clients.horus-informatique71.fr\/advocnar_backup\/aviation-civile\/flux-de-trajectoires\/","title":{"rendered":"Flux de trajectoires"},"content":{"rendered":"<h3>Flux de trajectoires<\/h3>\n<p><strong>Pr\u00e9sentation des flux de trajectoires en r\u00e9gion parisienne<\/strong><\/p>\n<p><img loading=\"lazy\" decoding=\"async\" class=\"alignleft wp-image-71984 \" src=\"https:\/\/www.clients.horus-informatique71.fr\/advocnar_backup\/wp-content\/uploads\/2016\/04\/chevelu.png\" alt=\"conditions de survols en r\u00e9gion parisienne par les avions en provenance et \u00e0 destination des a\u00e9roports de Roissy, d'Orly et du Bourget.\" width=\"284\" height=\"200\" \/><br \/>Les documents ci-contre\u00a0 sont \u00e9dit\u00e9s par la DGAC (Direction G\u00e9n\u00e9rale de l&rsquo;Aviation Civile).<br \/>Ils contribuent \u00e0 l&rsquo;information du public sur les conditions de survols en r\u00e9gion parisienne par les avions en provenance et \u00e0 destination des a\u00e9roports de Roissy, d&rsquo;Orly et du Bourget.<\/p>\n<p>Le sens d&rsquo;utilisation des pistes d\u00e9pendant de la direction du vent, les documents pr\u00e9sentent les cartes de survols pour une journ\u00e9e en configuration face \u00e0 l&rsquo;est et une journ\u00e9e en configuration face \u00e0 l&rsquo;ouest.<\/p>\n<p>Les journ\u00e9es choisies, dites caract\u00e9ristiques, sont des journ\u00e9es \u00e0 fort trafic pendant lesquelles les proc\u00e9dures de circulation a\u00e9rienne habituelles ont \u00e9t\u00e9 utilis\u00e9es.<\/p>\n<hr \/>\n<h4>2022<\/h4>\n<ul>\n<li><a href=\"https:\/\/www.clients.horus-informatique71.fr\/advocnar_backup\/wp-content\/uploads\/2023\/02\/JK2022_EST_A1_DGAC_EAcompt_Fond-blanc.pdf\">https:\/\/www.clients.horus-informatique71.fr\/advocnar_backup\/wp-content\/uploads\/2023\/02\/JK2022_EST_A1_DGAC_EAcompt_Fond-blanc.pdf<\/a>Flux de trajectoires en r\u00e9gion Ile-de-France configuration EST<\/li>\n<li><a href=\"https:\/\/www.clients.horus-informatique71.fr\/advocnar_backup\/wp-content\/uploads\/2023\/02\/JK2022_OUEST_A1_DGAC_EAcompt_Fond-blanc.pdf\">Flux de trajectoires en r\u00e9gion Ile-de France configuration OUEST<\/a><\/li>\n<\/ul>\n<hr \/>\n<h4>2019<\/h4>\n<ul>\n<li><a href=\"https:\/\/www.clients.horus-informatique71.fr\/advocnar_backup\/wp-content\/uploads\/2021\/04\/DossierJK_2019.pdf\">Pr\u00e9sentation illustr\u00e9e des flux de trajectoires en r\u00e9gion Ile-de-France<\/a><\/li>\n<\/ul>\n<hr \/>\n<h4>2018<\/h4>\n<ul>\n<li><a href=\"https:\/\/www.clients.horus-informatique71.fr\/advocnar_backup\/wp-content\/uploads\/2021\/04\/DossierJK_2018.pdf\">Pr\u00e9sentation illustr\u00e9e des flux de trajectoires en r\u00e9gion Ile-de-France<\/a><\/li>\n<\/ul>\n<hr \/>\n<h4>2017<\/h4>\n<ul>\n<li><a href=\"https:\/\/www.clients.horus-informatique71.fr\/advocnar_backup\/wp-content\/uploads\/2021\/04\/DossierJK_2017.pdf\">Pr\u00e9sentation illustr\u00e9e des flux de trajectoires en r\u00e9gion Ile-de-France<\/a><\/li>\n<\/ul>\n<hr \/>\n<h4>2016<\/h4>\n<ul>\n<li><a href=\"https:\/\/www.clients.horus-informatique71.fr\/advocnar_backup\/wp-content\/uploads\/2021\/04\/DossierJK_2016.pdf\">Pr\u00e9sentation illustr\u00e9e des flux de trajectoires en r\u00e9gion Ile-de-France<\/a><\/li>\n<\/ul>\n<hr \/>\n<h4>2015<\/h4>\n<ul>\n<li><a href=\"https:\/\/www.clients.horus-informatique71.fr\/advocnar_backup\/wp-content\/uploads\/2021\/04\/DossierJK_2015.pdf\">Pr\u00e9sentation illustr\u00e9e des flux de trajectoires en r\u00e9gion Ile-de-France<\/a><\/li>\n<\/ul>\n<hr \/>\n<h4>2014<\/h4>\n<ul>\n<li><a href=\"https:\/\/www.clients.horus-informatique71.fr\/advocnar_backup\/wp-content\/uploads\/2016\/04\/2014_-_Presentation_illustree_des_flux_de_trajectoires_en_region_Ile-de-France.pdf\">Pr\u00e9sentation illustr\u00e9e des flux de trajectoires en r\u00e9gion Ile-de-France<\/a><\/li>\n<li><a href=\"https:\/\/www.clients.horus-informatique71.fr\/advocnar_backup\/wp-content\/uploads\/2016\/04\/2014_-_Aeroport_de_Paris-Le_Bourget.pdf\">A\u00e9roport de Paris-Le Bourget<\/a><\/li>\n<li><a href=\"https:\/\/www.clients.horus-informatique71.fr\/advocnar_backup\/wp-content\/uploads\/2016\/04\/2014_-_Aeroport_de_Paris-Orly.pdf\">A\u00e9roport de Paris-Orly<\/a><\/li>\n<li><a href=\"https:\/\/www.clients.horus-informatique71.fr\/advocnar_backup\/wp-content\/uploads\/2016\/04\/2014_-_Aeroport_de_Paris-Charles_de_Gaulle-2.pdf\">A\u00e9roport de Paris-Charles de Gaulle<\/a><\/li>\n<\/ul>\n<hr \/>\n<h4>2013<\/h4>\n<ul>\n<li><a href=\"https:\/\/www.clients.horus-informatique71.fr\/advocnar_backup\/wp-content\/uploads\/2016\/04\/Presentation_illustree_des_flux_2013.pdf\">Pr\u00e9sentation illustr\u00e9e des flux de trajectoires en r\u00e9gion Ile-de-France<\/a><\/li>\n<li><a href=\"https:\/\/www.clients.horus-informatique71.fr\/advocnar_backup\/wp-content\/uploads\/2016\/04\/Aeroport_du_Bourget_2013.pdf\">A\u00e9roport du Bourget<\/a><\/li>\n<li><a href=\"https:\/\/www.clients.horus-informatique71.fr\/advocnar_backup\/wp-content\/uploads\/2016\/04\/Aeroport_d_Orly_2013.pdf\">A\u00e9roport d&rsquo;Orly<\/a><\/li>\n<li><a href=\"https:\/\/www.clients.horus-informatique71.fr\/advocnar_backup\/wp-content\/uploads\/2016\/04\/doc028.pdf\">A\u00e9roport de Roissy<\/a><\/li>\n<\/ul>\n<hr \/>\n<h4>2012<\/h4>\n<ul>\n<li><a href=\"https:\/\/www.clients.horus-informatique71.fr\/advocnar_backup\/wp-content\/uploads\/2016\/04\/2012-Presentation_illustree_des_flux_de_trajectoires_en_region_Ile-de-France_.pdf\">Pr\u00e9sentation illustr\u00e9e des flux de trajectoire en Ile-de-France<\/a><\/li>\n<li><a href=\"https:\/\/www.clients.horus-informatique71.fr\/advocnar_backup\/wp-content\/uploads\/2021\/04\/2012-Aeroport_de_Roissy1.pdf\">Paris-Charles-de-Gaulle<\/a><\/li>\n<li><a href=\"https:\/\/www.clients.horus-informatique71.fr\/advocnar_backup\/wp-content\/uploads\/2016\/04\/doc032.pdf\">Paris-Orly<\/a><\/li>\n<li><a href=\"https:\/\/www.clients.horus-informatique71.fr\/advocnar_backup\/wp-content\/uploads\/2016\/04\/2012-Aeroport_du_Bourget.pdf\">Paris-Le Bourget<\/a><\/li>\n<\/ul>\n<hr \/>\n<h4>2011<\/h4>\n<ul>\n<li><a href=\"https:\/\/www.clients.horus-informatique71.fr\/advocnar_backup\/wp-content\/uploads\/2016\/04\/2011-Generalites.pdf\">Pr\u00e9sentation illustr\u00e9e des flux de trajectoire en Ile-de-France<\/a><\/li>\n<li><a href=\"https:\/\/www.clients.horus-informatique71.fr\/advocnar_backup\/wp-content\/uploads\/2016\/04\/2011-Roissy-1.pdf\">Paris-Charles-de-Gaulle<\/a><\/li>\n<li><a href=\"https:\/\/www.clients.horus-informatique71.fr\/advocnar_backup\/wp-content\/uploads\/2016\/04\/2011-Orly-1.pdf\">Paris-Orly<\/a><\/li>\n<li><a href=\"https:\/\/www.clients.horus-informatique71.fr\/advocnar_backup\/wp-content\/uploads\/2016\/04\/Le_Bourget_.pdf\">Paris-Le Bourget<\/a><\/li>\n<\/ul>\n<hr \/>\n<h4>2010<\/h4>\n<ul>\n<li><a href=\"https:\/\/www.clients.horus-informatique71.fr\/advocnar_backup\/wp-content\/uploads\/2021\/04\/2010-trajectoires-IdF.pdf\">Pr\u00e9sentation illustr\u00e9e des flux de trajectoire en Ile-de-France<\/a><\/li>\n<li><a href=\"https:\/\/www.clients.horus-informatique71.fr\/advocnar_backup\/wp-content\/uploads\/2021\/04\/2010-trajectoires-Roissy-CDG.pdf\">Paris-Charles-de-Gaulle<\/a><\/li>\n<li><a href=\"https:\/\/www.clients.horus-informatique71.fr\/advocnar_backup\/wp-content\/uploads\/2016\/04\/Orly_.pdf\">Paris-Orly<\/a><\/li>\n<li><a href=\"https:\/\/www.clients.horus-informatique71.fr\/advocnar_backup\/wp-content\/uploads\/2016\/04\/Le_Bourget_-1.pdf\">Paris-Le Bourget<\/a><\/li>\n<\/ul>\n<hr \/>\n<h4>2009<\/h4>\n<ul>\n<li><a href=\"https:\/\/www.clients.horus-informatique71.fr\/advocnar_backup\/wp-content\/uploads\/2016\/04\/sommaire_generalites-2.pdf\">Pr\u00e9sentation illustr\u00e9e des flux de trajectoire en Ile-de-France<\/a><\/li>\n<li><a href=\"https:\/\/www.clients.horus-informatique71.fr\/advocnar_backup\/wp-content\/uploads\/2016\/04\/Paris-Charles-de-Gaulle.pdf\">Paris-Charles-de-Gaulle<\/a><\/li>\n<li><a href=\"https:\/\/www.clients.horus-informatique71.fr\/advocnar_backup\/wp-content\/uploads\/2016\/04\/partie_2_orly.pdf\">Paris-Orly<\/a><\/li>\n<li><a href=\"https:\/\/www.clients.horus-informatique71.fr\/advocnar_backup\/wp-content\/uploads\/2016\/04\/partie_3_le_bourget.pdf\">Paris-Le Bourget<\/a><\/li>\n<\/ul>\n<hr \/>\n<h4>\u00a0<\/h4>\n\n\n\n\n\n\n<hr class=\"wp-block-separator has-alpha-channel-opacity\"\/>\n\n\n\n<hr class=\"wp-block-separator has-alpha-channel-opacity is-style-wide\"\/>\n","protected":false},"excerpt":{"rendered":"<p>Flux de trajectoires Pr\u00e9sentation des flux de trajectoires en r\u00e9gion parisienne Les documents ci-contre\u00a0 sont \u00e9dit\u00e9s par la DGAC (Direction G\u00e9n\u00e9rale de l&rsquo;Aviation Civile).Ils contribuent \u00e0 l&rsquo;information du public sur les conditions de survols en r\u00e9gion parisienne par les avions en provenance et \u00e0 destination des a\u00e9roports de Roissy, d&rsquo;Orly et du Bourget. Le sens [&hellip;]<\/p>\n","protected":false},"author":18,"featured_media":0,"parent":71566,"menu_order":0,"comment_status":"closed","ping_status":"closed","template":"","meta":{"footnotes":""},"yoast_head":"<!-- This site is optimized with the Yoast SEO plugin v22.0 - https:\/\/yoast.com\/wordpress\/plugins\/seo\/ -->\n<title>Flux de trajectoires - Advocnar<\/title>\n<meta name=\"robots\" content=\"index, follow, max-snippet:-1, max-image-preview:large, max-video-preview:-1\" \/>\n<link rel=\"canonical\" href=\"https:\/\/www.clients.horus-informatique71.fr\/advocnar_backup\/aviation-civile\/flux-de-trajectoires\/\" \/>\n<meta property=\"og:locale\" content=\"fr_FR\" \/>\n<meta property=\"og:type\" content=\"article\" \/>\n<meta property=\"og:title\" content=\"Flux de trajectoires - Advocnar\" \/>\n<meta property=\"og:description\" content=\"Flux de trajectoires Pr\u00e9sentation des flux de trajectoires en r\u00e9gion parisienne Les documents ci-contre\u00a0 sont \u00e9dit\u00e9s par la DGAC (Direction G\u00e9n\u00e9rale de l&rsquo;Aviation Civile).Ils contribuent \u00e0 l&rsquo;information du public sur les conditions de survols en r\u00e9gion parisienne par les avions en provenance et \u00e0 destination des a\u00e9roports de Roissy, d&rsquo;Orly et du Bourget. Le sens [&hellip;]\" \/>\n<meta property=\"og:url\" content=\"https:\/\/www.clients.horus-informatique71.fr\/advocnar_backup\/aviation-civile\/flux-de-trajectoires\/\" \/>\n<meta property=\"og:site_name\" content=\"Advocnar\" \/>\n<meta property=\"article:modified_time\" content=\"2023-06-25T16:02:54+00:00\" \/>\n<meta property=\"og:image\" content=\"https:\/\/www.clients.horus-informatique71.fr\/advocnar_backup\/wp-content\/uploads\/2016\/04\/chevelu.png\" \/>\n<meta name=\"twitter:card\" content=\"summary_large_image\" \/>\n<meta name=\"twitter:label1\" content=\"Dur\u00e9e de lecture estim\u00e9e\" \/>\n\t<meta name=\"twitter:data1\" content=\"2 minutes\" \/>\n<script type=\"application\/ld+json\" class=\"yoast-schema-graph\">{\"@context\":\"https:\/\/schema.org\",\"@graph\":[{\"@type\":\"WebPage\",\"@id\":\"https:\/\/www.clients.horus-informatique71.fr\/advocnar_backup\/aviation-civile\/flux-de-trajectoires\/\",\"url\":\"https:\/\/www.clients.horus-informatique71.fr\/advocnar_backup\/aviation-civile\/flux-de-trajectoires\/\",\"name\":\"Flux de trajectoires - Advocnar\",\"isPartOf\":{\"@id\":\"https:\/\/www.clients.horus-informatique71.fr\/advocnar_backup\/#website\"},\"datePublished\":\"2016-04-27T10:46:33+00:00\",\"dateModified\":\"2023-06-25T16:02:54+00:00\",\"breadcrumb\":{\"@id\":\"https:\/\/www.clients.horus-informatique71.fr\/advocnar_backup\/aviation-civile\/flux-de-trajectoires\/#breadcrumb\"},\"inLanguage\":\"fr-FR\",\"potentialAction\":[{\"@type\":\"ReadAction\",\"target\":[\"https:\/\/www.clients.horus-informatique71.fr\/advocnar_backup\/aviation-civile\/flux-de-trajectoires\/\"]}]},{\"@type\":\"BreadcrumbList\",\"@id\":\"https:\/\/www.clients.horus-informatique71.fr\/advocnar_backup\/aviation-civile\/flux-de-trajectoires\/#breadcrumb\",\"itemListElement\":[{\"@type\":\"ListItem\",\"position\":1,\"name\":\"Accueil\",\"item\":\"https:\/\/www.clients.horus-informatique71.fr\/advocnar_backup\/\"},{\"@type\":\"ListItem\",\"position\":2,\"name\":\"Aviation Civile\",\"item\":\"https:\/\/www.clients.horus-informatique71.fr\/advocnar_backup\/aviation-civile\/\"},{\"@type\":\"ListItem\",\"position\":3,\"name\":\"Flux de trajectoires\"}]},{\"@type\":\"WebSite\",\"@id\":\"https:\/\/www.clients.horus-informatique71.fr\/advocnar_backup\/#website\",\"url\":\"https:\/\/www.clients.horus-informatique71.fr\/advocnar_backup\/\",\"name\":\"Advocnar\",\"description\":\"Association de D\u00e9fense Contre les Nuisances A\u00e9riennes\",\"potentialAction\":[{\"@type\":\"SearchAction\",\"target\":{\"@type\":\"EntryPoint\",\"urlTemplate\":\"https:\/\/www.clients.horus-informatique71.fr\/advocnar_backup\/?s={search_term_string}\"},\"query-input\":\"required name=search_term_string\"}],\"inLanguage\":\"fr-FR\"}]}<\/script>\n<!-- \/ Yoast SEO plugin. -->","yoast_head_json":{"title":"Flux de trajectoires - Advocnar","robots":{"index":"index","follow":"follow","max-snippet":"max-snippet:-1","max-image-preview":"max-image-preview:large","max-video-preview":"max-video-preview:-1"},"canonical":"https:\/\/www.clients.horus-informatique71.fr\/advocnar_backup\/aviation-civile\/flux-de-trajectoires\/","og_locale":"fr_FR","og_type":"article","og_title":"Flux de trajectoires - Advocnar","og_description":"Flux de trajectoires Pr\u00e9sentation des flux de trajectoires en r\u00e9gion parisienne Les documents ci-contre\u00a0 sont \u00e9dit\u00e9s par la DGAC (Direction G\u00e9n\u00e9rale de l&rsquo;Aviation Civile).Ils contribuent \u00e0 l&rsquo;information du public sur les conditions de survols en r\u00e9gion parisienne par les avions en provenance et \u00e0 destination des a\u00e9roports de Roissy, d&rsquo;Orly et du Bourget. Le sens [&hellip;]","og_url":"https:\/\/www.clients.horus-informatique71.fr\/advocnar_backup\/aviation-civile\/flux-de-trajectoires\/","og_site_name":"Advocnar","article_modified_time":"2023-06-25T16:02:54+00:00","og_image":[{"url":"https:\/\/www.clients.horus-informatique71.fr\/advocnar_backup\/wp-content\/uploads\/2016\/04\/chevelu.png"}],"twitter_card":"summary_large_image","twitter_misc":{"Dur\u00e9e de lecture estim\u00e9e":"2 minutes"},"schema":{"@context":"https:\/\/schema.org","@graph":[{"@type":"WebPage","@id":"https:\/\/www.clients.horus-informatique71.fr\/advocnar_backup\/aviation-civile\/flux-de-trajectoires\/","url":"https:\/\/www.clients.horus-informatique71.fr\/advocnar_backup\/aviation-civile\/flux-de-trajectoires\/","name":"Flux de trajectoires - Advocnar","isPartOf":{"@id":"https:\/\/www.clients.horus-informatique71.fr\/advocnar_backup\/#website"},"datePublished":"2016-04-27T10:46:33+00:00","dateModified":"2023-06-25T16:02:54+00:00","breadcrumb":{"@id":"https:\/\/www.clients.horus-informatique71.fr\/advocnar_backup\/aviation-civile\/flux-de-trajectoires\/#breadcrumb"},"inLanguage":"fr-FR","potentialAction":[{"@type":"ReadAction","target":["https:\/\/www.clients.horus-informatique71.fr\/advocnar_backup\/aviation-civile\/flux-de-trajectoires\/"]}]},{"@type":"BreadcrumbList","@id":"https:\/\/www.clients.horus-informatique71.fr\/advocnar_backup\/aviation-civile\/flux-de-trajectoires\/#breadcrumb","itemListElement":[{"@type":"ListItem","position":1,"name":"Accueil","item":"https:\/\/www.clients.horus-informatique71.fr\/advocnar_backup\/"},{"@type":"ListItem","position":2,"name":"Aviation Civile","item":"https:\/\/www.clients.horus-informatique71.fr\/advocnar_backup\/aviation-civile\/"},{"@type":"ListItem","position":3,"name":"Flux de trajectoires"}]},{"@type":"WebSite","@id":"https:\/\/www.clients.horus-informatique71.fr\/advocnar_backup\/#website","url":"https:\/\/www.clients.horus-informatique71.fr\/advocnar_backup\/","name":"Advocnar","description":"Association de D\u00e9fense Contre les Nuisances A\u00e9riennes","potentialAction":[{"@type":"SearchAction","target":{"@type":"EntryPoint","urlTemplate":"https:\/\/www.clients.horus-informatique71.fr\/advocnar_backup\/?s={search_term_string}"},"query-input":"required name=search_term_string"}],"inLanguage":"fr-FR"}]}},"_links":{"self":[{"href":"https:\/\/www.clients.horus-informatique71.fr\/advocnar_backup\/wp-json\/wp\/v2\/pages\/71573"}],"collection":[{"href":"https:\/\/www.clients.horus-informatique71.fr\/advocnar_backup\/wp-json\/wp\/v2\/pages"}],"about":[{"href":"https:\/\/www.clients.horus-informatique71.fr\/advocnar_backup\/wp-json\/wp\/v2\/types\/page"}],"author":[{"embeddable":true,"href":"https:\/\/www.clients.horus-informatique71.fr\/advocnar_backup\/wp-json\/wp\/v2\/users\/18"}],"replies":[{"embeddable":true,"href":"https:\/\/www.clients.horus-informatique71.fr\/advocnar_backup\/wp-json\/wp\/v2\/comments?post=71573"}],"version-history":[{"count":23,"href":"https:\/\/www.clients.horus-informatique71.fr\/advocnar_backup\/wp-json\/wp\/v2\/pages\/71573\/revisions"}],"predecessor-version":[{"id":78742,"href":"https:\/\/www.clients.horus-informatique71.fr\/advocnar_backup\/wp-json\/wp\/v2\/pages\/71573\/revisions\/78742"}],"up":[{"embeddable":true,"href":"https:\/\/www.clients.horus-informatique71.fr\/advocnar_backup\/wp-json\/wp\/v2\/pages\/71566"}],"wp:attachment":[{"href":"https:\/\/www.clients.horus-informatique71.fr\/advocnar_backup\/wp-json\/wp\/v2\/media?parent=71573"}],"curies":[{"name":"wp","href":"https:\/\/api.w.org\/{rel}","templated":true}]}}