{"id":71579,"date":"2016-04-27T11:52:09","date_gmt":"2016-04-27T10:52:09","guid":{"rendered":"https:\/\/www.clients.horus-informatique71.fr\/advocnar_backup\/?page_id=71579"},"modified":"2021-04-04T20:01:15","modified_gmt":"2021-04-04T18:01:15","slug":"les-aeroports","status":"publish","type":"page","link":"https:\/\/www.clients.horus-informatique71.fr\/advocnar_backup\/les-aeroports\/","title":{"rendered":"Les A\u00e9roports"},"content":{"rendered":"\n<h3 class=\"wp-block-heading\">Les A\u00e9roports<\/h3>\n\n\n\n<p><strong>Classement des a\u00e9roports dans le monde en 2019 selon le trafic passagers<\/strong><\/p>\n\n\n\n<p>source : ACI World<\/p>\n\n\n\n<figure class=\"wp-block-image size-large\"><img loading=\"lazy\" decoding=\"async\" width=\"672\" height=\"577\" src=\"https:\/\/www.clients.horus-informatique71.fr\/advocnar_backup\/wp-content\/uploads\/2021\/04\/2019-classement-aeroports-ACI.png\" alt=\"\" class=\"wp-image-76751\" srcset=\"https:\/\/www.clients.horus-informatique71.fr\/advocnar_backup\/wp-content\/uploads\/2021\/04\/2019-classement-aeroports-ACI.png 672w, https:\/\/www.clients.horus-informatique71.fr\/advocnar_backup\/wp-content\/uploads\/2021\/04\/2019-classement-aeroports-ACI-300x258.png 300w\" sizes=\"(max-width: 672px) 100vw, 672px\" \/><\/figure>\n\n\n\n<p><\/p>\n\n\n\n<h4 class=\"wp-block-heading\"><strong>Activit\u00e9 des a\u00e9roports de Paris (Paris A\u00e9roport)&nbsp;<br><\/strong><\/h4>\n\n\n\n<p><strong>Paris-Charles de Gaulle<\/strong><\/p>\n\n\n\n<ul><li>76,1 millions\u00a0de passagers en 2019<\/li><li>504 836 mouvements d&rsquo;avions en 2019<\/li><li>1 927 176 tonnes de fret transport\u00e9 en 2019<\/li><li>31 % de passagers en\u00a0correspondance (plus de 50% pour Air France)<\/li><li>328 destinations desservies dans 119 pays<\/li><li>298 postes de\u00a0stationnement avions<\/li><\/ul>\n\n\n\n<p><strong>Paris-Orly<\/strong><\/p>\n\n\n\n<ul><li>31,8 \u00a0millions\u00a0de passagers en 2019<\/li><li>221 405 mouvements d&rsquo;avions en 2019<\/li><li>128 destinations desservies dans 48 pays<\/li><li>75 postes de\u00a0stationnement\u00a0avions<\/li><\/ul>\n\n\n\n<p><strong> Paris-Le Bourget <\/strong><\/p>\n\n\n\n<ul><li>54 656 mouvements d&rsquo;avions en 2019<\/li><li>100 entreprises\u00a0implant\u00e9es<\/li><li>15 compagnies\u00a0d&rsquo;aviation\u00a0d&rsquo;affaires\u00a0 1er a\u00e9roport\u00a0d&rsquo;affaires\u00a0en Europe<\/li><li>800 destinations<\/li><\/ul>\n\n\n\n<p>Dot\u00e9 du statut de soci\u00e9t\u00e9 anonyme, Paris A\u00e9roport (anciennement &nbsp;ADP) g\u00e8re sur 6 600 hectares le plus grand domaine a\u00e9roportuaire d\u2019Europe, compos\u00e9 majoritairement des plates-formes de Roissy, d\u2019Orly et du Bourget, 1er a\u00e9roport d\u2019affaires europ\u00e9en. Air France y repr\u00e9sente plus de 50 % des mouvements d\u2019avions. Les nouvelles capacit\u00e9s d\u2019ADP, la configuration du r\u00e9seau des TGV et la venue de l\u2019A380 plaident, plus que jamais, pour la poursuite du renforcement de Roissy &#8211; Charles de Gaulle face aux autres hubs. Or il existe d\u00e9j\u00e0 une tr\u00e8s forte concentration parisienne, car 60 % des passagers a\u00e9riens transitent par ADP et cette part s\u2019\u00e9l\u00e8ve \u00e0 90 % pour le fret. Concentrer le trafic a\u00e9rien sur la plate forme qui impacte le plus de personnes dans <a href=\"https:\/\/www.advocnar.fr2015\/10\/plan-dexposition-bruit-peb\/\">le plan d&rsquo;exposition au bruit<\/a>&nbsp;est un nom sens du point de vue de l&rsquo;impact sanitaire.<\/p>\n","protected":false},"excerpt":{"rendered":"<p>Les A\u00e9roports Classement des a\u00e9roports dans le monde en 2019 selon le trafic passagers source : ACI World Activit\u00e9 des a\u00e9roports de Paris (Paris A\u00e9roport)&nbsp; Paris-Charles de Gaulle 76,1 millions\u00a0de passagers en 2019 504 836 mouvements d&rsquo;avions en 2019 1 927 176 tonnes de fret transport\u00e9 en 2019 31 % de passagers en\u00a0correspondance (plus de [&hellip;]<\/p>\n","protected":false},"author":18,"featured_media":0,"parent":0,"menu_order":0,"comment_status":"closed","ping_status":"closed","template":"","meta":{"footnotes":""},"yoast_head":"<!-- This site is optimized with the Yoast SEO plugin v22.0 - https:\/\/yoast.com\/wordpress\/plugins\/seo\/ -->\n<title>Les A\u00e9roports - Advocnar<\/title>\n<meta name=\"robots\" content=\"index, follow, max-snippet:-1, max-image-preview:large, max-video-preview:-1\" \/>\n<link rel=\"canonical\" href=\"https:\/\/www.clients.horus-informatique71.fr\/advocnar_backup\/les-aeroports\/\" \/>\n<meta property=\"og:locale\" content=\"fr_FR\" \/>\n<meta property=\"og:type\" content=\"article\" \/>\n<meta property=\"og:title\" content=\"Les A\u00e9roports - Advocnar\" \/>\n<meta property=\"og:description\" content=\"Les A\u00e9roports Classement des a\u00e9roports dans le monde en 2019 selon le trafic passagers source : ACI World Activit\u00e9 des a\u00e9roports de Paris (Paris A\u00e9roport)&nbsp; Paris-Charles de Gaulle 76,1 millions\u00a0de passagers en 2019 504 836 mouvements d&rsquo;avions en 2019 1 927 176 tonnes de fret transport\u00e9 en 2019 31 % de passagers en\u00a0correspondance (plus de [&hellip;]\" \/>\n<meta property=\"og:url\" content=\"https:\/\/www.clients.horus-informatique71.fr\/advocnar_backup\/les-aeroports\/\" \/>\n<meta property=\"og:site_name\" content=\"Advocnar\" \/>\n<meta property=\"article:modified_time\" content=\"2021-04-04T18:01:15+00:00\" \/>\n<meta property=\"og:image\" content=\"https:\/\/www.advocnar.frwp-content\/uploads\/2021\/04\/2019-classement-aeroports-ACI.png\" \/>\n<meta name=\"twitter:card\" content=\"summary_large_image\" \/>\n<meta name=\"twitter:label1\" content=\"Dur\u00e9e de lecture estim\u00e9e\" \/>\n\t<meta name=\"twitter:data1\" content=\"2 minutes\" \/>\n<script type=\"application\/ld+json\" class=\"yoast-schema-graph\">{\"@context\":\"https:\/\/schema.org\",\"@graph\":[{\"@type\":\"WebPage\",\"@id\":\"https:\/\/www.clients.horus-informatique71.fr\/advocnar_backup\/les-aeroports\/\",\"url\":\"https:\/\/www.clients.horus-informatique71.fr\/advocnar_backup\/les-aeroports\/\",\"name\":\"Les A\u00e9roports - Advocnar\",\"isPartOf\":{\"@id\":\"https:\/\/www.clients.horus-informatique71.fr\/advocnar_backup\/#website\"},\"datePublished\":\"2016-04-27T10:52:09+00:00\",\"dateModified\":\"2021-04-04T18:01:15+00:00\",\"breadcrumb\":{\"@id\":\"https:\/\/www.clients.horus-informatique71.fr\/advocnar_backup\/les-aeroports\/#breadcrumb\"},\"inLanguage\":\"fr-FR\",\"potentialAction\":[{\"@type\":\"ReadAction\",\"target\":[\"https:\/\/www.clients.horus-informatique71.fr\/advocnar_backup\/les-aeroports\/\"]}]},{\"@type\":\"BreadcrumbList\",\"@id\":\"https:\/\/www.clients.horus-informatique71.fr\/advocnar_backup\/les-aeroports\/#breadcrumb\",\"itemListElement\":[{\"@type\":\"ListItem\",\"position\":1,\"name\":\"Accueil\",\"item\":\"https:\/\/www.clients.horus-informatique71.fr\/advocnar_backup\/\"},{\"@type\":\"ListItem\",\"position\":2,\"name\":\"Les A\u00e9roports\"}]},{\"@type\":\"WebSite\",\"@id\":\"https:\/\/www.clients.horus-informatique71.fr\/advocnar_backup\/#website\",\"url\":\"https:\/\/www.clients.horus-informatique71.fr\/advocnar_backup\/\",\"name\":\"Advocnar\",\"description\":\"Association de D\u00e9fense Contre les Nuisances A\u00e9riennes\",\"potentialAction\":[{\"@type\":\"SearchAction\",\"target\":{\"@type\":\"EntryPoint\",\"urlTemplate\":\"https:\/\/www.clients.horus-informatique71.fr\/advocnar_backup\/?s={search_term_string}\"},\"query-input\":\"required name=search_term_string\"}],\"inLanguage\":\"fr-FR\"}]}<\/script>\n<!-- \/ Yoast SEO plugin. -->","yoast_head_json":{"title":"Les A\u00e9roports - Advocnar","robots":{"index":"index","follow":"follow","max-snippet":"max-snippet:-1","max-image-preview":"max-image-preview:large","max-video-preview":"max-video-preview:-1"},"canonical":"https:\/\/www.clients.horus-informatique71.fr\/advocnar_backup\/les-aeroports\/","og_locale":"fr_FR","og_type":"article","og_title":"Les A\u00e9roports - Advocnar","og_description":"Les A\u00e9roports Classement des a\u00e9roports dans le monde en 2019 selon le trafic passagers source : ACI World Activit\u00e9 des a\u00e9roports de Paris (Paris A\u00e9roport)&nbsp; Paris-Charles de Gaulle 76,1 millions\u00a0de passagers en 2019 504 836 mouvements d&rsquo;avions en 2019 1 927 176 tonnes de fret transport\u00e9 en 2019 31 % de passagers en\u00a0correspondance (plus de [&hellip;]","og_url":"https:\/\/www.clients.horus-informatique71.fr\/advocnar_backup\/les-aeroports\/","og_site_name":"Advocnar","article_modified_time":"2021-04-04T18:01:15+00:00","og_image":[{"url":"https:\/\/www.advocnar.frwp-content\/uploads\/2021\/04\/2019-classement-aeroports-ACI.png"}],"twitter_card":"summary_large_image","twitter_misc":{"Dur\u00e9e de lecture estim\u00e9e":"2 minutes"},"schema":{"@context":"https:\/\/schema.org","@graph":[{"@type":"WebPage","@id":"https:\/\/www.clients.horus-informatique71.fr\/advocnar_backup\/les-aeroports\/","url":"https:\/\/www.clients.horus-informatique71.fr\/advocnar_backup\/les-aeroports\/","name":"Les A\u00e9roports - Advocnar","isPartOf":{"@id":"https:\/\/www.clients.horus-informatique71.fr\/advocnar_backup\/#website"},"datePublished":"2016-04-27T10:52:09+00:00","dateModified":"2021-04-04T18:01:15+00:00","breadcrumb":{"@id":"https:\/\/www.clients.horus-informatique71.fr\/advocnar_backup\/les-aeroports\/#breadcrumb"},"inLanguage":"fr-FR","potentialAction":[{"@type":"ReadAction","target":["https:\/\/www.clients.horus-informatique71.fr\/advocnar_backup\/les-aeroports\/"]}]},{"@type":"BreadcrumbList","@id":"https:\/\/www.clients.horus-informatique71.fr\/advocnar_backup\/les-aeroports\/#breadcrumb","itemListElement":[{"@type":"ListItem","position":1,"name":"Accueil","item":"https:\/\/www.clients.horus-informatique71.fr\/advocnar_backup\/"},{"@type":"ListItem","position":2,"name":"Les A\u00e9roports"}]},{"@type":"WebSite","@id":"https:\/\/www.clients.horus-informatique71.fr\/advocnar_backup\/#website","url":"https:\/\/www.clients.horus-informatique71.fr\/advocnar_backup\/","name":"Advocnar","description":"Association de D\u00e9fense Contre les Nuisances A\u00e9riennes","potentialAction":[{"@type":"SearchAction","target":{"@type":"EntryPoint","urlTemplate":"https:\/\/www.clients.horus-informatique71.fr\/advocnar_backup\/?s={search_term_string}"},"query-input":"required name=search_term_string"}],"inLanguage":"fr-FR"}]}},"_links":{"self":[{"href":"https:\/\/www.clients.horus-informatique71.fr\/advocnar_backup\/wp-json\/wp\/v2\/pages\/71579"}],"collection":[{"href":"https:\/\/www.clients.horus-informatique71.fr\/advocnar_backup\/wp-json\/wp\/v2\/pages"}],"about":[{"href":"https:\/\/www.clients.horus-informatique71.fr\/advocnar_backup\/wp-json\/wp\/v2\/types\/page"}],"author":[{"embeddable":true,"href":"https:\/\/www.clients.horus-informatique71.fr\/advocnar_backup\/wp-json\/wp\/v2\/users\/18"}],"replies":[{"embeddable":true,"href":"https:\/\/www.clients.horus-informatique71.fr\/advocnar_backup\/wp-json\/wp\/v2\/comments?post=71579"}],"version-history":[{"count":20,"href":"https:\/\/www.clients.horus-informatique71.fr\/advocnar_backup\/wp-json\/wp\/v2\/pages\/71579\/revisions"}],"predecessor-version":[{"id":76769,"href":"https:\/\/www.clients.horus-informatique71.fr\/advocnar_backup\/wp-json\/wp\/v2\/pages\/71579\/revisions\/76769"}],"wp:attachment":[{"href":"https:\/\/www.clients.horus-informatique71.fr\/advocnar_backup\/wp-json\/wp\/v2\/media?parent=71579"}],"curies":[{"name":"wp","href":"https:\/\/api.w.org\/{rel}","templated":true}]}}