{"id":71592,"date":"2016-04-27T13:11:19","date_gmt":"2016-04-27T12:11:19","guid":{"rendered":"https:\/\/www.clients.horus-informatique71.fr\/advocnar_backup\/?page_id=71592"},"modified":"2021-04-05T09:44:44","modified_gmt":"2021-04-05T07:44:44","slug":"bruit-et-perception","status":"publish","type":"page","link":"https:\/\/www.clients.horus-informatique71.fr\/advocnar_backup\/le-bruit\/bruit-et-perception\/","title":{"rendered":"Bruit et perception"},"content":{"rendered":"<h2>Bruit et perception<\/h2>\n<h4>Le niveau sonore:<\/h4>\n<p>L&rsquo;intensit\u00e9 d&rsquo;un bruit correspond \u00e0 l&rsquo;amplitude de la vibration acoustique. Le d\u00e9cibel (dB), unit\u00e9 relative, exprime le niveau sonore d&rsquo;une source bruyante.<\/p>\n<p>Le d\u00e9cibel (dB) correspond \u00e0 peu pr\u00e8s au pouvoir s\u00e9lectif de l&rsquo;oreille permettant d&rsquo;appr\u00e9cier une variation d&rsquo;intensit\u00e9. Il constitue une bonne unit\u00e9 relative pour caract\u00e9riser physiquement et physiologiquement les sons.<\/p>\n<p>Le seuil de l&rsquo;audition situe le niveau minimal d&rsquo;intensit\u00e9 audible \u00e0 une puissance liminaire, pour un sujet normal, de 10-12 W\/m2, ce qui correspond \u00e0 une pression de 2.10-5 Pascal (20 micropascal).<\/p>\n<p><strong>Le d\u00e9cibel A ou dB(A) permet de reproduire la sensibilit\u00e9 de l&rsquo;oreille.<\/strong><\/p>\n<p>En effet notre oreille est plus sensible aux moyennes fr\u00e9quences qu&rsquo;aux basses et hautes fr\u00e9quences. Pour tenir compte de ce comportement physiologique de l&rsquo;oreille, les instruments de mesure (sonom\u00e8tre, dosim\u00e8tre) sont \u00e9quip\u00e9s d&rsquo;un filtre dit \u00ab\u00a0de pond\u00e9ration A\u00a0\u00bb dont la r\u00e9ponse en fr\u00e9quence est la m\u00eame que celle de l&rsquo;oreille. L&rsquo;unit\u00e9 de mesure s&rsquo;appelle alors le d\u00e9cibel pond\u00e9r\u00e9 A ou (dBA).<\/p>\n<p>Le niveau d&rsquo;un bruit (fort ou faible) correspond aux variations de pression de l&rsquo;air ambiant, exprim\u00e9es en Pascal (Pa). Compar\u00e9es \u00e0 la pression atmosph\u00e9rique (105 Pa), les variations de pression audibles sont tr\u00e8s faibles, de 20 \u00b5Pa \u00e0 100 Pa environ.<\/p>\n<p>20 \u00b5Pa correspond au seuil d&rsquo;audition moyen de l&rsquo;homme. A l&rsquo;oppos\u00e9, une pression acoustique de 100 Pa est si forte qu&rsquo;elle correspond au seuil de la douleur. Le rapport entre ces deux valeurs est de l&rsquo;ordre du million.<\/p>\n<p>Appliquer directement une \u00e9chelle lin\u00e9aire en Pascal aux mesures de pression acoustique conduirait donc \u00e0 manier des valeurs peu pratiques parce qu&rsquo;\u00e9ventuellement tr\u00e8s diff\u00e9rentes en amplitude. De plus, l&rsquo;oreille humaine r\u00e9pond aux stimuli sur un mode logarithmique et non en mode lin\u00e9aire. Ainsi, l&rsquo;oreille ne fait pas la diff\u00e9rence entre 20 et 21 \u00b5Pa, ni m\u00eame entre 2000 et 2200 \u00b5Pa. Elle ne ressent pas un doublement de pression acoustique comme un doublement du niveau sonore. On pr\u00e9f\u00e8re donc exprimer les pressions acoustiques sous la forme d&rsquo;un rapport logarithmique entre la valeur mesur\u00e9e et une valeur de r\u00e9f\u00e9rence. Ce rapport est exprim\u00e9 en d\u00e9cibels (dB).<\/p>\n<p>Ainsi les bruits audibles se situent entre 0 dB qui correspond au seuil d&rsquo;audition (et non \u00e0 l&rsquo;absence de bruit) et 140 dB. Le seuil de la douleur se situe aux alentours de 120 dB. La g\u00eane, notion subjective, est ressentie de mani\u00e8re tr\u00e8s variable d&rsquo;un individu \u00e0 l&rsquo;autre. En cons\u00e9quence aucune \u00e9chelle de niveau sonore ne peut donner une indication absolue de la g\u00eane occasionn\u00e9e.<\/p>\n<p>Du fait du changement d&rsquo;\u00e9chelle (\u00e9chelle logarithmique au lieu de l&rsquo;\u00e9chelle arithm\u00e9tique), les d\u00e9cibels ne s&rsquo;additionnent pas de mani\u00e8re arithm\u00e9tique. Un doublement de la pression acoustique \u00e9quivaut \u00e0 une augmentation de 3 dB. Ainsi, si on fait jouer deux pianistes simultan\u00e9ment, le niveau de bruit sera de 3 dB plus important que quand un seul des pianistes joue.<\/p>\n<p>L&rsquo;oreille humaine n&rsquo;est pas sensible de la m\u00eame fa\u00e7on aux diff\u00e9rentes fr\u00e9quences : elle privil\u00e9gie les fr\u00e9quences m\u00e9diums et les sons graves sont moins perceptibles que les sons aigus \u00e0 intensit\u00e9 identique, d&rsquo;o\u00f9 la cr\u00e9ation d&rsquo;une unit\u00e9 physiologique de mesure du bruit tenant compte de cette sensibilit\u00e9 particuli\u00e8re : le d\u00e9cibel A ou dB (A).<\/p>\n<h4>La fr\u00e9quence<\/h4>\n<p>La fr\u00e9quence d&rsquo;un son s&rsquo;exprime en Hertz (Hz). A cette valeur correspond le nombre de vibrations (ou d&rsquo;oscillations) par seconde effectu\u00e9 par l&rsquo;onde acoustique.<\/p>\n<p>A cette notion physique correspond la notion physiologique de hauteur du son : plus un son est haut, plus il est aigu.<\/p>\n<p>L&rsquo;oreille humaine per\u00e7oit des sons dont la fr\u00e9quence varie entre 16 et 20 000 Hertz :<\/p>\n<ul>\n<li>les sons graves aussi appel\u00e9s basses fr\u00e9quences : de 16 \u00e0 200 Hz<\/li>\n<li>les sons m\u00e9diums aussi appel\u00e9s fr\u00e9quences moyennes : de 200 \u00e0 2 000 Hz<\/li>\n<li>les sons aigus aussi appel\u00e9s hautes fr\u00e9quences : de 2 000 \u00e0 20 000 Hz.<\/li>\n<\/ul>\n<p>En dessous de 20 Hz, on parle d&rsquo;infrasons ; au-dessus de 20 000 Hz, il s&rsquo;agit d&rsquo;ultrasons qui ne sont pas per\u00e7us par l&rsquo;oreille humaine mais par certains animaux (dauphins, chiens, chauves-souris, etc).<\/p>\n","protected":false},"excerpt":{"rendered":"<p>Bruit et perception Le niveau sonore: L&rsquo;intensit\u00e9 d&rsquo;un bruit correspond \u00e0 l&rsquo;amplitude de la vibration acoustique. Le d\u00e9cibel (dB), unit\u00e9 relative, exprime le niveau sonore d&rsquo;une source bruyante. Le d\u00e9cibel (dB) correspond \u00e0 peu pr\u00e8s au pouvoir s\u00e9lectif de l&rsquo;oreille permettant d&rsquo;appr\u00e9cier une variation d&rsquo;intensit\u00e9. Il constitue une bonne unit\u00e9 relative pour caract\u00e9riser physiquement et [&hellip;]<\/p>\n","protected":false},"author":18,"featured_media":0,"parent":71588,"menu_order":0,"comment_status":"closed","ping_status":"closed","template":"","meta":{"footnotes":""},"yoast_head":"<!-- This site is optimized with the Yoast SEO plugin v22.0 - https:\/\/yoast.com\/wordpress\/plugins\/seo\/ -->\n<title>Bruit et perception - Advocnar<\/title>\n<meta name=\"robots\" content=\"index, follow, max-snippet:-1, max-image-preview:large, max-video-preview:-1\" \/>\n<link rel=\"canonical\" href=\"https:\/\/www.clients.horus-informatique71.fr\/advocnar_backup\/le-bruit\/bruit-et-perception\/\" \/>\n<meta property=\"og:locale\" content=\"fr_FR\" \/>\n<meta property=\"og:type\" content=\"article\" \/>\n<meta property=\"og:title\" content=\"Bruit et perception - Advocnar\" \/>\n<meta property=\"og:description\" content=\"Bruit et perception Le niveau sonore: L&rsquo;intensit\u00e9 d&rsquo;un bruit correspond \u00e0 l&rsquo;amplitude de la vibration acoustique. Le d\u00e9cibel (dB), unit\u00e9 relative, exprime le niveau sonore d&rsquo;une source bruyante. Le d\u00e9cibel (dB) correspond \u00e0 peu pr\u00e8s au pouvoir s\u00e9lectif de l&rsquo;oreille permettant d&rsquo;appr\u00e9cier une variation d&rsquo;intensit\u00e9. Il constitue une bonne unit\u00e9 relative pour caract\u00e9riser physiquement et [&hellip;]\" \/>\n<meta property=\"og:url\" content=\"https:\/\/www.clients.horus-informatique71.fr\/advocnar_backup\/le-bruit\/bruit-et-perception\/\" \/>\n<meta property=\"og:site_name\" content=\"Advocnar\" \/>\n<meta property=\"article:modified_time\" content=\"2021-04-05T07:44:44+00:00\" \/>\n<meta name=\"twitter:card\" content=\"summary_large_image\" \/>\n<meta name=\"twitter:label1\" content=\"Dur\u00e9e de lecture estim\u00e9e\" \/>\n\t<meta name=\"twitter:data1\" content=\"3 minutes\" \/>\n<script type=\"application\/ld+json\" class=\"yoast-schema-graph\">{\"@context\":\"https:\/\/schema.org\",\"@graph\":[{\"@type\":\"WebPage\",\"@id\":\"https:\/\/www.clients.horus-informatique71.fr\/advocnar_backup\/le-bruit\/bruit-et-perception\/\",\"url\":\"https:\/\/www.clients.horus-informatique71.fr\/advocnar_backup\/le-bruit\/bruit-et-perception\/\",\"name\":\"Bruit et perception - Advocnar\",\"isPartOf\":{\"@id\":\"https:\/\/www.clients.horus-informatique71.fr\/advocnar_backup\/#website\"},\"datePublished\":\"2016-04-27T12:11:19+00:00\",\"dateModified\":\"2021-04-05T07:44:44+00:00\",\"breadcrumb\":{\"@id\":\"https:\/\/www.clients.horus-informatique71.fr\/advocnar_backup\/le-bruit\/bruit-et-perception\/#breadcrumb\"},\"inLanguage\":\"fr-FR\",\"potentialAction\":[{\"@type\":\"ReadAction\",\"target\":[\"https:\/\/www.clients.horus-informatique71.fr\/advocnar_backup\/le-bruit\/bruit-et-perception\/\"]}]},{\"@type\":\"BreadcrumbList\",\"@id\":\"https:\/\/www.clients.horus-informatique71.fr\/advocnar_backup\/le-bruit\/bruit-et-perception\/#breadcrumb\",\"itemListElement\":[{\"@type\":\"ListItem\",\"position\":1,\"name\":\"Accueil\",\"item\":\"https:\/\/www.clients.horus-informatique71.fr\/advocnar_backup\/\"},{\"@type\":\"ListItem\",\"position\":2,\"name\":\"Le bruit\",\"item\":\"https:\/\/www.clients.horus-informatique71.fr\/advocnar_backup\/le-bruit\/\"},{\"@type\":\"ListItem\",\"position\":3,\"name\":\"Bruit et perception\"}]},{\"@type\":\"WebSite\",\"@id\":\"https:\/\/www.clients.horus-informatique71.fr\/advocnar_backup\/#website\",\"url\":\"https:\/\/www.clients.horus-informatique71.fr\/advocnar_backup\/\",\"name\":\"Advocnar\",\"description\":\"Association de D\u00e9fense Contre les Nuisances A\u00e9riennes\",\"potentialAction\":[{\"@type\":\"SearchAction\",\"target\":{\"@type\":\"EntryPoint\",\"urlTemplate\":\"https:\/\/www.clients.horus-informatique71.fr\/advocnar_backup\/?s={search_term_string}\"},\"query-input\":\"required name=search_term_string\"}],\"inLanguage\":\"fr-FR\"}]}<\/script>\n<!-- \/ Yoast SEO plugin. -->","yoast_head_json":{"title":"Bruit et perception - Advocnar","robots":{"index":"index","follow":"follow","max-snippet":"max-snippet:-1","max-image-preview":"max-image-preview:large","max-video-preview":"max-video-preview:-1"},"canonical":"https:\/\/www.clients.horus-informatique71.fr\/advocnar_backup\/le-bruit\/bruit-et-perception\/","og_locale":"fr_FR","og_type":"article","og_title":"Bruit et perception - Advocnar","og_description":"Bruit et perception Le niveau sonore: L&rsquo;intensit\u00e9 d&rsquo;un bruit correspond \u00e0 l&rsquo;amplitude de la vibration acoustique. Le d\u00e9cibel (dB), unit\u00e9 relative, exprime le niveau sonore d&rsquo;une source bruyante. Le d\u00e9cibel (dB) correspond \u00e0 peu pr\u00e8s au pouvoir s\u00e9lectif de l&rsquo;oreille permettant d&rsquo;appr\u00e9cier une variation d&rsquo;intensit\u00e9. Il constitue une bonne unit\u00e9 relative pour caract\u00e9riser physiquement et [&hellip;]","og_url":"https:\/\/www.clients.horus-informatique71.fr\/advocnar_backup\/le-bruit\/bruit-et-perception\/","og_site_name":"Advocnar","article_modified_time":"2021-04-05T07:44:44+00:00","twitter_card":"summary_large_image","twitter_misc":{"Dur\u00e9e de lecture estim\u00e9e":"3 minutes"},"schema":{"@context":"https:\/\/schema.org","@graph":[{"@type":"WebPage","@id":"https:\/\/www.clients.horus-informatique71.fr\/advocnar_backup\/le-bruit\/bruit-et-perception\/","url":"https:\/\/www.clients.horus-informatique71.fr\/advocnar_backup\/le-bruit\/bruit-et-perception\/","name":"Bruit et perception - Advocnar","isPartOf":{"@id":"https:\/\/www.clients.horus-informatique71.fr\/advocnar_backup\/#website"},"datePublished":"2016-04-27T12:11:19+00:00","dateModified":"2021-04-05T07:44:44+00:00","breadcrumb":{"@id":"https:\/\/www.clients.horus-informatique71.fr\/advocnar_backup\/le-bruit\/bruit-et-perception\/#breadcrumb"},"inLanguage":"fr-FR","potentialAction":[{"@type":"ReadAction","target":["https:\/\/www.clients.horus-informatique71.fr\/advocnar_backup\/le-bruit\/bruit-et-perception\/"]}]},{"@type":"BreadcrumbList","@id":"https:\/\/www.clients.horus-informatique71.fr\/advocnar_backup\/le-bruit\/bruit-et-perception\/#breadcrumb","itemListElement":[{"@type":"ListItem","position":1,"name":"Accueil","item":"https:\/\/www.clients.horus-informatique71.fr\/advocnar_backup\/"},{"@type":"ListItem","position":2,"name":"Le bruit","item":"https:\/\/www.clients.horus-informatique71.fr\/advocnar_backup\/le-bruit\/"},{"@type":"ListItem","position":3,"name":"Bruit et perception"}]},{"@type":"WebSite","@id":"https:\/\/www.clients.horus-informatique71.fr\/advocnar_backup\/#website","url":"https:\/\/www.clients.horus-informatique71.fr\/advocnar_backup\/","name":"Advocnar","description":"Association de D\u00e9fense Contre les Nuisances A\u00e9riennes","potentialAction":[{"@type":"SearchAction","target":{"@type":"EntryPoint","urlTemplate":"https:\/\/www.clients.horus-informatique71.fr\/advocnar_backup\/?s={search_term_string}"},"query-input":"required name=search_term_string"}],"inLanguage":"fr-FR"}]}},"_links":{"self":[{"href":"https:\/\/www.clients.horus-informatique71.fr\/advocnar_backup\/wp-json\/wp\/v2\/pages\/71592"}],"collection":[{"href":"https:\/\/www.clients.horus-informatique71.fr\/advocnar_backup\/wp-json\/wp\/v2\/pages"}],"about":[{"href":"https:\/\/www.clients.horus-informatique71.fr\/advocnar_backup\/wp-json\/wp\/v2\/types\/page"}],"author":[{"embeddable":true,"href":"https:\/\/www.clients.horus-informatique71.fr\/advocnar_backup\/wp-json\/wp\/v2\/users\/18"}],"replies":[{"embeddable":true,"href":"https:\/\/www.clients.horus-informatique71.fr\/advocnar_backup\/wp-json\/wp\/v2\/comments?post=71592"}],"version-history":[{"count":3,"href":"https:\/\/www.clients.horus-informatique71.fr\/advocnar_backup\/wp-json\/wp\/v2\/pages\/71592\/revisions"}],"predecessor-version":[{"id":76788,"href":"https:\/\/www.clients.horus-informatique71.fr\/advocnar_backup\/wp-json\/wp\/v2\/pages\/71592\/revisions\/76788"}],"up":[{"embeddable":true,"href":"https:\/\/www.clients.horus-informatique71.fr\/advocnar_backup\/wp-json\/wp\/v2\/pages\/71588"}],"wp:attachment":[{"href":"https:\/\/www.clients.horus-informatique71.fr\/advocnar_backup\/wp-json\/wp\/v2\/media?parent=71592"}],"curies":[{"name":"wp","href":"https:\/\/api.w.org\/{rel}","templated":true}]}}