{"id":71596,"date":"2016-04-27T13:12:34","date_gmt":"2016-04-27T12:12:34","guid":{"rendered":"https:\/\/www.clients.horus-informatique71.fr\/advocnar_backup\/?page_id=71596"},"modified":"2021-10-24T23:02:46","modified_gmt":"2021-10-24T21:02:46","slug":"bruitparif","status":"publish","type":"page","link":"https:\/\/www.clients.horus-informatique71.fr\/advocnar_backup\/le-bruit\/bruitparif\/","title":{"rendered":"Bruitparif"},"content":{"rendered":"\n<h2 class=\"wp-block-heading\">Bruitparif<\/h2>\n\n\n\n<h4 class=\"wp-block-heading\">Qui est Bruiparif ?<\/h4>\n\n\n\n<figure class=\"wp-block-image size-large is-resized\"><img loading=\"lazy\" decoding=\"async\" src=\"https:\/\/www.clients.horus-informatique71.fr\/advocnar_backup\/wp-content\/uploads\/2021\/04\/Bruirparif-new-fond-blanc.jpg\" alt=\"\" class=\"wp-image-76796\" width=\"230\" height=\"173\" srcset=\"https:\/\/www.clients.horus-informatique71.fr\/advocnar_backup\/wp-content\/uploads\/2021\/04\/Bruirparif-new-fond-blanc.jpg 800w, https:\/\/www.clients.horus-informatique71.fr\/advocnar_backup\/wp-content\/uploads\/2021\/04\/Bruirparif-new-fond-blanc-300x225.jpg 300w, https:\/\/www.clients.horus-informatique71.fr\/advocnar_backup\/wp-content\/uploads\/2021\/04\/Bruirparif-new-fond-blanc-768x576.jpg 768w\" sizes=\"(max-width: 230px) 100vw, 230px\" \/><\/figure>\n\n\n\n<p>C&rsquo;est l&rsquo;observatoire du bruit en Ile-de-France. Une association cr\u00e9\u00e9e en 2004 \u00e0 l&rsquo;initiative du Conseil r\u00e9gional d&rsquo;Ile-de-France, \u00e0 la demande des associations de d\u00e9fense de l&rsquo;environnement.<\/p>\n\n\n\n<p><a href=\"https:\/\/www.bruitparif.fr\/bruitparif\/\">En savoir plus<\/a><\/p>\n\n\n\n<p><strong>L&rsquo;ADVOCNAR fait partie du conseil d&rsquo;administration de Bruitparif.<\/strong><\/p>\n\n\n\n<h4 class=\"wp-block-heading\">Activit\u00e9s et orientations<\/h4>\n\n\n\n<p>D\u00e9velopper un outil de caract\u00e9risation objective des nuisances sonores en Ile-de-France afin de hi\u00e9rarchiser les enjeux et d&rsquo;orienter au mieux les actions de lutte contre le bruit<\/p>\n\n\n\n<p>Pour acc\u00e9der au site de Bruitparif <a href=\"http:\/\/www.bruitparif.fr\/\">cliquer ici<\/a><\/p>\n","protected":false},"excerpt":{"rendered":"<p>Bruitparif Qui est Bruiparif ? C&rsquo;est l&rsquo;observatoire du bruit en Ile-de-France. Une association cr\u00e9\u00e9e en 2004 \u00e0 l&rsquo;initiative du Conseil r\u00e9gional d&rsquo;Ile-de-France, \u00e0 la demande des associations de d\u00e9fense de l&rsquo;environnement. En savoir plus L&rsquo;ADVOCNAR fait partie du conseil d&rsquo;administration de Bruitparif. Activit\u00e9s et orientations D\u00e9velopper un outil de caract\u00e9risation objective des nuisances sonores en [&hellip;]<\/p>\n","protected":false},"author":18,"featured_media":0,"parent":71588,"menu_order":0,"comment_status":"closed","ping_status":"closed","template":"","meta":{"footnotes":""},"yoast_head":"<!-- This site is optimized with the Yoast SEO plugin v22.0 - https:\/\/yoast.com\/wordpress\/plugins\/seo\/ -->\n<title>Bruitparif - Advocnar<\/title>\n<meta name=\"robots\" content=\"index, follow, max-snippet:-1, max-image-preview:large, max-video-preview:-1\" \/>\n<link rel=\"canonical\" href=\"https:\/\/www.clients.horus-informatique71.fr\/advocnar_backup\/le-bruit\/bruitparif\/\" \/>\n<meta property=\"og:locale\" content=\"fr_FR\" \/>\n<meta property=\"og:type\" content=\"article\" \/>\n<meta property=\"og:title\" content=\"Bruitparif - Advocnar\" \/>\n<meta property=\"og:description\" content=\"Bruitparif Qui est Bruiparif ? C&rsquo;est l&rsquo;observatoire du bruit en Ile-de-France. Une association cr\u00e9\u00e9e en 2004 \u00e0 l&rsquo;initiative du Conseil r\u00e9gional d&rsquo;Ile-de-France, \u00e0 la demande des associations de d\u00e9fense de l&rsquo;environnement. En savoir plus L&rsquo;ADVOCNAR fait partie du conseil d&rsquo;administration de Bruitparif. Activit\u00e9s et orientations D\u00e9velopper un outil de caract\u00e9risation objective des nuisances sonores en [&hellip;]\" \/>\n<meta property=\"og:url\" content=\"https:\/\/www.clients.horus-informatique71.fr\/advocnar_backup\/le-bruit\/bruitparif\/\" \/>\n<meta property=\"og:site_name\" content=\"Advocnar\" \/>\n<meta property=\"article:modified_time\" content=\"2021-10-24T21:02:46+00:00\" \/>\n<meta property=\"og:image\" content=\"https:\/\/www.advocnar.frwp-content\/uploads\/2021\/04\/Bruirparif-new-fond-blanc.jpg\" \/>\n<meta name=\"twitter:card\" content=\"summary_large_image\" \/>\n<meta name=\"twitter:label1\" content=\"Dur\u00e9e de lecture estim\u00e9e\" \/>\n\t<meta name=\"twitter:data1\" content=\"1 minute\" \/>\n<script type=\"application\/ld+json\" class=\"yoast-schema-graph\">{\"@context\":\"https:\/\/schema.org\",\"@graph\":[{\"@type\":\"WebPage\",\"@id\":\"https:\/\/www.clients.horus-informatique71.fr\/advocnar_backup\/le-bruit\/bruitparif\/\",\"url\":\"https:\/\/www.clients.horus-informatique71.fr\/advocnar_backup\/le-bruit\/bruitparif\/\",\"name\":\"Bruitparif - Advocnar\",\"isPartOf\":{\"@id\":\"https:\/\/www.clients.horus-informatique71.fr\/advocnar_backup\/#website\"},\"datePublished\":\"2016-04-27T12:12:34+00:00\",\"dateModified\":\"2021-10-24T21:02:46+00:00\",\"breadcrumb\":{\"@id\":\"https:\/\/www.clients.horus-informatique71.fr\/advocnar_backup\/le-bruit\/bruitparif\/#breadcrumb\"},\"inLanguage\":\"fr-FR\",\"potentialAction\":[{\"@type\":\"ReadAction\",\"target\":[\"https:\/\/www.clients.horus-informatique71.fr\/advocnar_backup\/le-bruit\/bruitparif\/\"]}]},{\"@type\":\"BreadcrumbList\",\"@id\":\"https:\/\/www.clients.horus-informatique71.fr\/advocnar_backup\/le-bruit\/bruitparif\/#breadcrumb\",\"itemListElement\":[{\"@type\":\"ListItem\",\"position\":1,\"name\":\"Accueil\",\"item\":\"https:\/\/www.clients.horus-informatique71.fr\/advocnar_backup\/\"},{\"@type\":\"ListItem\",\"position\":2,\"name\":\"Le bruit\",\"item\":\"https:\/\/www.clients.horus-informatique71.fr\/advocnar_backup\/le-bruit\/\"},{\"@type\":\"ListItem\",\"position\":3,\"name\":\"Bruitparif\"}]},{\"@type\":\"WebSite\",\"@id\":\"https:\/\/www.clients.horus-informatique71.fr\/advocnar_backup\/#website\",\"url\":\"https:\/\/www.clients.horus-informatique71.fr\/advocnar_backup\/\",\"name\":\"Advocnar\",\"description\":\"Association de D\u00e9fense Contre les Nuisances A\u00e9riennes\",\"potentialAction\":[{\"@type\":\"SearchAction\",\"target\":{\"@type\":\"EntryPoint\",\"urlTemplate\":\"https:\/\/www.clients.horus-informatique71.fr\/advocnar_backup\/?s={search_term_string}\"},\"query-input\":\"required name=search_term_string\"}],\"inLanguage\":\"fr-FR\"}]}<\/script>\n<!-- \/ Yoast SEO plugin. -->","yoast_head_json":{"title":"Bruitparif - Advocnar","robots":{"index":"index","follow":"follow","max-snippet":"max-snippet:-1","max-image-preview":"max-image-preview:large","max-video-preview":"max-video-preview:-1"},"canonical":"https:\/\/www.clients.horus-informatique71.fr\/advocnar_backup\/le-bruit\/bruitparif\/","og_locale":"fr_FR","og_type":"article","og_title":"Bruitparif - Advocnar","og_description":"Bruitparif Qui est Bruiparif ? C&rsquo;est l&rsquo;observatoire du bruit en Ile-de-France. Une association cr\u00e9\u00e9e en 2004 \u00e0 l&rsquo;initiative du Conseil r\u00e9gional d&rsquo;Ile-de-France, \u00e0 la demande des associations de d\u00e9fense de l&rsquo;environnement. En savoir plus L&rsquo;ADVOCNAR fait partie du conseil d&rsquo;administration de Bruitparif. Activit\u00e9s et orientations D\u00e9velopper un outil de caract\u00e9risation objective des nuisances sonores en [&hellip;]","og_url":"https:\/\/www.clients.horus-informatique71.fr\/advocnar_backup\/le-bruit\/bruitparif\/","og_site_name":"Advocnar","article_modified_time":"2021-10-24T21:02:46+00:00","og_image":[{"url":"https:\/\/www.advocnar.frwp-content\/uploads\/2021\/04\/Bruirparif-new-fond-blanc.jpg"}],"twitter_card":"summary_large_image","twitter_misc":{"Dur\u00e9e de lecture estim\u00e9e":"1 minute"},"schema":{"@context":"https:\/\/schema.org","@graph":[{"@type":"WebPage","@id":"https:\/\/www.clients.horus-informatique71.fr\/advocnar_backup\/le-bruit\/bruitparif\/","url":"https:\/\/www.clients.horus-informatique71.fr\/advocnar_backup\/le-bruit\/bruitparif\/","name":"Bruitparif - Advocnar","isPartOf":{"@id":"https:\/\/www.clients.horus-informatique71.fr\/advocnar_backup\/#website"},"datePublished":"2016-04-27T12:12:34+00:00","dateModified":"2021-10-24T21:02:46+00:00","breadcrumb":{"@id":"https:\/\/www.clients.horus-informatique71.fr\/advocnar_backup\/le-bruit\/bruitparif\/#breadcrumb"},"inLanguage":"fr-FR","potentialAction":[{"@type":"ReadAction","target":["https:\/\/www.clients.horus-informatique71.fr\/advocnar_backup\/le-bruit\/bruitparif\/"]}]},{"@type":"BreadcrumbList","@id":"https:\/\/www.clients.horus-informatique71.fr\/advocnar_backup\/le-bruit\/bruitparif\/#breadcrumb","itemListElement":[{"@type":"ListItem","position":1,"name":"Accueil","item":"https:\/\/www.clients.horus-informatique71.fr\/advocnar_backup\/"},{"@type":"ListItem","position":2,"name":"Le bruit","item":"https:\/\/www.clients.horus-informatique71.fr\/advocnar_backup\/le-bruit\/"},{"@type":"ListItem","position":3,"name":"Bruitparif"}]},{"@type":"WebSite","@id":"https:\/\/www.clients.horus-informatique71.fr\/advocnar_backup\/#website","url":"https:\/\/www.clients.horus-informatique71.fr\/advocnar_backup\/","name":"Advocnar","description":"Association de D\u00e9fense Contre les Nuisances A\u00e9riennes","potentialAction":[{"@type":"SearchAction","target":{"@type":"EntryPoint","urlTemplate":"https:\/\/www.clients.horus-informatique71.fr\/advocnar_backup\/?s={search_term_string}"},"query-input":"required name=search_term_string"}],"inLanguage":"fr-FR"}]}},"_links":{"self":[{"href":"https:\/\/www.clients.horus-informatique71.fr\/advocnar_backup\/wp-json\/wp\/v2\/pages\/71596"}],"collection":[{"href":"https:\/\/www.clients.horus-informatique71.fr\/advocnar_backup\/wp-json\/wp\/v2\/pages"}],"about":[{"href":"https:\/\/www.clients.horus-informatique71.fr\/advocnar_backup\/wp-json\/wp\/v2\/types\/page"}],"author":[{"embeddable":true,"href":"https:\/\/www.clients.horus-informatique71.fr\/advocnar_backup\/wp-json\/wp\/v2\/users\/18"}],"replies":[{"embeddable":true,"href":"https:\/\/www.clients.horus-informatique71.fr\/advocnar_backup\/wp-json\/wp\/v2\/comments?post=71596"}],"version-history":[{"count":6,"href":"https:\/\/www.clients.horus-informatique71.fr\/advocnar_backup\/wp-json\/wp\/v2\/pages\/71596\/revisions"}],"predecessor-version":[{"id":77300,"href":"https:\/\/www.clients.horus-informatique71.fr\/advocnar_backup\/wp-json\/wp\/v2\/pages\/71596\/revisions\/77300"}],"up":[{"embeddable":true,"href":"https:\/\/www.clients.horus-informatique71.fr\/advocnar_backup\/wp-json\/wp\/v2\/pages\/71588"}],"wp:attachment":[{"href":"https:\/\/www.clients.horus-informatique71.fr\/advocnar_backup\/wp-json\/wp\/v2\/media?parent=71596"}],"curies":[{"name":"wp","href":"https:\/\/api.w.org\/{rel}","templated":true}]}}