{"id":71598,"date":"2016-04-27T13:14:03","date_gmt":"2016-04-27T12:14:03","guid":{"rendered":"https:\/\/www.clients.horus-informatique71.fr\/advocnar_backup\/?page_id=71598"},"modified":"2023-08-16T10:00:16","modified_gmt":"2023-08-16T08:00:16","slug":"etudes-bruit","status":"publish","type":"page","link":"https:\/\/www.clients.horus-informatique71.fr\/advocnar_backup\/le-bruit\/etudes-bruit\/","title":{"rendered":"Etudes bruit"},"content":{"rendered":"\n<h2 class=\"wp-block-heading\">Etudes bruit<\/h2>\n\n\n\n<h5 class=\"wp-block-heading\">Les diff\u00e9rentes \u00e9tudes publi\u00e9es sur le bruit a\u00e9rien mettent en \u00e9vidence les principaux effets sur la sant\u00e9 suivants&nbsp;:<\/h5>\n\n\n\n<p><strong>Perturbations du sommeil&nbsp;:<\/strong><\/p>\n\n\n\n<p>Difficult\u00e9 d\u2019endormissement, fragmentation du sommeil, temps de sommeil raccourci, sommeil de mauvaise qualit\u00e9 entra\u00eenant une fatigue chronique, une perte de vigilance, d\u2019efficacit\u00e9 au travail, conflits, accidents, une autom\u00e9dication \u00e0 l\u2019heure du coucher&nbsp;:<\/p>\n\n\n\n<ul>\n<li>Augmentation du temps d\u2019endormissement jusqu\u2019\u00e0 20 mn si le bruit d\u00e9passe 45 dBA dans la chambre (\u00d6hrstr\u00f6m et al, 1993)<\/li>\n\n\n\n<li>Augmentation de 70&nbsp;% de l\u2019autom\u00e9dication \u00e0 l\u2019heure du coucher si le bruit des avions augmente de 10 dBA entre 22h et 23h (Franssen et al, 2004)<\/li>\n<\/ul>\n\n\n\n<p><strong>Troubles anxio-d\u00e9pressifs&nbsp;:<\/strong> stress, anxi\u00e9t\u00e9, d\u00e9pression, augmentation de l\u2019agressivit\u00e9<\/p>\n\n\n\n<ul>\n<li>Admission en psychiatrie, prise de m\u00e9dicaments \u00e0 vis\u00e9e neuropsychiatrique.<\/li>\n<\/ul>\n\n\n\n<p><strong>Maladies cardio-vasculaires&nbsp;:<\/strong> modification de la tension art\u00e9rielle, augmentation du rythme cardiaque, augmentation des hormones de stress (adr\u00e9naline, noradr\u00e9naline, cortisol \u2026) entra\u00eenant diab\u00e8te et ob\u00e9sit\u00e9<\/p>\n\n\n\n<ul>\n<li>Augmentation du risque d\u2019hypertension,<\/li>\n\n\n\n<li>Augmentation du risque de maladies cardiaques et AVC.<\/li>\n<\/ul>\n\n\n\n<p><strong>Mortalit\u00e9 augment\u00e9e&nbsp;:<\/strong> augmentation de 18% des d\u00e9c\u00e8s par maladie cardio-vasculaire, augmentation de 100&nbsp;% des suicides, surmortalit\u00e9 des personnes fragiles (enfants de moins de 5 ans et personnes de plus de 65 ans)<\/p>\n\n\n\n<p><strong>Baisse des performances intellectuelles, retard des apprentissages&nbsp;: <\/strong><a href=\"about:blank\">l\u2019\u00e9tude r\u00e9alis\u00e9e par le CSNA<\/a> (Collectif Sant\u00e9 Nuisances A\u00e9riennes) fait la synth\u00e8se des connaissances et constatations en la mati\u00e8re.<\/p>\n\n\n\n<div style=\"height:20px\" aria-hidden=\"true\" class=\"wp-block-spacer\"><\/div>\n\n\n\n<h5 class=\"wp-block-heading\">Etudes, rapports et publications m\u00e9dicales sur le bruit et ses cons\u00e9quences sanitaires<\/h5>\n\n\n\n<div style=\"height:20px\" aria-hidden=\"true\" class=\"wp-block-spacer\"><\/div>\n\n\n\n<figure class=\"wp-block-table\"><table><tbody><tr><td><img loading=\"lazy\" decoding=\"async\" width=\"440\" height=\"588\" class=\"wp-image-78866\" style=\"width: 700px;\" src=\"https:\/\/www.clients.horus-informatique71.fr\/advocnar_backup\/wp-content\/uploads\/2023\/08\/Nature-Reviews-Cardiology-mars-2021.png\" alt=\"\" srcset=\"https:\/\/www.clients.horus-informatique71.fr\/advocnar_backup\/wp-content\/uploads\/2023\/08\/Nature-Reviews-Cardiology-mars-2021.png 440w, https:\/\/www.clients.horus-informatique71.fr\/advocnar_backup\/wp-content\/uploads\/2023\/08\/Nature-Reviews-Cardiology-mars-2021-224x300.png 224w\" sizes=\"(max-width: 440px) 100vw, 440px\" \/><\/td><td><a href=\"https:\/\/www.nature.com\/articles\/s41569-021-00532-5\" target=\"_blank\" rel=\"noreferrer noopener\">Pollution sonore des transports et maladies cardiovasculaires | Nature Reviews Cardiologie<\/a><br>Publication du 31 mars 2021<br>Thomas M\u00fcnzel, Mette S\u00f8rensen &amp; Andreas Daiber<br><br>Des \u00e9tudes \u00e9pid\u00e9miologiques ont r\u00e9v\u00e9l\u00e9 que le bruit des transports augmente le risque de morbidit\u00e9 et de mortalit\u00e9 cardiovasculaires.<br><br><a href=\"https:\/\/www.clients.horus-informatique71.fr\/advocnar_backup\/wp-content\/uploads\/2023\/08\/Pollution-sonore-des-transports-et-maladies-cardiovasculaires-Thomas-Munzel-Resume.pdf\">R\u00e9sum\u00e9<\/a><\/td><\/tr><tr><td><\/td><td><\/td><\/tr><tr><td><img loading=\"lazy\" decoding=\"async\" width=\"407\" height=\"611\" class=\"wp-image-78848\" style=\"width: 700px;\" src=\"https:\/\/www.clients.horus-informatique71.fr\/advocnar_backup\/wp-content\/uploads\/2023\/08\/Visuel-DEBATS-2.jpg\" alt=\"\" srcset=\"https:\/\/www.clients.horus-informatique71.fr\/advocnar_backup\/wp-content\/uploads\/2023\/08\/Visuel-DEBATS-2.jpg 407w, https:\/\/www.clients.horus-informatique71.fr\/advocnar_backup\/wp-content\/uploads\/2023\/08\/Visuel-DEBATS-2-200x300.jpg 200w\" sizes=\"(max-width: 407px) 100vw, 407px\" \/><br><br><br><br><\/td><td><a href=\"http:\/\/debats-avions.ifsttar.fr\/images\/Rapport_Debats_2020.pdf\">Etude nationale DEBATS<\/a><br>\u00ab&nbsp;Discussion sur les Effets du Bruit des A\u00e9ronefs Touchant la Sant\u00e9&nbsp;\u00bb <br>Octobre 2020<br><br>Pilot\u00e9 par l\u2019ACNUSA et confi\u00e9 \u00e0 l\u2019Universit\u00e9 Gustave Eiffel, DEBATS est le premier programme de recherche d\u2019ampleur, en France, dont l\u2019objectif est d\u2019\u00e9valuer les effets \u00e9ventuels de l\u2019exposition au bruit des avions sur la sant\u00e9 des riverains d\u2019a\u00e9roports.<br>Ce programme est mis en place aux abords de trois a\u00e9roports fran\u00e7ais : Paris Charles-de-Gaulle, Lyon-Saint-Exup\u00e9ry et Toulouse-Blagnac. <br>Il associe trois approches m\u00e9thodologiques compl\u00e9mentaires : \u00e9cologique, individuelle longitudinale et clinique.<br><br><a href=\"https:\/\/www.clients.horus-informatique71.fr\/advocnar_backup\/wp-content\/uploads\/2023\/08\/Etude-nationale-DEBATS-synthese-resultats.pdf\">Synth\u00e8se des r\u00e9sultats<\/a><\/td><\/tr><tr><td><\/td><td><\/td><\/tr><tr><td><img loading=\"lazy\" decoding=\"async\" width=\"519\" height=\"744\" class=\"wp-image-78820\" style=\"width: 800px;\" src=\"https:\/\/www.clients.horus-informatique71.fr\/advocnar_backup\/wp-content\/uploads\/2023\/08\/Couverture-Etude-Bruitparif.png\" alt=\"\" srcset=\"https:\/\/www.clients.horus-informatique71.fr\/advocnar_backup\/wp-content\/uploads\/2023\/08\/Couverture-Etude-Bruitparif.png 519w, https:\/\/www.clients.horus-informatique71.fr\/advocnar_backup\/wp-content\/uploads\/2023\/08\/Couverture-Etude-Bruitparif-209x300.png 209w\" sizes=\"(max-width: 519px) 100vw, 519px\" \/><br><\/td><td><a href=\"https:\/\/www.clients.horus-informatique71.fr\/advocnar_backup\/wp-content\/uploads\/2021\/04\/2019-02-09-Impacts-sanitaires-du-bruit-des-transports-dans-la-zone-dense-de-la-region-Ile-de-France.pdf\">Impact sanitaire du bruit des transports dans la zone dense de la r\u00e9gion Ile-de-France<\/a><br>Bruitparif &#8211; f\u00e9vrier 2019<br><br>Suite \u00e0 la publication par l\u2019OMS en octobre 2018 de nouvelles lignes directrices sur le bruit dans l\u2019environnement, Bruitparif produit une nouvelle \u00e9valuation des impacts sanitaires du bruit des transports (routier, ferroviaire et a\u00e9rien) dans les 14 autorit\u00e9s comp\u00e9tentes d\u2019\u00cele-de-France, qui abritent en tout plus de 10 millions de personnes.<br><br><\/td><\/tr><tr><td><\/td><td><\/td><\/tr><tr><td><img loading=\"lazy\" decoding=\"async\" width=\"76\" height=\"109\" class=\"wp-image-78890\" style=\"width: 700px;\" src=\"https:\/\/www.clients.horus-informatique71.fr\/advocnar_backup\/wp-content\/uploads\/2023\/08\/Breast-Cancer-Research-1.jpg\" alt=\"\"><br><br><\/td><td>Impact de l\u2019exposition au bruit sur le Cancer du sein<br><a href=\"https:\/\/breast-cancer-research.biomedcentral.com\/articles\/10.1186\/s13058-018-1047-2\">Long-term exposure to road traffic noise and incidence of breast cancer : a cohort study<\/a><br>Octobre 2018<br><br>Extrait des r\u00e9sultats : Sur une cohorte de 22 466 femmes, 1 193 ont d\u00e9velopp\u00e9 un cancer du sein au total au cours de 35 3775 ann\u00e9es-personnes de suivi, &#8230; Pour chaque augmentation de 10 dB des niveaux sonores moyens sur 24 ans \u00e0 leur r\u00e9sidence, nous avons constat\u00e9 une augmentation statistiquement significative de 10&nbsp;%.<\/td><\/tr><tr><td><\/td><td><\/td><\/tr><tr><td><img loading=\"lazy\" decoding=\"async\" width=\"576\" height=\"768\" class=\"wp-image-78873\" style=\"width: 700px;\" src=\"https:\/\/www.clients.horus-informatique71.fr\/advocnar_backup\/wp-content\/uploads\/2023\/08\/Environmental-Research.jpg\" alt=\"\" srcset=\"https:\/\/www.clients.horus-informatique71.fr\/advocnar_backup\/wp-content\/uploads\/2023\/08\/Environmental-Research.jpg 576w, https:\/\/www.clients.horus-informatique71.fr\/advocnar_backup\/wp-content\/uploads\/2023\/08\/Environmental-Research-225x300.jpg 225w\" sizes=\"(max-width: 576px) 100vw, 576px\" \/><\/td><td>Impact de l\u2019exposition au bruit sur le diab\u00e8te<br><a href=\"https:\/\/www.sciencedirect.com\/science\/article\/abs\/pii\/S0013935118302512\">Association between noise exposure and diabete s: A systematic review and meta-analysis<\/a><br>Octobre 2018<br><br>Extrait des r\u00e9sultats : Nous avons observ\u00e9 une augmentation de 6&nbsp;% du risque de diab\u00e8te sucr\u00e9 par augmentation de 5 dB de l\u2019exposition au bruit, quelle que soit sa source. Des analyses sp\u00e9cifiques \u00e0 la source ont sugg\u00e9r\u00e9 des associations plus fortes pour le bruit de la circulation a\u00e9rienne.<\/td><\/tr><tr><td><\/td><td><\/td><\/tr><tr><td><img loading=\"lazy\" decoding=\"async\" width=\"150\" height=\"200\" class=\"wp-image-78874\" style=\"width: 700px;\" src=\"https:\/\/www.clients.horus-informatique71.fr\/advocnar_backup\/wp-content\/uploads\/2023\/08\/Environment-International.gif\" alt=\"\"><\/td><td>Impact de l\u2019exposition au bruit sur l\u2019ob\u00e9sit\u00e9<br><a href=\"https:\/\/www.sciencedirect.com\/science\/article\/pii\/S0160412018312406\">Long-term exposure to transportation noise and its association with adiposity markers and development of obesity<\/a><br>D\u00e9cembre 2018<br><br>Extrait des r\u00e9sultats : L\u2019exposition \u00e0 long terme au bruit des transports, en particulier au bruit de la circulation routi\u00e8re, peut accro\u00eetre le risque d\u2019ob\u00e9sit\u00e9 et pourrait constituer une voie vers des maladies cardiom\u00e9taboliques et autres.<\/td><\/tr><tr><td><\/td><td><\/td><\/tr><tr><td><img loading=\"lazy\" decoding=\"async\" width=\"130\" height=\"188\" class=\"wp-image-72069\" style=\"width: 700px;\" src=\"https:\/\/www.clients.horus-informatique71.fr\/advocnar_backup\/wp-content\/uploads\/2016\/04\/content-130_188_Le-Bruit-Effets-Sanitaires-et-Reglementation-couverture.jpg\" alt=\"\"><br><br><\/td><td><a href=\"https:\/\/www.clients.horus-informatique71.fr\/advocnar_backup\/wp-content\/uploads\/2016\/04\/ADVOCNAR-impact-sanitaire-du-bruit.pdf\">Le Bruit, Effets Sanitaires et R\u00e9glementations<\/a><br>R\u00e9dacteur: Patric Kruissel &#8211; janvier 2010<br><br>Ce document a \u00e9t\u00e9 \u00e9labor\u00e9 par les associations en lutte contre les nuisances a\u00e9riennes et fait r\u00e9f\u00e9rence \u00e0 de nombreuses \u00e9tudes fran\u00e7aises et \u00e9trang\u00e8res.<br>L&rsquo;objectif est de montrer aux pouvoirs publics que l&rsquo;on n&rsquo;a pas besoin de r\u00e9aliser de \u00e9tudes suppl\u00e9mentaires : le r\u00e9sultat des \u00e9tudes existantes est suffisant pour prendre des mesures de protection de la sant\u00e9 des riverains d&rsquo;a\u00e9roports.<br><br><a href=\"https:\/\/www.clients.horus-informatique71.fr\/advocnar_backup\/wp-content\/uploads\/2021\/04\/ADVOCNAR-impact-sanitaire-du-bruit_resume.pdf\">Lire le r\u00e9sum\u00e9<\/a><\/td><\/tr><tr><td><\/td><td><\/td><\/tr><tr><td><img loading=\"lazy\" decoding=\"async\" width=\"130\" height=\"182\" class=\"wp-image-72073\" style=\"width: 700px;\" src=\"https:\/\/www.clients.horus-informatique71.fr\/advocnar_backup\/wp-content\/uploads\/2016\/04\/content-130_182_Etude-CSNA-couverture.jpg\" alt=\"\"><br><\/td><td><a href=\"https:\/\/www.clients.horus-informatique71.fr\/advocnar_backup\/wp-content\/uploads\/2016\/04\/nuisances_scolarite.pdf\">Effets des nuisances a\u00e9riennes sur la scolarit\u00e9 et la sant\u00e9 des enfants<\/a><br>CSNA\/CRETEIL &#8211; ao\u00fbt 2007<br><br>Le CSNA (Collectif Sant\u00e9 Nuisances A\u00e9riennes) est \u00e0 l&rsquo;origine de cette \u00e9tude, r\u00e9alis\u00e9e par S. Charre et G. Faburel du Centre de Recherche sur l&rsquo;Espace, les Transports, l&rsquo;Environnement et les Institutions Locales (CRETEIL) Universit\u00e9 Paris 12.<br>Ce document vise un aspect encore m\u00e9connu des effets du bruit engendr\u00e9 par le trafic a\u00e9rien : l&rsquo;impact des nuisances a\u00e9riennes sur la scolarit\u00e9 des enfants expos\u00e9s .<br>Il fait une synth\u00e8se des publications et des connaissances utiles dans ce domaine.<\/td><\/tr><tr><td><\/td><td><\/td><\/tr><tr><td><img loading=\"lazy\" decoding=\"async\" width=\"466\" height=\"687\" class=\"wp-image-78844\" style=\"width: 700px;\" src=\"https:\/\/www.clients.horus-informatique71.fr\/advocnar_backup\/wp-content\/uploads\/2023\/08\/Insomnia-couverture.png\" alt=\"\" srcset=\"https:\/\/www.clients.horus-informatique71.fr\/advocnar_backup\/wp-content\/uploads\/2023\/08\/Insomnia-couverture.png 466w, https:\/\/www.clients.horus-informatique71.fr\/advocnar_backup\/wp-content\/uploads\/2023\/08\/Insomnia-couverture-203x300.png 203w\" sizes=\"(max-width: 466px) 100vw, 466px\" \/><br><br><br><br><br><\/td><td><a href=\"https:\/\/www.clients.horus-informatique71.fr\/advocnar_backup\/wp-content\/uploads\/2016\/04\/Insomnia-Etude-ADVOCNAR-CSNA-V2.pdf\">Etude INSOMNIA<\/a><br>ADVOCNAR\/CSNA\/Cemka-Eval &#8211; mai 2004<br><br>Devant l&rsquo;insuffisance d\u2019\u00e9valuation des impacts sanitaires de l\u2019activit\u00e9 de Roissy-CDG, deux associations &#8211; l\u2019ADVOCNAR (Association de D\u00e9fense contre les Nuisances A\u00e9riennes) et le CSNA (Collectif Sant\u00e9 Nuisances A\u00e9riennes) &#8211; ont d\u00e9cid\u00e9 de lancer une \u00e9tude \u00e9pid\u00e9miologique visant \u00e0 \u00e9tudier les troubles du sommeil et les troubles anxio-d\u00e9pressifs chez les personnes vivant sous les couloirs a\u00e9riens.<br><br>La r\u00e9alisation pratique de l\u2019\u00e9tude intitul\u00e9e <strong>INSOMNIA<\/strong> (Impact des Nuisances Sonores, Maladies et Insomnies \u00e0 proximit\u00e9 des A\u00e9roports) a \u00e9t\u00e9 confi\u00e9e \u00e0 la soci\u00e9t\u00e9 Cemka-Eval, sous la responsabilit\u00e9 du Dr St\u00e9phane Bou\u00e9e. La responsabilit\u00e9 scientifique a \u00e9t\u00e9 assur\u00e9e par le Dr Eric Lainey, sp\u00e9cialiste des troubles du sommeil \u00e0 l\u2019H\u00f4pital Europ\u00e9en Georges Pompidou.<\/td><\/tr><\/tbody><\/table><\/figure>\n\n\n\n<p><\/p>\n","protected":false},"excerpt":{"rendered":"<p>Etudes bruit Les diff\u00e9rentes \u00e9tudes publi\u00e9es sur le bruit a\u00e9rien mettent en \u00e9vidence les principaux effets sur la sant\u00e9 suivants&nbsp;: Perturbations du sommeil&nbsp;: Difficult\u00e9 d\u2019endormissement, fragmentation du sommeil, temps de sommeil raccourci, sommeil de mauvaise qualit\u00e9 entra\u00eenant une fatigue chronique, une perte de vigilance, d\u2019efficacit\u00e9 au travail, conflits, accidents, une autom\u00e9dication \u00e0 l\u2019heure du coucher&nbsp;: [&hellip;]<\/p>\n","protected":false},"author":18,"featured_media":0,"parent":71588,"menu_order":0,"comment_status":"closed","ping_status":"closed","template":"","meta":{"footnotes":""},"yoast_head":"<!-- This site is optimized with the Yoast SEO plugin v22.0 - https:\/\/yoast.com\/wordpress\/plugins\/seo\/ -->\n<title>Etudes bruit - Advocnar<\/title>\n<meta name=\"robots\" content=\"index, follow, max-snippet:-1, max-image-preview:large, max-video-preview:-1\" \/>\n<link rel=\"canonical\" href=\"https:\/\/www.clients.horus-informatique71.fr\/advocnar_backup\/le-bruit\/etudes-bruit\/\" \/>\n<meta property=\"og:locale\" content=\"fr_FR\" \/>\n<meta property=\"og:type\" content=\"article\" \/>\n<meta property=\"og:title\" content=\"Etudes bruit - Advocnar\" \/>\n<meta property=\"og:description\" content=\"Etudes bruit Les diff\u00e9rentes \u00e9tudes publi\u00e9es sur le bruit a\u00e9rien mettent en \u00e9vidence les principaux effets sur la sant\u00e9 suivants&nbsp;: Perturbations du sommeil&nbsp;: Difficult\u00e9 d\u2019endormissement, fragmentation du sommeil, temps de sommeil raccourci, sommeil de mauvaise qualit\u00e9 entra\u00eenant une fatigue chronique, une perte de vigilance, d\u2019efficacit\u00e9 au travail, conflits, accidents, une autom\u00e9dication \u00e0 l\u2019heure du coucher&nbsp;: [&hellip;]\" \/>\n<meta property=\"og:url\" content=\"https:\/\/www.clients.horus-informatique71.fr\/advocnar_backup\/le-bruit\/etudes-bruit\/\" \/>\n<meta property=\"og:site_name\" content=\"Advocnar\" \/>\n<meta property=\"article:modified_time\" content=\"2023-08-16T08:00:16+00:00\" \/>\n<meta property=\"og:image\" content=\"https:\/\/www.clients.horus-informatique71.fr\/advocnar_backup\/wp-content\/uploads\/2023\/08\/Nature-Reviews-Cardiology-mars-2021.png\" \/>\n<meta name=\"twitter:card\" content=\"summary_large_image\" \/>\n<meta name=\"twitter:label1\" content=\"Dur\u00e9e de lecture estim\u00e9e\" \/>\n\t<meta name=\"twitter:data1\" content=\"7 minutes\" \/>\n<script type=\"application\/ld+json\" class=\"yoast-schema-graph\">{\"@context\":\"https:\/\/schema.org\",\"@graph\":[{\"@type\":\"WebPage\",\"@id\":\"https:\/\/www.clients.horus-informatique71.fr\/advocnar_backup\/le-bruit\/etudes-bruit\/\",\"url\":\"https:\/\/www.clients.horus-informatique71.fr\/advocnar_backup\/le-bruit\/etudes-bruit\/\",\"name\":\"Etudes bruit - Advocnar\",\"isPartOf\":{\"@id\":\"https:\/\/www.clients.horus-informatique71.fr\/advocnar_backup\/#website\"},\"datePublished\":\"2016-04-27T12:14:03+00:00\",\"dateModified\":\"2023-08-16T08:00:16+00:00\",\"breadcrumb\":{\"@id\":\"https:\/\/www.clients.horus-informatique71.fr\/advocnar_backup\/le-bruit\/etudes-bruit\/#breadcrumb\"},\"inLanguage\":\"fr-FR\",\"potentialAction\":[{\"@type\":\"ReadAction\",\"target\":[\"https:\/\/www.clients.horus-informatique71.fr\/advocnar_backup\/le-bruit\/etudes-bruit\/\"]}]},{\"@type\":\"BreadcrumbList\",\"@id\":\"https:\/\/www.clients.horus-informatique71.fr\/advocnar_backup\/le-bruit\/etudes-bruit\/#breadcrumb\",\"itemListElement\":[{\"@type\":\"ListItem\",\"position\":1,\"name\":\"Accueil\",\"item\":\"https:\/\/www.clients.horus-informatique71.fr\/advocnar_backup\/\"},{\"@type\":\"ListItem\",\"position\":2,\"name\":\"Le bruit\",\"item\":\"https:\/\/www.clients.horus-informatique71.fr\/advocnar_backup\/le-bruit\/\"},{\"@type\":\"ListItem\",\"position\":3,\"name\":\"Etudes bruit\"}]},{\"@type\":\"WebSite\",\"@id\":\"https:\/\/www.clients.horus-informatique71.fr\/advocnar_backup\/#website\",\"url\":\"https:\/\/www.clients.horus-informatique71.fr\/advocnar_backup\/\",\"name\":\"Advocnar\",\"description\":\"Association de D\u00e9fense Contre les Nuisances A\u00e9riennes\",\"potentialAction\":[{\"@type\":\"SearchAction\",\"target\":{\"@type\":\"EntryPoint\",\"urlTemplate\":\"https:\/\/www.clients.horus-informatique71.fr\/advocnar_backup\/?s={search_term_string}\"},\"query-input\":\"required name=search_term_string\"}],\"inLanguage\":\"fr-FR\"}]}<\/script>\n<!-- \/ Yoast SEO plugin. -->","yoast_head_json":{"title":"Etudes bruit - Advocnar","robots":{"index":"index","follow":"follow","max-snippet":"max-snippet:-1","max-image-preview":"max-image-preview:large","max-video-preview":"max-video-preview:-1"},"canonical":"https:\/\/www.clients.horus-informatique71.fr\/advocnar_backup\/le-bruit\/etudes-bruit\/","og_locale":"fr_FR","og_type":"article","og_title":"Etudes bruit - Advocnar","og_description":"Etudes bruit Les diff\u00e9rentes \u00e9tudes publi\u00e9es sur le bruit a\u00e9rien mettent en \u00e9vidence les principaux effets sur la sant\u00e9 suivants&nbsp;: Perturbations du sommeil&nbsp;: Difficult\u00e9 d\u2019endormissement, fragmentation du sommeil, temps de sommeil raccourci, sommeil de mauvaise qualit\u00e9 entra\u00eenant une fatigue chronique, une perte de vigilance, d\u2019efficacit\u00e9 au travail, conflits, accidents, une autom\u00e9dication \u00e0 l\u2019heure du coucher&nbsp;: [&hellip;]","og_url":"https:\/\/www.clients.horus-informatique71.fr\/advocnar_backup\/le-bruit\/etudes-bruit\/","og_site_name":"Advocnar","article_modified_time":"2023-08-16T08:00:16+00:00","og_image":[{"url":"https:\/\/www.clients.horus-informatique71.fr\/advocnar_backup\/wp-content\/uploads\/2023\/08\/Nature-Reviews-Cardiology-mars-2021.png"}],"twitter_card":"summary_large_image","twitter_misc":{"Dur\u00e9e de lecture estim\u00e9e":"7 minutes"},"schema":{"@context":"https:\/\/schema.org","@graph":[{"@type":"WebPage","@id":"https:\/\/www.clients.horus-informatique71.fr\/advocnar_backup\/le-bruit\/etudes-bruit\/","url":"https:\/\/www.clients.horus-informatique71.fr\/advocnar_backup\/le-bruit\/etudes-bruit\/","name":"Etudes bruit - Advocnar","isPartOf":{"@id":"https:\/\/www.clients.horus-informatique71.fr\/advocnar_backup\/#website"},"datePublished":"2016-04-27T12:14:03+00:00","dateModified":"2023-08-16T08:00:16+00:00","breadcrumb":{"@id":"https:\/\/www.clients.horus-informatique71.fr\/advocnar_backup\/le-bruit\/etudes-bruit\/#breadcrumb"},"inLanguage":"fr-FR","potentialAction":[{"@type":"ReadAction","target":["https:\/\/www.clients.horus-informatique71.fr\/advocnar_backup\/le-bruit\/etudes-bruit\/"]}]},{"@type":"BreadcrumbList","@id":"https:\/\/www.clients.horus-informatique71.fr\/advocnar_backup\/le-bruit\/etudes-bruit\/#breadcrumb","itemListElement":[{"@type":"ListItem","position":1,"name":"Accueil","item":"https:\/\/www.clients.horus-informatique71.fr\/advocnar_backup\/"},{"@type":"ListItem","position":2,"name":"Le bruit","item":"https:\/\/www.clients.horus-informatique71.fr\/advocnar_backup\/le-bruit\/"},{"@type":"ListItem","position":3,"name":"Etudes bruit"}]},{"@type":"WebSite","@id":"https:\/\/www.clients.horus-informatique71.fr\/advocnar_backup\/#website","url":"https:\/\/www.clients.horus-informatique71.fr\/advocnar_backup\/","name":"Advocnar","description":"Association de D\u00e9fense Contre les Nuisances A\u00e9riennes","potentialAction":[{"@type":"SearchAction","target":{"@type":"EntryPoint","urlTemplate":"https:\/\/www.clients.horus-informatique71.fr\/advocnar_backup\/?s={search_term_string}"},"query-input":"required name=search_term_string"}],"inLanguage":"fr-FR"}]}},"_links":{"self":[{"href":"https:\/\/www.clients.horus-informatique71.fr\/advocnar_backup\/wp-json\/wp\/v2\/pages\/71598"}],"collection":[{"href":"https:\/\/www.clients.horus-informatique71.fr\/advocnar_backup\/wp-json\/wp\/v2\/pages"}],"about":[{"href":"https:\/\/www.clients.horus-informatique71.fr\/advocnar_backup\/wp-json\/wp\/v2\/types\/page"}],"author":[{"embeddable":true,"href":"https:\/\/www.clients.horus-informatique71.fr\/advocnar_backup\/wp-json\/wp\/v2\/users\/18"}],"replies":[{"embeddable":true,"href":"https:\/\/www.clients.horus-informatique71.fr\/advocnar_backup\/wp-json\/wp\/v2\/comments?post=71598"}],"version-history":[{"count":83,"href":"https:\/\/www.clients.horus-informatique71.fr\/advocnar_backup\/wp-json\/wp\/v2\/pages\/71598\/revisions"}],"predecessor-version":[{"id":78892,"href":"https:\/\/www.clients.horus-informatique71.fr\/advocnar_backup\/wp-json\/wp\/v2\/pages\/71598\/revisions\/78892"}],"up":[{"embeddable":true,"href":"https:\/\/www.clients.horus-informatique71.fr\/advocnar_backup\/wp-json\/wp\/v2\/pages\/71588"}],"wp:attachment":[{"href":"https:\/\/www.clients.horus-informatique71.fr\/advocnar_backup\/wp-json\/wp\/v2\/media?parent=71598"}],"curies":[{"name":"wp","href":"https:\/\/api.w.org\/{rel}","templated":true}]}}