{"id":71616,"date":"2016-04-27T13:20:35","date_gmt":"2016-04-27T12:20:35","guid":{"rendered":"https:\/\/www.clients.horus-informatique71.fr\/advocnar_backup\/?page_id=71616"},"modified":"2017-03-18T12:22:48","modified_gmt":"2017-03-18T11:22:48","slug":"pgs-peb-autres","status":"publish","type":"page","link":"https:\/\/www.clients.horus-informatique71.fr\/advocnar_backup\/pgs-peb-autres\/","title":{"rendered":"PGS, PEB et autres"},"content":{"rendered":"<p>[vc_row type=\u00a0\u00bbcontainer\u00a0\u00bb padding_top=\u00a0\u00bb\u00a0\u00bb padding_bottom=\u00a0\u00bb\u00a0\u00bb][vc_column][vc_tta_tabs][vc_tta_section title=\u00a0\u00bbPGS\u00a0\u00bb tab_id=\u00a0\u00bb1463862143671-82e1b9d6-3153&Prime;][vc_column_text]<\/p>\n<h2 align=\"justify\"><span style=\"font-size: medium;\">Le Plan de G\u00eane Sonore (PGS)<\/span><\/h2>\n<p align=\"justify\"><span style=\"font-size: small;\"><strong>Le <span style=\"color: #ff0000;\">nouveau<\/span><\/strong> <span style=\"color: #000000;\"><strong>PGS<\/strong><\/span> <strong>de l\u2019a\u00e9roport de Roissy Charles de Gaulle a \u00e9t\u00e9 approuv\u00e9 par arr\u00eat\u00e9 interpr\u00e9fectoral le 11 d\u00e9cembre 2013<\/strong>. <a href=\"https:\/\/www.advocnar.fr2013\/12\/pgs-de-roissy-cdg\/\">En savoir plus<\/a><\/span><\/p>\n<p align=\"justify\"><span style=\"font-size: small;\">L&rsquo;a\u00e9roport du Bourget est dot\u00e9 d&rsquo;un PGS depuis le 28 d\u00e9cembre 2011.<\/span><\/p>\n<p align=\"justify\"><span style=\"font-size: small;\">Le <a href=\"https:\/\/www.legifrance.gouv.fr\/affichTexte.do?cidTexte=JORFTEXT000000179257&amp;categorieLien=id\">PGS<\/a> est un<\/span> <span style=\"font-size: small;\">document pr\u00e9vu par la loi 92-1444 du 31 d\u00e9cembre 1992 (Article 19), qui\u00a0permet de d\u00e9finir les zones dans lesquelles les riverains peuvent pr\u00e9tendre \u00e0 l&rsquo;aide \u00e0 l&rsquo;insonorisation, en fonction de la g\u00eane subie autour de l\u2019a\u00e9roport.\u00a0\u00a0<\/span><\/p>\n<p>[\/vc_column_text][\/vc_tta_section][vc_tta_section title=\u00a0\u00bbPEB\u00a0\u00bb tab_id=\u00a0\u00bb1475076261476-d92e639e-53ed\u00a0\u00bb][vc_column_text]<\/p>\n<h2 align=\"left\">Le Plan d&rsquo;Exposition au Bruit (PEB)<\/h2>\n<p class=\"sol#1\" align=\"justify\"><span style=\"font-size: small;\"><span style=\"font-size: medium;\"><span style=\"font-size: small;\"><span style=\"color: #000000;\">Le<\/span><\/span> <a href=\"https:\/\/www.legifrance.gouv.fr\/affichTexte.do?cidTexte=JORFTEXT000000317297\"><span style=\"font-size: small;\">PEB<\/span><\/a> <span style=\"font-size: small;\">est un document pr\u00e9vu par la loi 85-696 du 11 juillet 1985 qui r\u00e9glemente l&rsquo;urbanisme au voisinage des a\u00e9roports de fa\u00e7on \u00e0 ne pas exposer de nouvelles populations aux nuisances sonores. Des mesures sp\u00e9cifiques permettent de prendre en compte les sp\u00e9cificit\u00e9s du contexte pr\u00e9existant. Il d\u00e9limite les zones voisines des a\u00e9roports \u00e0 l\u2019int\u00e9rieur desquelles la construction de logements est limit\u00e9e ou interdite, sauf dans quelques cas exceptionnels. Il emp\u00eache que de nouveaux riverains soient g\u00ean\u00e9s par les nuisances sonores<\/span><span style=\"font-size: small;\">.<br \/>\n<\/span><br \/>\n<a href=\"https:\/\/www.advocnar.fr2007\/10\/extension-pgs-peb-de-roissy-cdg\/\"><u><span style=\"font-size: small;\">Explication de l\u2019extension<\/span><\/u> <\/a><span style=\"font-size: small;\">des Plans li\u00e9s au bruit<\/span><\/span><\/span><\/p>\n<p>[\/vc_column_text][\/vc_tta_section][vc_tta_section title=\u00a0\u00bbPRQA \/PPA\u00a0\u00bb tab_id=\u00a0\u00bb1475076339656-e876064e-94bd\u00a0\u00bb][vc_column_text]<\/p>\n<h2><span style=\"font-size: medium;\">Le Plan R\u00e9gional pour la Qualit\u00e9 de l&rsquo;Air (PRQA)<\/span><\/h2>\n<h2 align=\"justify\"><span style=\"font-size: small;\"><span style=\"font-size: medium;\">Le Plan de Protection de l&rsquo;Atmosph\u00e8re (PPA<\/span>)\u00a0<\/span><\/h2>\n<p align=\"justify\"><span style=\"font-size: small;\">La loi du 30 d\u00e9cembre 1996, sur l&rsquo;air et l&rsquo;utilisation rationnelle de l&rsquo;\u00e9nergie (dite loi LAURE), a introduit des outils r\u00e9glementaires pour la ma\u00eetrise de la qualit\u00e9 de l&rsquo;air \u00e0 l&rsquo;\u00e9chelle locale : le Plan R\u00e9gional pour la Qualit\u00e9 de l&rsquo;Air (PRQA) et le Plan de Protection de l&rsquo;Atmosph\u00e8re (PPA)&#8230;<a href=\"https:\/\/www.advocnar.fr2002\/02\/prqa-et-ppa\/\"> Lire la suite<\/a><\/span><\/p>\n<p>[\/vc_column_text][\/vc_tta_section][vc_tta_section title=\u00a0\u00bbPPBE\u00a0\u00bb tab_id=\u00a0\u00bb1475076429185-454c3139-4a0b\u00a0\u00bb][vc_column_text][\/vc_column_text][vc_column_text]<\/p>\n<h2 align=\"left\">Le Plan de Pr\u00e9vention du Bruit dans l&rsquo;Environnement (PPBE)<\/h2>\n<p align=\"left\"><span style=\"font-size: medium;\"><span style=\"font-size: small;\">Selon l&rsquo;article L. 572-6 du Code\u00a0de l&rsquo;environnement, le<a href=\"https:\/\/www.legifrance.gouv.fr\/affichCodeArticle.do?idArticle=LEGIARTI000006834672&amp;cidTexte=LEGITEXT000006074220\"> <u>PPBE<\/u> <\/a>poursuit un triple objectif : pr\u00e9venir les effets du bruit, r\u00e9duire leurs niveaux et prot\u00e9ger les \u00ab\u00a0zones calmes\u00a0\u00bb.<\/span> <span style=\"font-size: small;\">Le document doit \u00eatre publi\u00e9 au plus tard le 18 juillet 2008.<br \/>\n<\/span><span style=\"font-size: small;\"><br \/>\n<a href=\"https:\/\/www.clients.horus-informatique71.fr\/advocnar_backup\/wp-content\/uploads\/2017\/03\/2016-cir_40601.pdf\">Voir la circulaire du Minist\u00e8re de l\u2019Ecologie du D\u00e9veloppement et de l\u2019Am\u00e9nagement durable<\/a><br \/>\n<\/span><\/span><\/p>\n<p>[\/vc_column_text][\/vc_tta_section][\/vc_tta_tabs][\/vc_column][\/vc_row][vc_row type=\u00a0\u00bbcontainer\u00a0\u00bb padding_top=\u00a0\u00bb\u00a0\u00bb padding_bottom=\u00a0\u00bb\u00a0\u00bb][vc_column][\/vc_column][\/vc_row]<\/p>\n","protected":false},"excerpt":{"rendered":"<p>[vc_row type=\u00a0\u00bbcontainer\u00a0\u00bb padding_top=\u00a0\u00bb\u00a0\u00bb padding_bottom=\u00a0\u00bb\u00a0\u00bb][vc_column][vc_tta_tabs][vc_tta_section title=\u00a0\u00bbPGS\u00a0\u00bb tab_id=\u00a0\u00bb1463862143671-82e1b9d6-3153&Prime;][vc_column_text] Le Plan de G\u00eane Sonore (PGS) Le nouveau PGS de l\u2019a\u00e9roport de Roissy Charles de Gaulle a \u00e9t\u00e9 approuv\u00e9 par arr\u00eat\u00e9 interpr\u00e9fectoral le 11 d\u00e9cembre 2013. En savoir plus L&rsquo;a\u00e9roport du Bourget est dot\u00e9 d&rsquo;un PGS depuis le 28 d\u00e9cembre 2011. Le PGS est un document pr\u00e9vu par la [&hellip;]<\/p>\n","protected":false},"author":18,"featured_media":0,"parent":0,"menu_order":0,"comment_status":"closed","ping_status":"closed","template":"","meta":{"footnotes":""},"yoast_head":"<!-- This site is optimized with the Yoast SEO plugin v22.0 - https:\/\/yoast.com\/wordpress\/plugins\/seo\/ -->\n<title>PGS, PEB et autres - Advocnar<\/title>\n<meta name=\"robots\" content=\"index, follow, max-snippet:-1, max-image-preview:large, max-video-preview:-1\" \/>\n<link rel=\"canonical\" href=\"https:\/\/www.clients.horus-informatique71.fr\/advocnar_backup\/pgs-peb-autres\/\" \/>\n<meta property=\"og:locale\" content=\"fr_FR\" \/>\n<meta property=\"og:type\" content=\"article\" \/>\n<meta property=\"og:title\" content=\"PGS, PEB et autres - Advocnar\" \/>\n<meta property=\"og:description\" content=\"[vc_row type=\u00a0\u00bbcontainer\u00a0\u00bb padding_top=\u00a0\u00bb\u00a0\u00bb padding_bottom=\u00a0\u00bb\u00a0\u00bb][vc_column][vc_tta_tabs][vc_tta_section title=\u00a0\u00bbPGS\u00a0\u00bb tab_id=\u00a0\u00bb1463862143671-82e1b9d6-3153&Prime;][vc_column_text] Le Plan de G\u00eane Sonore (PGS) Le nouveau PGS de l\u2019a\u00e9roport de Roissy Charles de Gaulle a \u00e9t\u00e9 approuv\u00e9 par arr\u00eat\u00e9 interpr\u00e9fectoral le 11 d\u00e9cembre 2013. En savoir plus L&rsquo;a\u00e9roport du Bourget est dot\u00e9 d&rsquo;un PGS depuis le 28 d\u00e9cembre 2011. Le PGS est un document pr\u00e9vu par la [&hellip;]\" \/>\n<meta property=\"og:url\" content=\"https:\/\/www.clients.horus-informatique71.fr\/advocnar_backup\/pgs-peb-autres\/\" \/>\n<meta property=\"og:site_name\" content=\"Advocnar\" \/>\n<meta property=\"article:modified_time\" content=\"2017-03-18T11:22:48+00:00\" \/>\n<meta name=\"twitter:card\" content=\"summary_large_image\" \/>\n<meta name=\"twitter:label1\" content=\"Dur\u00e9e de lecture estim\u00e9e\" \/>\n\t<meta name=\"twitter:data1\" content=\"2 minutes\" \/>\n<script type=\"application\/ld+json\" class=\"yoast-schema-graph\">{\"@context\":\"https:\/\/schema.org\",\"@graph\":[{\"@type\":\"WebPage\",\"@id\":\"https:\/\/www.clients.horus-informatique71.fr\/advocnar_backup\/pgs-peb-autres\/\",\"url\":\"https:\/\/www.clients.horus-informatique71.fr\/advocnar_backup\/pgs-peb-autres\/\",\"name\":\"PGS, PEB et autres - Advocnar\",\"isPartOf\":{\"@id\":\"https:\/\/www.clients.horus-informatique71.fr\/advocnar_backup\/#website\"},\"datePublished\":\"2016-04-27T12:20:35+00:00\",\"dateModified\":\"2017-03-18T11:22:48+00:00\",\"breadcrumb\":{\"@id\":\"https:\/\/www.clients.horus-informatique71.fr\/advocnar_backup\/pgs-peb-autres\/#breadcrumb\"},\"inLanguage\":\"fr-FR\",\"potentialAction\":[{\"@type\":\"ReadAction\",\"target\":[\"https:\/\/www.clients.horus-informatique71.fr\/advocnar_backup\/pgs-peb-autres\/\"]}]},{\"@type\":\"BreadcrumbList\",\"@id\":\"https:\/\/www.clients.horus-informatique71.fr\/advocnar_backup\/pgs-peb-autres\/#breadcrumb\",\"itemListElement\":[{\"@type\":\"ListItem\",\"position\":1,\"name\":\"Accueil\",\"item\":\"https:\/\/www.clients.horus-informatique71.fr\/advocnar_backup\/\"},{\"@type\":\"ListItem\",\"position\":2,\"name\":\"PGS, PEB et autres\"}]},{\"@type\":\"WebSite\",\"@id\":\"https:\/\/www.clients.horus-informatique71.fr\/advocnar_backup\/#website\",\"url\":\"https:\/\/www.clients.horus-informatique71.fr\/advocnar_backup\/\",\"name\":\"Advocnar\",\"description\":\"Association de D\u00e9fense Contre les Nuisances A\u00e9riennes\",\"potentialAction\":[{\"@type\":\"SearchAction\",\"target\":{\"@type\":\"EntryPoint\",\"urlTemplate\":\"https:\/\/www.clients.horus-informatique71.fr\/advocnar_backup\/?s={search_term_string}\"},\"query-input\":\"required name=search_term_string\"}],\"inLanguage\":\"fr-FR\"}]}<\/script>\n<!-- \/ Yoast SEO plugin. -->","yoast_head_json":{"title":"PGS, PEB et autres - Advocnar","robots":{"index":"index","follow":"follow","max-snippet":"max-snippet:-1","max-image-preview":"max-image-preview:large","max-video-preview":"max-video-preview:-1"},"canonical":"https:\/\/www.clients.horus-informatique71.fr\/advocnar_backup\/pgs-peb-autres\/","og_locale":"fr_FR","og_type":"article","og_title":"PGS, PEB et autres - Advocnar","og_description":"[vc_row type=\u00a0\u00bbcontainer\u00a0\u00bb padding_top=\u00a0\u00bb\u00a0\u00bb padding_bottom=\u00a0\u00bb\u00a0\u00bb][vc_column][vc_tta_tabs][vc_tta_section title=\u00a0\u00bbPGS\u00a0\u00bb tab_id=\u00a0\u00bb1463862143671-82e1b9d6-3153&Prime;][vc_column_text] Le Plan de G\u00eane Sonore (PGS) Le nouveau PGS de l\u2019a\u00e9roport de Roissy Charles de Gaulle a \u00e9t\u00e9 approuv\u00e9 par arr\u00eat\u00e9 interpr\u00e9fectoral le 11 d\u00e9cembre 2013. En savoir plus L&rsquo;a\u00e9roport du Bourget est dot\u00e9 d&rsquo;un PGS depuis le 28 d\u00e9cembre 2011. Le PGS est un document pr\u00e9vu par la [&hellip;]","og_url":"https:\/\/www.clients.horus-informatique71.fr\/advocnar_backup\/pgs-peb-autres\/","og_site_name":"Advocnar","article_modified_time":"2017-03-18T11:22:48+00:00","twitter_card":"summary_large_image","twitter_misc":{"Dur\u00e9e de lecture estim\u00e9e":"2 minutes"},"schema":{"@context":"https:\/\/schema.org","@graph":[{"@type":"WebPage","@id":"https:\/\/www.clients.horus-informatique71.fr\/advocnar_backup\/pgs-peb-autres\/","url":"https:\/\/www.clients.horus-informatique71.fr\/advocnar_backup\/pgs-peb-autres\/","name":"PGS, PEB et autres - Advocnar","isPartOf":{"@id":"https:\/\/www.clients.horus-informatique71.fr\/advocnar_backup\/#website"},"datePublished":"2016-04-27T12:20:35+00:00","dateModified":"2017-03-18T11:22:48+00:00","breadcrumb":{"@id":"https:\/\/www.clients.horus-informatique71.fr\/advocnar_backup\/pgs-peb-autres\/#breadcrumb"},"inLanguage":"fr-FR","potentialAction":[{"@type":"ReadAction","target":["https:\/\/www.clients.horus-informatique71.fr\/advocnar_backup\/pgs-peb-autres\/"]}]},{"@type":"BreadcrumbList","@id":"https:\/\/www.clients.horus-informatique71.fr\/advocnar_backup\/pgs-peb-autres\/#breadcrumb","itemListElement":[{"@type":"ListItem","position":1,"name":"Accueil","item":"https:\/\/www.clients.horus-informatique71.fr\/advocnar_backup\/"},{"@type":"ListItem","position":2,"name":"PGS, PEB et autres"}]},{"@type":"WebSite","@id":"https:\/\/www.clients.horus-informatique71.fr\/advocnar_backup\/#website","url":"https:\/\/www.clients.horus-informatique71.fr\/advocnar_backup\/","name":"Advocnar","description":"Association de D\u00e9fense Contre les Nuisances A\u00e9riennes","potentialAction":[{"@type":"SearchAction","target":{"@type":"EntryPoint","urlTemplate":"https:\/\/www.clients.horus-informatique71.fr\/advocnar_backup\/?s={search_term_string}"},"query-input":"required name=search_term_string"}],"inLanguage":"fr-FR"}]}},"_links":{"self":[{"href":"https:\/\/www.clients.horus-informatique71.fr\/advocnar_backup\/wp-json\/wp\/v2\/pages\/71616"}],"collection":[{"href":"https:\/\/www.clients.horus-informatique71.fr\/advocnar_backup\/wp-json\/wp\/v2\/pages"}],"about":[{"href":"https:\/\/www.clients.horus-informatique71.fr\/advocnar_backup\/wp-json\/wp\/v2\/types\/page"}],"author":[{"embeddable":true,"href":"https:\/\/www.clients.horus-informatique71.fr\/advocnar_backup\/wp-json\/wp\/v2\/users\/18"}],"replies":[{"embeddable":true,"href":"https:\/\/www.clients.horus-informatique71.fr\/advocnar_backup\/wp-json\/wp\/v2\/comments?post=71616"}],"version-history":[{"count":21,"href":"https:\/\/www.clients.horus-informatique71.fr\/advocnar_backup\/wp-json\/wp\/v2\/pages\/71616\/revisions"}],"predecessor-version":[{"id":73685,"href":"https:\/\/www.clients.horus-informatique71.fr\/advocnar_backup\/wp-json\/wp\/v2\/pages\/71616\/revisions\/73685"}],"wp:attachment":[{"href":"https:\/\/www.clients.horus-informatique71.fr\/advocnar_backup\/wp-json\/wp\/v2\/media?parent=71616"}],"curies":[{"name":"wp","href":"https:\/\/api.w.org\/{rel}","templated":true}]}}