{"id":71618,"date":"2016-04-27T13:20:48","date_gmt":"2016-04-27T12:20:48","guid":{"rendered":"https:\/\/www.clients.horus-informatique71.fr\/advocnar_backup\/?page_id=71618"},"modified":"2021-04-17T11:08:05","modified_gmt":"2021-04-17T09:08:05","slug":"indemnisation","status":"publish","type":"page","link":"https:\/\/www.clients.horus-informatique71.fr\/advocnar_backup\/indemnisation\/","title":{"rendered":"Indemnisation des riverains"},"content":{"rendered":"\n<h2 class=\"has-text-align-center wp-block-heading\">Aide financi\u00e8re \u00e0 l&rsquo;insonorisation<br>Riverains des a\u00e9rodromes Paris-Orly et Paris-Charles de Gaulle\u00a0<br>Particuliers &#8211; Petit collectif<\/h2>\n\n\n\n<p>Depuis le 1er janvier 2004, A\u00e9roports de Paris g\u00e8re le dispositif d&rsquo;aide \u00e0 l&rsquo;insonorisation des logements situ\u00e9s dans le PGS (Plan de G\u00eane Sonore), conform\u00e9ment aux dispositions de la Loi de finances rectificative 2003.<br>Le financement des indemnisations des riverains est assur\u00e9 par la taxe sur les nuisances sonores a\u00e9riennes (TNSA) qui est per\u00e7ue aupr\u00e8s des transporteurs a\u00e9riens.<\/p>\n\n\n\n<h5 class=\"wp-block-heading\">Vous avez droit \u00e0 une aide pour insonoriser votre logement si ce dernier remplit les 2 conditions suivantes :<\/h5>\n\n\n\n<p>1. Le logement doit \u00eatre situ\u00e9 dans l\u2019une des communes du PGS cit\u00e9es ci-dessous mais attention, certaines communes ne sont que partiellement dans le PGS .<\/p>\n\n\n\n<p>V\u00e9rifiez si votre logement est situ\u00e9 dans le PGS sur <a href=\"https:\/\/www.aideinsono.fr\">www.aideinsono.fr<\/a><\/p>\n\n\n\n<p>2. Le logement doit \u00eatre situ\u00e9 \u00e0 l&rsquo;ext\u00e9rieur du Plan d&rsquo;exposition au bruit (PEB) en vigueur \u00e0 la date de d\u00e9livrance du permis de construire : pour Roissy : 07\/03\/1977 ou 09\/06\/1989 ou 07\/03\/2002 ( prorog\u00e9 jusqu&rsquo;au 07\/03\/2004) suivant les cas.<\/p>\n\n\n\n<h5 class=\"wp-block-heading\">Renseignez-vous aupr\u00e8s d&rsquo;ADP au num\u00e9ro vert (gratuit)<\/h5>\n\n\n\n<h3 class=\"has-text-align-center wp-block-heading\"><span style=\"color: #00ff00;\">0805 38 36 88<\/span><\/h3>\n\n\n\n<p>Retrouvez des informations d\u00e9taill\u00e9es sur le site d&rsquo;ADP et t\u00e9l\u00e9chargez votre dossier de demande d&rsquo;aide:&nbsp; <a href=\"http:\/\/www.entrevoisins.org\/riverains\/aide_insonorisation\/default.aspx\">www.entrevoisins.org<\/a><\/p>\n\n\n\n<hr class=\"wp-block-separator\"\/>\n\n\n\n<p><strong>Les 34 communes du Val-d&rsquo;Oise int\u00e9gr\u00e9es au PGS de Roissy-CDG<\/strong><\/p>\n\n\n\n<figure class=\"wp-block-table\"><table><tbody><tr><td>Andilly<br>Arnouville-les-Gonesse<br>Attainville<br>Belloy-en-France<br>Bonneuil-en-France<br>Bouqueval<br>Chennevi\u00e8re-les-Louvres<br>Deuil-la-Barre<br>Domont<br>Ecouen<br>Enghien-les-Bains<br>Epiais-les-Louvres<br>Ezanville<br>Fontenay-en-Parisis<br>Garges-les-Gonesse<br>Gonesse<br>Goussainville<\/td><td>Groslay<br>Le Thillay<br>Louvres<br>Mesnil-Aubry<br>Montmagny<br>Montmorency<br>Piscop<br>Plessis-Gassot (le)<br>Roissy-en-France<br>Saint-Brice-sous-For\u00eat<br>Sarcelles<br>Soisy-sous-Montmorency<br>Vauderland<br>V\u00e9mars<br>Villaines-sous-Bois<br>Villiers-le-Bel<br>Villiers-le-Sec<\/td><\/tr><\/tbody><\/table><\/figure>\n\n\n\n<p><strong>Les 28 communes de Seine-et-Marne int\u00e9gr\u00e9es au PGS de Roissy-CDG<\/strong><\/p>\n\n\n\n<figure class=\"wp-block-table\"><table><tbody><tr><td>Barcy<br>Chambry<br>Charny<br>Chauconin-Neufmontiers<br>Compans<br>Cuisy<br>Dammartin-en-Go\u00eble<br>Iverny<br>Juilly<br>Longperrier<br>Marchemoret<br>Mauregard<br>Le-Mesnil-Amelot<br>Mitry-Mory<\/td><td>Montg\u00e9-en-Go\u00eble<br>Monthyon<br>Moussy-Le-Vieux<br>Nantouillet<br>Penchard<br>Le-Plessis-aux-Bois<br>Le-Plessis-l&rsquo;Ev\u00eaque<br>Saint-Mard<br>Saint-Mesmes<br>Saint-Soupplets<br>Thieux<br>Villeneuve-sous-Dammartin<br>Villeroy<br>Vinantes<\/td><\/tr><\/tbody><\/table><\/figure>\n\n\n\n<p><strong>Les 2 communes de Seine-Saint-Denis int\u00e9gr\u00e9es au PGS de Roissy-CDG<\/strong><\/p>\n\n\n\n<p>Pierrefitte-sur-Seine<br>Tremblay-en-France<\/p>\n\n\n\n<p class=\"has-vivid-green-cyan-color has-text-color\">L&rsquo;ADVOCNAR insiste sur l&rsquo;importance \u00e0 faire appel \u00e0 une assistance \u00e0 ma\u00eetrise d&rsquo;ouvrage (AMO) pour r\u00e9aliser les travaux d&rsquo;isolation phonique \u00e0 l&rsquo;int\u00e9rieur des b\u00e2timents.<\/p>\n\n\n\n<p><span style=\"color: #000000;\">La ma\u00eetrise d&rsquo;ouvrage est responsable des choix techniques.<br><\/span><span style=\"color: #000000;\">ADP vous proposera une liste d&rsquo;acousticiens, libre-\u00e0-vous de le choisir dans cette liste ou d&rsquo;en trouver un autre. V\u00e9rifiez alors par vous-m\u00eame la qualification de cette entreprise pour ce travail.<\/span><br><span style=\"color: #000000;\"> A titre d&rsquo;information vous pouvez consulter le site : http:\/\/<a style=\"color: #000000;\" href=\"http:\/\/www.opqibi.com\/\">www.opqibi.com<\/a>\/<\/span><br><span style=\"color: #000000;\">Important \u00e9galement: pensez \u00e0 n\u00e9gocier les d\u00e9lais de paiement avec les entreprises afin de r\u00e9duire vos avances financi\u00e8res.<\/span><\/p>\n\n\n\n<hr class=\"wp-block-separator\"\/>\n\n\n\n<h4 class=\"wp-block-heading\">14 juin 2014: l&rsquo;aide \u00e0 l&rsquo;insonorisation en danger !<\/h4>\n\n\n\n<p><a href=\"https:\/\/www.clients.horus-informatique71.fr\/advocnar_backup\/wp-content\/uploads\/2016\/04\/2014-06-14-Laide-a-linsonorisation-en-danger.pdf\" rel=\"\">Le point sur la situation<\/a><\/p>\n\n\n\n<hr class=\"wp-block-separator\"\/>\n\n\n\n<h4 class=\"wp-block-heading\">3 mars 2014 :<\/h4>\n\n\n\n<p>le taux de 100%* de l&rsquo;aide financi\u00e8re pour insonoriser les logements est prolong\u00e9e jusqu&rsquo;au 31 d\u00e9cembre 2014.<br><a href=\"https:\/\/www.clients.horus-informatique71.fr\/advocnar_backup\/wp-content\/uploads\/2016\/04\/Decret_n_2014-287_du_3_mars_2014_version_initiale-prolongation-cent-pour-cent.pdf\" rel=\"\">Lire le d\u00e9cret<\/a> n\u00b0 2014-287 du 3 mars 2014 relatif \u00e0 l&rsquo;aide \u00e0 l&rsquo;insonorisation des logements des riverains des a\u00e9rodromes mentionn\u00e9s au I de l&rsquo;article 1609 quatervicies A du code g\u00e9n\u00e9ral des imp\u00f4ts<\/p>\n\n\n\n<p>* Dans la limite d&rsquo;un montant plafond<\/p>\n\n\n\n<hr class=\"wp-block-separator\"\/>\n\n\n\n<h4 class=\"wp-block-heading\">23 d\u00e9cembre 2011: l&rsquo;aide financi\u00e8re pour insonoriser les logements est port\u00e9e \u00e0 100% *<\/h4>\n\n\n\n<p><a href=\"https:\/\/www.clients.horus-informatique71.fr\/advocnar_backup\/wp-content\/uploads\/2016\/04\/Decret_n2011-1948_du_23_decembre_2011_version_initiale-1.pdf\" rel=\"\">Lire le d\u00e9cret<\/a> n\u00b0 2011-1948 du 23 d\u00e9cembre 2011 relatif \u00e0 l\u2019aide \u00e0 l\u2019insonorisation des logements des riverains des a\u00e9rodromes mentionn\u00e9s au I de l\u2019article 1609 quatervicies A du code g\u00e9n\u00e9ral des imp\u00f4ts<\/p>\n\n\n\n<p><a href=\"https:\/\/www.clients.horus-informatique71.fr\/advocnar_backup\/wp-content\/uploads\/2016\/04\/2012-02-00-Brochure-dinformation-et-demarche-fevrier-2012.pdf\" rel=\"\">Aide financi\u00e8re \u00e0 l&rsquo;insonorisation: brochure d&rsquo;information ADP (f\u00e9vrier 2012)<\/a><\/p>\n\n\n\n<hr class=\"wp-block-separator\"\/>\n","protected":false},"excerpt":{"rendered":"<p>Aide financi\u00e8re \u00e0 l&rsquo;insonorisationRiverains des a\u00e9rodromes Paris-Orly et Paris-Charles de Gaulle\u00a0Particuliers &#8211; Petit collectif Depuis le 1er janvier 2004, A\u00e9roports de Paris g\u00e8re le dispositif d&rsquo;aide \u00e0 l&rsquo;insonorisation des logements situ\u00e9s dans le PGS (Plan de G\u00eane Sonore), conform\u00e9ment aux dispositions de la Loi de finances rectificative 2003.Le financement des indemnisations des riverains est assur\u00e9 [&hellip;]<\/p>\n","protected":false},"author":18,"featured_media":0,"parent":0,"menu_order":0,"comment_status":"closed","ping_status":"closed","template":"","meta":{"footnotes":""},"yoast_head":"<!-- This site is optimized with the Yoast SEO plugin v22.0 - https:\/\/yoast.com\/wordpress\/plugins\/seo\/ -->\n<title>Indemnisation des riverains - Advocnar<\/title>\n<meta name=\"robots\" content=\"index, follow, max-snippet:-1, max-image-preview:large, max-video-preview:-1\" \/>\n<link rel=\"canonical\" href=\"https:\/\/www.clients.horus-informatique71.fr\/advocnar_backup\/indemnisation\/\" \/>\n<meta property=\"og:locale\" content=\"fr_FR\" \/>\n<meta property=\"og:type\" content=\"article\" \/>\n<meta property=\"og:title\" content=\"Indemnisation des riverains - Advocnar\" \/>\n<meta property=\"og:description\" content=\"Aide financi\u00e8re \u00e0 l&rsquo;insonorisationRiverains des a\u00e9rodromes Paris-Orly et Paris-Charles de Gaulle\u00a0Particuliers &#8211; Petit collectif Depuis le 1er janvier 2004, A\u00e9roports de Paris g\u00e8re le dispositif d&rsquo;aide \u00e0 l&rsquo;insonorisation des logements situ\u00e9s dans le PGS (Plan de G\u00eane Sonore), conform\u00e9ment aux dispositions de la Loi de finances rectificative 2003.Le financement des indemnisations des riverains est assur\u00e9 [&hellip;]\" \/>\n<meta property=\"og:url\" content=\"https:\/\/www.clients.horus-informatique71.fr\/advocnar_backup\/indemnisation\/\" \/>\n<meta property=\"og:site_name\" content=\"Advocnar\" \/>\n<meta property=\"article:modified_time\" content=\"2021-04-17T09:08:05+00:00\" \/>\n<meta name=\"twitter:card\" content=\"summary_large_image\" \/>\n<meta name=\"twitter:label1\" content=\"Dur\u00e9e de lecture estim\u00e9e\" \/>\n\t<meta name=\"twitter:data1\" content=\"3 minutes\" \/>\n<script type=\"application\/ld+json\" class=\"yoast-schema-graph\">{\"@context\":\"https:\/\/schema.org\",\"@graph\":[{\"@type\":\"WebPage\",\"@id\":\"https:\/\/www.clients.horus-informatique71.fr\/advocnar_backup\/indemnisation\/\",\"url\":\"https:\/\/www.clients.horus-informatique71.fr\/advocnar_backup\/indemnisation\/\",\"name\":\"Indemnisation des riverains - Advocnar\",\"isPartOf\":{\"@id\":\"https:\/\/www.clients.horus-informatique71.fr\/advocnar_backup\/#website\"},\"datePublished\":\"2016-04-27T12:20:48+00:00\",\"dateModified\":\"2021-04-17T09:08:05+00:00\",\"breadcrumb\":{\"@id\":\"https:\/\/www.clients.horus-informatique71.fr\/advocnar_backup\/indemnisation\/#breadcrumb\"},\"inLanguage\":\"fr-FR\",\"potentialAction\":[{\"@type\":\"ReadAction\",\"target\":[\"https:\/\/www.clients.horus-informatique71.fr\/advocnar_backup\/indemnisation\/\"]}]},{\"@type\":\"BreadcrumbList\",\"@id\":\"https:\/\/www.clients.horus-informatique71.fr\/advocnar_backup\/indemnisation\/#breadcrumb\",\"itemListElement\":[{\"@type\":\"ListItem\",\"position\":1,\"name\":\"Accueil\",\"item\":\"https:\/\/www.clients.horus-informatique71.fr\/advocnar_backup\/\"},{\"@type\":\"ListItem\",\"position\":2,\"name\":\"Indemnisation des riverains\"}]},{\"@type\":\"WebSite\",\"@id\":\"https:\/\/www.clients.horus-informatique71.fr\/advocnar_backup\/#website\",\"url\":\"https:\/\/www.clients.horus-informatique71.fr\/advocnar_backup\/\",\"name\":\"Advocnar\",\"description\":\"Association de D\u00e9fense Contre les Nuisances A\u00e9riennes\",\"potentialAction\":[{\"@type\":\"SearchAction\",\"target\":{\"@type\":\"EntryPoint\",\"urlTemplate\":\"https:\/\/www.clients.horus-informatique71.fr\/advocnar_backup\/?s={search_term_string}\"},\"query-input\":\"required name=search_term_string\"}],\"inLanguage\":\"fr-FR\"}]}<\/script>\n<!-- \/ Yoast SEO plugin. -->","yoast_head_json":{"title":"Indemnisation des riverains - Advocnar","robots":{"index":"index","follow":"follow","max-snippet":"max-snippet:-1","max-image-preview":"max-image-preview:large","max-video-preview":"max-video-preview:-1"},"canonical":"https:\/\/www.clients.horus-informatique71.fr\/advocnar_backup\/indemnisation\/","og_locale":"fr_FR","og_type":"article","og_title":"Indemnisation des riverains - Advocnar","og_description":"Aide financi\u00e8re \u00e0 l&rsquo;insonorisationRiverains des a\u00e9rodromes Paris-Orly et Paris-Charles de Gaulle\u00a0Particuliers &#8211; Petit collectif Depuis le 1er janvier 2004, A\u00e9roports de Paris g\u00e8re le dispositif d&rsquo;aide \u00e0 l&rsquo;insonorisation des logements situ\u00e9s dans le PGS (Plan de G\u00eane Sonore), conform\u00e9ment aux dispositions de la Loi de finances rectificative 2003.Le financement des indemnisations des riverains est assur\u00e9 [&hellip;]","og_url":"https:\/\/www.clients.horus-informatique71.fr\/advocnar_backup\/indemnisation\/","og_site_name":"Advocnar","article_modified_time":"2021-04-17T09:08:05+00:00","twitter_card":"summary_large_image","twitter_misc":{"Dur\u00e9e de lecture estim\u00e9e":"3 minutes"},"schema":{"@context":"https:\/\/schema.org","@graph":[{"@type":"WebPage","@id":"https:\/\/www.clients.horus-informatique71.fr\/advocnar_backup\/indemnisation\/","url":"https:\/\/www.clients.horus-informatique71.fr\/advocnar_backup\/indemnisation\/","name":"Indemnisation des riverains - Advocnar","isPartOf":{"@id":"https:\/\/www.clients.horus-informatique71.fr\/advocnar_backup\/#website"},"datePublished":"2016-04-27T12:20:48+00:00","dateModified":"2021-04-17T09:08:05+00:00","breadcrumb":{"@id":"https:\/\/www.clients.horus-informatique71.fr\/advocnar_backup\/indemnisation\/#breadcrumb"},"inLanguage":"fr-FR","potentialAction":[{"@type":"ReadAction","target":["https:\/\/www.clients.horus-informatique71.fr\/advocnar_backup\/indemnisation\/"]}]},{"@type":"BreadcrumbList","@id":"https:\/\/www.clients.horus-informatique71.fr\/advocnar_backup\/indemnisation\/#breadcrumb","itemListElement":[{"@type":"ListItem","position":1,"name":"Accueil","item":"https:\/\/www.clients.horus-informatique71.fr\/advocnar_backup\/"},{"@type":"ListItem","position":2,"name":"Indemnisation des riverains"}]},{"@type":"WebSite","@id":"https:\/\/www.clients.horus-informatique71.fr\/advocnar_backup\/#website","url":"https:\/\/www.clients.horus-informatique71.fr\/advocnar_backup\/","name":"Advocnar","description":"Association de D\u00e9fense Contre les Nuisances A\u00e9riennes","potentialAction":[{"@type":"SearchAction","target":{"@type":"EntryPoint","urlTemplate":"https:\/\/www.clients.horus-informatique71.fr\/advocnar_backup\/?s={search_term_string}"},"query-input":"required name=search_term_string"}],"inLanguage":"fr-FR"}]}},"_links":{"self":[{"href":"https:\/\/www.clients.horus-informatique71.fr\/advocnar_backup\/wp-json\/wp\/v2\/pages\/71618"}],"collection":[{"href":"https:\/\/www.clients.horus-informatique71.fr\/advocnar_backup\/wp-json\/wp\/v2\/pages"}],"about":[{"href":"https:\/\/www.clients.horus-informatique71.fr\/advocnar_backup\/wp-json\/wp\/v2\/types\/page"}],"author":[{"embeddable":true,"href":"https:\/\/www.clients.horus-informatique71.fr\/advocnar_backup\/wp-json\/wp\/v2\/users\/18"}],"replies":[{"embeddable":true,"href":"https:\/\/www.clients.horus-informatique71.fr\/advocnar_backup\/wp-json\/wp\/v2\/comments?post=71618"}],"version-history":[{"count":30,"href":"https:\/\/www.clients.horus-informatique71.fr\/advocnar_backup\/wp-json\/wp\/v2\/pages\/71618\/revisions"}],"predecessor-version":[{"id":76895,"href":"https:\/\/www.clients.horus-informatique71.fr\/advocnar_backup\/wp-json\/wp\/v2\/pages\/71618\/revisions\/76895"}],"wp:attachment":[{"href":"https:\/\/www.clients.horus-informatique71.fr\/advocnar_backup\/wp-json\/wp\/v2\/media?parent=71618"}],"curies":[{"name":"wp","href":"https:\/\/api.w.org\/{rel}","templated":true}]}}