{"id":71624,"date":"2016-04-27T13:21:42","date_gmt":"2016-04-27T12:21:42","guid":{"rendered":"https:\/\/www.clients.horus-informatique71.fr\/advocnar_backup\/?page_id=71624"},"modified":"2016-05-23T16:52:47","modified_gmt":"2016-05-23T15:52:47","slug":"autres-instances-idef","status":"publish","type":"page","link":"https:\/\/www.clients.horus-informatique71.fr\/advocnar_backup\/les-instances\/autres-instances-idef\/","title":{"rendered":"Autres instances IdeF"},"content":{"rendered":"<h3>Autres instances IdeF<\/h3>\n<h4>Commission Consultative d&rsquo;Aide aux Riverains (CCAR)<\/h4>\n<p>La CCAR est compos\u00e9e de trois coll\u00e8ges repr\u00e9sentant les professions a\u00e9ronautiques, les collectivit\u00e9s locales et les associations. En relations avec l\u2019Agence de l\u2019Environnement et de la Ma\u00eetrise de l\u2019Energie (ADEME), elle donne un avis consultatif au cours de la phase d\u2019approbation du plan de g\u00eane sonore (PGS), attribue les aides \u00e0 l\u2019insonorisation destin\u00e9es aux riverains habitant dans le PGS et valide un programme pluriannuel d\u2019affectation des cr\u00e9dits budg\u00e9taires.<\/p>\n<p>Lors de ses r\u00e9unions, des points techniques lui sont soumis en vue d&rsquo;un traitement homog\u00e8ne des riverains<\/p>\n<h3><\/h3>\n<hr \/>\n<h3>Commission Consultative de l&rsquo;Environnement (CCE)<\/h3>\n<p>Cette commission est consult\u00e9e sur toute question d\u2019importance relative aux incidences de l\u2019exploitation sur les zones affect\u00e9es par les nuisances de bruit.<\/p>\n<p>Elle est constitu\u00e9e de repr\u00e9sentants des professions a\u00e9ronautiques, de repr\u00e9sentants des collectivit\u00e9s locale et de repr\u00e9sentants d\u2019associations de riverains d\u2019a\u00e9roport et d\u2019associations de protection de l\u2019environnement concern\u00e9es par l\u2019environnement a\u00e9roportuaire d\u00e9sign\u00e9s par le pr\u00e9fet.<\/p>\n<h3><\/h3>\n<hr \/>\n<h3>Bruitparif<\/h3>\n<p>Le Conseil R\u00e9gional a initi\u00e9 la cr\u00e9ation de l\u2019observatoire du bruit en Ile-de-France dans le but de disposer d\u2019un outil d\u2019\u00e9valuation globale du bruit \u00e0 l\u2019\u00e9chelle r\u00e9gionale appel\u00e9 \u00ab Bruitparif \u00bb (\u00e0 l\u2019image d\u2019Airparif pour la surveillance de la qualit\u00e9 de l\u2019air).<\/p>\n<p><a href=\"http:\/\/www.bruitparif.fr\/\">En savoir plus : le site de Bruitparif.<\/a><\/p>\n<hr \/>\n<h3>Airparif<\/h3>\n<p>Cet organisme est charg\u00e9 de surveiller la qualit\u00e9 de l&rsquo;air.<\/p>\n<p><a href=\"http:\/\/www.airparif.asso.fr\/\">En savoir plus : le site d&rsquo;Airparif.<\/a><\/p>\n<hr \/>\n<p>&nbsp;<\/p>\n<p><a href=\"http:\/\/www.parisaeroport.fr\/\">Paris A\u00e9roports<\/a><\/p>\n<p>Cet organisme g\u00e8re les a\u00e9roports de Roissy-CDG, d&rsquo;Orly et du Bourget, dix a\u00e9rodromes et l&rsquo;h\u00e9liport d&rsquo;Issy-les-Moulineaux.<\/p>\n<p>&nbsp;<\/p>\n","protected":false},"excerpt":{"rendered":"<p>Autres instances IdeF Commission Consultative d&rsquo;Aide aux Riverains (CCAR) La CCAR est compos\u00e9e de trois coll\u00e8ges repr\u00e9sentant les professions a\u00e9ronautiques, les collectivit\u00e9s locales et les associations. En relations avec l\u2019Agence de l\u2019Environnement et de la Ma\u00eetrise de l\u2019Energie (ADEME), elle donne un avis consultatif au cours de la phase d\u2019approbation du plan de g\u00eane sonore [&hellip;]<\/p>\n","protected":false},"author":18,"featured_media":0,"parent":71620,"menu_order":0,"comment_status":"closed","ping_status":"closed","template":"","meta":{"footnotes":""},"yoast_head":"<!-- This site is optimized with the Yoast SEO plugin v22.0 - https:\/\/yoast.com\/wordpress\/plugins\/seo\/ -->\n<title>Autres instances IdeF - Advocnar<\/title>\n<meta name=\"robots\" content=\"index, follow, max-snippet:-1, max-image-preview:large, max-video-preview:-1\" \/>\n<link rel=\"canonical\" href=\"https:\/\/www.clients.horus-informatique71.fr\/advocnar_backup\/les-instances\/autres-instances-idef\/\" \/>\n<meta property=\"og:locale\" content=\"fr_FR\" \/>\n<meta property=\"og:type\" content=\"article\" \/>\n<meta property=\"og:title\" content=\"Autres instances IdeF - Advocnar\" \/>\n<meta property=\"og:description\" content=\"Autres instances IdeF Commission Consultative d&rsquo;Aide aux Riverains (CCAR) La CCAR est compos\u00e9e de trois coll\u00e8ges repr\u00e9sentant les professions a\u00e9ronautiques, les collectivit\u00e9s locales et les associations. En relations avec l\u2019Agence de l\u2019Environnement et de la Ma\u00eetrise de l\u2019Energie (ADEME), elle donne un avis consultatif au cours de la phase d\u2019approbation du plan de g\u00eane sonore [&hellip;]\" \/>\n<meta property=\"og:url\" content=\"https:\/\/www.clients.horus-informatique71.fr\/advocnar_backup\/les-instances\/autres-instances-idef\/\" \/>\n<meta property=\"og:site_name\" content=\"Advocnar\" \/>\n<meta property=\"article:modified_time\" content=\"2016-05-23T15:52:47+00:00\" \/>\n<meta name=\"twitter:card\" content=\"summary_large_image\" \/>\n<meta name=\"twitter:label1\" content=\"Dur\u00e9e de lecture estim\u00e9e\" \/>\n\t<meta name=\"twitter:data1\" content=\"1 minute\" \/>\n<script type=\"application\/ld+json\" class=\"yoast-schema-graph\">{\"@context\":\"https:\/\/schema.org\",\"@graph\":[{\"@type\":\"WebPage\",\"@id\":\"https:\/\/www.clients.horus-informatique71.fr\/advocnar_backup\/les-instances\/autres-instances-idef\/\",\"url\":\"https:\/\/www.clients.horus-informatique71.fr\/advocnar_backup\/les-instances\/autres-instances-idef\/\",\"name\":\"Autres instances IdeF - Advocnar\",\"isPartOf\":{\"@id\":\"https:\/\/www.clients.horus-informatique71.fr\/advocnar_backup\/#website\"},\"datePublished\":\"2016-04-27T12:21:42+00:00\",\"dateModified\":\"2016-05-23T15:52:47+00:00\",\"breadcrumb\":{\"@id\":\"https:\/\/www.clients.horus-informatique71.fr\/advocnar_backup\/les-instances\/autres-instances-idef\/#breadcrumb\"},\"inLanguage\":\"fr-FR\",\"potentialAction\":[{\"@type\":\"ReadAction\",\"target\":[\"https:\/\/www.clients.horus-informatique71.fr\/advocnar_backup\/les-instances\/autres-instances-idef\/\"]}]},{\"@type\":\"BreadcrumbList\",\"@id\":\"https:\/\/www.clients.horus-informatique71.fr\/advocnar_backup\/les-instances\/autres-instances-idef\/#breadcrumb\",\"itemListElement\":[{\"@type\":\"ListItem\",\"position\":1,\"name\":\"Accueil\",\"item\":\"https:\/\/www.clients.horus-informatique71.fr\/advocnar_backup\/\"},{\"@type\":\"ListItem\",\"position\":2,\"name\":\"Les Instances\",\"item\":\"https:\/\/www.clients.horus-informatique71.fr\/advocnar_backup\/les-instances\/\"},{\"@type\":\"ListItem\",\"position\":3,\"name\":\"Autres instances IdeF\"}]},{\"@type\":\"WebSite\",\"@id\":\"https:\/\/www.clients.horus-informatique71.fr\/advocnar_backup\/#website\",\"url\":\"https:\/\/www.clients.horus-informatique71.fr\/advocnar_backup\/\",\"name\":\"Advocnar\",\"description\":\"Association de D\u00e9fense Contre les Nuisances A\u00e9riennes\",\"potentialAction\":[{\"@type\":\"SearchAction\",\"target\":{\"@type\":\"EntryPoint\",\"urlTemplate\":\"https:\/\/www.clients.horus-informatique71.fr\/advocnar_backup\/?s={search_term_string}\"},\"query-input\":\"required name=search_term_string\"}],\"inLanguage\":\"fr-FR\"}]}<\/script>\n<!-- \/ Yoast SEO plugin. -->","yoast_head_json":{"title":"Autres instances IdeF - Advocnar","robots":{"index":"index","follow":"follow","max-snippet":"max-snippet:-1","max-image-preview":"max-image-preview:large","max-video-preview":"max-video-preview:-1"},"canonical":"https:\/\/www.clients.horus-informatique71.fr\/advocnar_backup\/les-instances\/autres-instances-idef\/","og_locale":"fr_FR","og_type":"article","og_title":"Autres instances IdeF - Advocnar","og_description":"Autres instances IdeF Commission Consultative d&rsquo;Aide aux Riverains (CCAR) La CCAR est compos\u00e9e de trois coll\u00e8ges repr\u00e9sentant les professions a\u00e9ronautiques, les collectivit\u00e9s locales et les associations. En relations avec l\u2019Agence de l\u2019Environnement et de la Ma\u00eetrise de l\u2019Energie (ADEME), elle donne un avis consultatif au cours de la phase d\u2019approbation du plan de g\u00eane sonore [&hellip;]","og_url":"https:\/\/www.clients.horus-informatique71.fr\/advocnar_backup\/les-instances\/autres-instances-idef\/","og_site_name":"Advocnar","article_modified_time":"2016-05-23T15:52:47+00:00","twitter_card":"summary_large_image","twitter_misc":{"Dur\u00e9e de lecture estim\u00e9e":"1 minute"},"schema":{"@context":"https:\/\/schema.org","@graph":[{"@type":"WebPage","@id":"https:\/\/www.clients.horus-informatique71.fr\/advocnar_backup\/les-instances\/autres-instances-idef\/","url":"https:\/\/www.clients.horus-informatique71.fr\/advocnar_backup\/les-instances\/autres-instances-idef\/","name":"Autres instances IdeF - Advocnar","isPartOf":{"@id":"https:\/\/www.clients.horus-informatique71.fr\/advocnar_backup\/#website"},"datePublished":"2016-04-27T12:21:42+00:00","dateModified":"2016-05-23T15:52:47+00:00","breadcrumb":{"@id":"https:\/\/www.clients.horus-informatique71.fr\/advocnar_backup\/les-instances\/autres-instances-idef\/#breadcrumb"},"inLanguage":"fr-FR","potentialAction":[{"@type":"ReadAction","target":["https:\/\/www.clients.horus-informatique71.fr\/advocnar_backup\/les-instances\/autres-instances-idef\/"]}]},{"@type":"BreadcrumbList","@id":"https:\/\/www.clients.horus-informatique71.fr\/advocnar_backup\/les-instances\/autres-instances-idef\/#breadcrumb","itemListElement":[{"@type":"ListItem","position":1,"name":"Accueil","item":"https:\/\/www.clients.horus-informatique71.fr\/advocnar_backup\/"},{"@type":"ListItem","position":2,"name":"Les Instances","item":"https:\/\/www.clients.horus-informatique71.fr\/advocnar_backup\/les-instances\/"},{"@type":"ListItem","position":3,"name":"Autres instances IdeF"}]},{"@type":"WebSite","@id":"https:\/\/www.clients.horus-informatique71.fr\/advocnar_backup\/#website","url":"https:\/\/www.clients.horus-informatique71.fr\/advocnar_backup\/","name":"Advocnar","description":"Association de D\u00e9fense Contre les Nuisances A\u00e9riennes","potentialAction":[{"@type":"SearchAction","target":{"@type":"EntryPoint","urlTemplate":"https:\/\/www.clients.horus-informatique71.fr\/advocnar_backup\/?s={search_term_string}"},"query-input":"required name=search_term_string"}],"inLanguage":"fr-FR"}]}},"_links":{"self":[{"href":"https:\/\/www.clients.horus-informatique71.fr\/advocnar_backup\/wp-json\/wp\/v2\/pages\/71624"}],"collection":[{"href":"https:\/\/www.clients.horus-informatique71.fr\/advocnar_backup\/wp-json\/wp\/v2\/pages"}],"about":[{"href":"https:\/\/www.clients.horus-informatique71.fr\/advocnar_backup\/wp-json\/wp\/v2\/types\/page"}],"author":[{"embeddable":true,"href":"https:\/\/www.clients.horus-informatique71.fr\/advocnar_backup\/wp-json\/wp\/v2\/users\/18"}],"replies":[{"embeddable":true,"href":"https:\/\/www.clients.horus-informatique71.fr\/advocnar_backup\/wp-json\/wp\/v2\/comments?post=71624"}],"version-history":[{"count":1,"href":"https:\/\/www.clients.horus-informatique71.fr\/advocnar_backup\/wp-json\/wp\/v2\/pages\/71624\/revisions"}],"predecessor-version":[{"id":71625,"href":"https:\/\/www.clients.horus-informatique71.fr\/advocnar_backup\/wp-json\/wp\/v2\/pages\/71624\/revisions\/71625"}],"up":[{"embeddable":true,"href":"https:\/\/www.clients.horus-informatique71.fr\/advocnar_backup\/wp-json\/wp\/v2\/pages\/71620"}],"wp:attachment":[{"href":"https:\/\/www.clients.horus-informatique71.fr\/advocnar_backup\/wp-json\/wp\/v2\/media?parent=71624"}],"curies":[{"name":"wp","href":"https:\/\/api.w.org\/{rel}","templated":true}]}}