{"id":74526,"date":"2018-10-10T11:34:53","date_gmt":"2018-10-10T09:34:53","guid":{"rendered":"https:\/\/www.clients.horus-informatique71.fr\/advocnar_backup\/?page_id=74526"},"modified":"2018-10-10T12:20:55","modified_gmt":"2018-10-10T10:20:55","slug":"conditions-dutilisation","status":"publish","type":"page","link":"https:\/\/www.clients.horus-informatique71.fr\/advocnar_backup\/conditions-dutilisation\/","title":{"rendered":"Conditions d&rsquo;utilisation"},"content":{"rendered":"<h4 style=\"text-align: center;\">Conditions d&rsquo;utilisation de vos donn\u00e9es personnelles par ADVOCNAR<\/h4>\n<p>&nbsp;<\/p>\n<p>Les informations recueillies sur ce formulaire sont enregistr\u00e9es dans un fichier informatis\u00e9 par\u00a0l\u2019association ADVOCNAR, exclusivement pour\u00a0 vous informer des activit\u00e9s de l\u2019association ADVOCNAR et vous contacter pour le renouvellement de votre adh\u00e9sion.<\/p>\n<p>Elles sont conserv\u00e9es pendant une dur\u00e9e illimit\u00e9e sauf demande contraire de votre part et sont destin\u00e9es au Secr\u00e9tariat de l&rsquo;association ADVOCNAR, aux membres du Conseil d&rsquo;Administration de l&rsquo;ADVOCNAR, ainsi qu\u2019aux responsables des antennes de l\u2019ADVOCNAR dans les communes.<\/p>\n<p><strong>Conform\u00e9ment \u00e0 la loi \u00ab informatique et libert\u00e9s \u00bb, vous pouvez exercer votre droit d&rsquo;acc\u00e8s et de portabilit\u00e9 aux donn\u00e9es vous concernant et les faire rectifier en contactant le Secr\u00e9tariat de l&rsquo;association ADVOCNAR\u00a0:<\/strong><\/p>\n<p>Par courrier\u00a0: ADVOCNAR &#8211; BP 10002 &#8211; 95390 SAINT-PRIX<br \/>\nPar t\u00e9l\u00e9phone\u00a0: 01 39 89 91 99<br \/>\nPar mail\u00a0: <a href=\"mailto:contact@advocnar.fr\">contact@advocnar.fr<\/a><\/p>\n","protected":false},"excerpt":{"rendered":"<p>Conditions d&rsquo;utilisation de vos donn\u00e9es personnelles par ADVOCNAR &nbsp; Les informations recueillies sur ce formulaire sont enregistr\u00e9es dans un fichier informatis\u00e9 par\u00a0l\u2019association ADVOCNAR, exclusivement pour\u00a0 vous informer des activit\u00e9s de l\u2019association ADVOCNAR et vous contacter pour le renouvellement de votre adh\u00e9sion. Elles sont conserv\u00e9es pendant une dur\u00e9e illimit\u00e9e sauf demande contraire de votre part et [&hellip;]<\/p>\n","protected":false},"author":18,"featured_media":0,"parent":0,"menu_order":0,"comment_status":"closed","ping_status":"closed","template":"page-full-width.php","meta":{"footnotes":""},"yoast_head":"<!-- This site is optimized with the Yoast SEO plugin v22.0 - https:\/\/yoast.com\/wordpress\/plugins\/seo\/ -->\n<title>Conditions d&#039;utilisation - Advocnar<\/title>\n<meta name=\"robots\" content=\"index, follow, max-snippet:-1, max-image-preview:large, max-video-preview:-1\" \/>\n<link rel=\"canonical\" href=\"https:\/\/www.clients.horus-informatique71.fr\/advocnar_backup\/conditions-dutilisation\/\" \/>\n<meta property=\"og:locale\" content=\"fr_FR\" \/>\n<meta property=\"og:type\" content=\"article\" \/>\n<meta property=\"og:title\" content=\"Conditions d&#039;utilisation - Advocnar\" \/>\n<meta property=\"og:description\" content=\"Conditions d&rsquo;utilisation de vos donn\u00e9es personnelles par ADVOCNAR &nbsp; Les informations recueillies sur ce formulaire sont enregistr\u00e9es dans un fichier informatis\u00e9 par\u00a0l\u2019association ADVOCNAR, exclusivement pour\u00a0 vous informer des activit\u00e9s de l\u2019association ADVOCNAR et vous contacter pour le renouvellement de votre adh\u00e9sion. Elles sont conserv\u00e9es pendant une dur\u00e9e illimit\u00e9e sauf demande contraire de votre part et [&hellip;]\" \/>\n<meta property=\"og:url\" content=\"https:\/\/www.clients.horus-informatique71.fr\/advocnar_backup\/conditions-dutilisation\/\" \/>\n<meta property=\"og:site_name\" content=\"Advocnar\" \/>\n<meta property=\"article:modified_time\" content=\"2018-10-10T10:20:55+00:00\" \/>\n<meta name=\"twitter:card\" content=\"summary_large_image\" \/>\n<meta name=\"twitter:label1\" content=\"Dur\u00e9e de lecture estim\u00e9e\" \/>\n\t<meta name=\"twitter:data1\" content=\"1 minute\" \/>\n<script type=\"application\/ld+json\" class=\"yoast-schema-graph\">{\"@context\":\"https:\/\/schema.org\",\"@graph\":[{\"@type\":\"WebPage\",\"@id\":\"https:\/\/www.clients.horus-informatique71.fr\/advocnar_backup\/conditions-dutilisation\/\",\"url\":\"https:\/\/www.clients.horus-informatique71.fr\/advocnar_backup\/conditions-dutilisation\/\",\"name\":\"Conditions d'utilisation - Advocnar\",\"isPartOf\":{\"@id\":\"https:\/\/www.clients.horus-informatique71.fr\/advocnar_backup\/#website\"},\"datePublished\":\"2018-10-10T09:34:53+00:00\",\"dateModified\":\"2018-10-10T10:20:55+00:00\",\"breadcrumb\":{\"@id\":\"https:\/\/www.clients.horus-informatique71.fr\/advocnar_backup\/conditions-dutilisation\/#breadcrumb\"},\"inLanguage\":\"fr-FR\",\"potentialAction\":[{\"@type\":\"ReadAction\",\"target\":[\"https:\/\/www.clients.horus-informatique71.fr\/advocnar_backup\/conditions-dutilisation\/\"]}]},{\"@type\":\"BreadcrumbList\",\"@id\":\"https:\/\/www.clients.horus-informatique71.fr\/advocnar_backup\/conditions-dutilisation\/#breadcrumb\",\"itemListElement\":[{\"@type\":\"ListItem\",\"position\":1,\"name\":\"Accueil\",\"item\":\"https:\/\/www.clients.horus-informatique71.fr\/advocnar_backup\/\"},{\"@type\":\"ListItem\",\"position\":2,\"name\":\"Conditions d&#8217;utilisation\"}]},{\"@type\":\"WebSite\",\"@id\":\"https:\/\/www.clients.horus-informatique71.fr\/advocnar_backup\/#website\",\"url\":\"https:\/\/www.clients.horus-informatique71.fr\/advocnar_backup\/\",\"name\":\"Advocnar\",\"description\":\"Association de D\u00e9fense Contre les Nuisances A\u00e9riennes\",\"potentialAction\":[{\"@type\":\"SearchAction\",\"target\":{\"@type\":\"EntryPoint\",\"urlTemplate\":\"https:\/\/www.clients.horus-informatique71.fr\/advocnar_backup\/?s={search_term_string}\"},\"query-input\":\"required name=search_term_string\"}],\"inLanguage\":\"fr-FR\"}]}<\/script>\n<!-- \/ Yoast SEO plugin. -->","yoast_head_json":{"title":"Conditions d'utilisation - Advocnar","robots":{"index":"index","follow":"follow","max-snippet":"max-snippet:-1","max-image-preview":"max-image-preview:large","max-video-preview":"max-video-preview:-1"},"canonical":"https:\/\/www.clients.horus-informatique71.fr\/advocnar_backup\/conditions-dutilisation\/","og_locale":"fr_FR","og_type":"article","og_title":"Conditions d'utilisation - Advocnar","og_description":"Conditions d&rsquo;utilisation de vos donn\u00e9es personnelles par ADVOCNAR &nbsp; Les informations recueillies sur ce formulaire sont enregistr\u00e9es dans un fichier informatis\u00e9 par\u00a0l\u2019association ADVOCNAR, exclusivement pour\u00a0 vous informer des activit\u00e9s de l\u2019association ADVOCNAR et vous contacter pour le renouvellement de votre adh\u00e9sion. Elles sont conserv\u00e9es pendant une dur\u00e9e illimit\u00e9e sauf demande contraire de votre part et [&hellip;]","og_url":"https:\/\/www.clients.horus-informatique71.fr\/advocnar_backup\/conditions-dutilisation\/","og_site_name":"Advocnar","article_modified_time":"2018-10-10T10:20:55+00:00","twitter_card":"summary_large_image","twitter_misc":{"Dur\u00e9e de lecture estim\u00e9e":"1 minute"},"schema":{"@context":"https:\/\/schema.org","@graph":[{"@type":"WebPage","@id":"https:\/\/www.clients.horus-informatique71.fr\/advocnar_backup\/conditions-dutilisation\/","url":"https:\/\/www.clients.horus-informatique71.fr\/advocnar_backup\/conditions-dutilisation\/","name":"Conditions d'utilisation - Advocnar","isPartOf":{"@id":"https:\/\/www.clients.horus-informatique71.fr\/advocnar_backup\/#website"},"datePublished":"2018-10-10T09:34:53+00:00","dateModified":"2018-10-10T10:20:55+00:00","breadcrumb":{"@id":"https:\/\/www.clients.horus-informatique71.fr\/advocnar_backup\/conditions-dutilisation\/#breadcrumb"},"inLanguage":"fr-FR","potentialAction":[{"@type":"ReadAction","target":["https:\/\/www.clients.horus-informatique71.fr\/advocnar_backup\/conditions-dutilisation\/"]}]},{"@type":"BreadcrumbList","@id":"https:\/\/www.clients.horus-informatique71.fr\/advocnar_backup\/conditions-dutilisation\/#breadcrumb","itemListElement":[{"@type":"ListItem","position":1,"name":"Accueil","item":"https:\/\/www.clients.horus-informatique71.fr\/advocnar_backup\/"},{"@type":"ListItem","position":2,"name":"Conditions d&#8217;utilisation"}]},{"@type":"WebSite","@id":"https:\/\/www.clients.horus-informatique71.fr\/advocnar_backup\/#website","url":"https:\/\/www.clients.horus-informatique71.fr\/advocnar_backup\/","name":"Advocnar","description":"Association de D\u00e9fense Contre les Nuisances A\u00e9riennes","potentialAction":[{"@type":"SearchAction","target":{"@type":"EntryPoint","urlTemplate":"https:\/\/www.clients.horus-informatique71.fr\/advocnar_backup\/?s={search_term_string}"},"query-input":"required name=search_term_string"}],"inLanguage":"fr-FR"}]}},"_links":{"self":[{"href":"https:\/\/www.clients.horus-informatique71.fr\/advocnar_backup\/wp-json\/wp\/v2\/pages\/74526"}],"collection":[{"href":"https:\/\/www.clients.horus-informatique71.fr\/advocnar_backup\/wp-json\/wp\/v2\/pages"}],"about":[{"href":"https:\/\/www.clients.horus-informatique71.fr\/advocnar_backup\/wp-json\/wp\/v2\/types\/page"}],"author":[{"embeddable":true,"href":"https:\/\/www.clients.horus-informatique71.fr\/advocnar_backup\/wp-json\/wp\/v2\/users\/18"}],"replies":[{"embeddable":true,"href":"https:\/\/www.clients.horus-informatique71.fr\/advocnar_backup\/wp-json\/wp\/v2\/comments?post=74526"}],"version-history":[{"count":5,"href":"https:\/\/www.clients.horus-informatique71.fr\/advocnar_backup\/wp-json\/wp\/v2\/pages\/74526\/revisions"}],"predecessor-version":[{"id":74531,"href":"https:\/\/www.clients.horus-informatique71.fr\/advocnar_backup\/wp-json\/wp\/v2\/pages\/74526\/revisions\/74531"}],"wp:attachment":[{"href":"https:\/\/www.clients.horus-informatique71.fr\/advocnar_backup\/wp-json\/wp\/v2\/media?parent=74526"}],"curies":[{"name":"wp","href":"https:\/\/api.w.org\/{rel}","templated":true}]}}